{"id":757,"date":"2019-03-12T13:52:33","date_gmt":"2019-03-12T13:52:33","guid":{"rendered":"http:\/\/vp.moreo.pl\/en\/?page_id=757"},"modified":"2019-05-16T18:44:41","modified_gmt":"2019-05-16T18:44:41","slug":"die-chocholow-thermen","status":"publish","type":"page","link":"https:\/\/kraktours.com\/pl\/die-chocholow-thermen\/","title":{"rendered":"Therme Chocho\u0142ow"},"content":{"rendered":"<p>[et_pb_section bb_built=&#8221;1&#8243; admin_label=&#8221;Hero&#8221; fullwidth=&#8221;on&#8221; next_background_color=&#8221;#ffffff&#8221; _builder_version=&#8221;3.19.18&#8243; background_color=&#8221;#233b4e&#8221; parallax=&#8221;on&#8221; custom_padding=&#8221;0px|0px|0px|0px&#8221;][et_pb_fullwidth_header admin_label=&#8221;Hero Section&#8221; title=&#8221;Therme Chocho\u0142ow &#8221; button_one_text=&#8221;Termin buchen&#8221; button_one_url=&#8221;https:\/\/kraktours.com\/de\/buchung\/&#8221; background_overlay_color=&#8221;rgba(29,38,51,0.86)&#8221; content_max_width=&#8221;700px&#8221; _builder_version=&#8221;3.19.18&#8243; title_font=&#8221;Oswald|on||on|&#8221; title_font_size=&#8221;48px&#8221; title_line_height=&#8221;1.3em&#8221; content_font=&#8221;Roboto||||&#8221; content_font_size=&#8221;20px&#8221; content_line_height=&#8221;1.7em&#8221; background_color=&#8221;rgba(255,255,255,0)&#8221; background_image=&#8221;https:\/\/kraktours.com\/wp-content\/uploads\/2019\/03\/c700x420.jpg&#8221; parallax=&#8221;on&#8221; parallax_method=&#8221;on&#8221; custom_button_one=&#8221;on&#8221; button_one_border_radius=&#8221;0px&#8221; button_one_letter_spacing=&#8221;4px&#8221; button_one_font=&#8221;Oswald|on||on|&#8221; button_one_icon=&#8221;%%3%%&#8221; button_one_icon_color=&#8221;#ffffff&#8221; custom_margin=&#8221;|||&#8221; custom_padding=&#8221;150px||150px|&#8221; custom_padding_tablet=&#8221;60px||60px|&#8221; custom_padding_last_edited=&#8221;on|tablet&#8221; animation_style=&#8221;zoom&#8221; animation_direction=&#8221;bottom&#8221; animation_intensity_zoom=&#8221;4%&#8221; button_one_text_color_hover=&#8221;#ffffff&#8221; button_one_border_color_hover=&#8221;#ffffff&#8221; button_one_border_radius_hover=&#8221;0px&#8221; button_one_letter_spacing_hover=&#8221;4px&#8221; button_one_bg_color_hover=&#8221;rgba(0,0,0,0)&#8221; button_one_text_size__hover_enabled=&#8221;off&#8221; button_two_text_size__hover_enabled=&#8221;off&#8221; button_one_text_color__hover_enabled=&#8221;on&#8221; button_one_text_color__hover=&#8221;#ffffff&#8221; button_two_text_color__hover_enabled=&#8221;off&#8221; button_one_border_width__hover_enabled=&#8221;off&#8221; button_two_border_width__hover_enabled=&#8221;off&#8221; button_one_border_color__hover_enabled=&#8221;on&#8221; button_one_border_color__hover=&#8221;#ffffff&#8221; button_two_border_color__hover_enabled=&#8221;off&#8221; button_one_border_radius__hover_enabled=&#8221;on&#8221; button_one_border_radius__hover=&#8221;0px&#8221; button_two_border_radius__hover_enabled=&#8221;off&#8221; button_one_letter_spacing__hover_enabled=&#8221;on&#8221; button_one_letter_spacing__hover=&#8221;4px&#8221; button_two_letter_spacing__hover_enabled=&#8221;off&#8221; button_one_bg_color__hover_enabled=&#8221;on&#8221; button_one_bg_color__hover=&#8221;rgba(0,0,0,0)&#8221; button_two_bg_color__hover_enabled=&#8221;off&#8221;]<\/p>\n<p>liegen etwa 100 km von Krakau entfernt.<\/p>\n<p>[\/et_pb_fullwidth_header][\/et_pb_section][et_pb_section bb_built=&#8221;1&#8243; prev_background_color=&#8221;#233b4e&#8221; _builder_version=&#8221;3.19.18&#8243; background_image=&#8221;https:\/\/kraktours.com\/wp-content\/uploads\/2019\/03\/wieliczka222-1.jpg&#8221; parallax=&#8221;on&#8221; parallax_method=&#8221;off&#8221; custom_padding=&#8221;38px||0||false|false&#8221;][et_pb_row custom_padding=&#8221;25px|0px|34px|0px|false|false&#8221; _builder_version=&#8221;3.19.18&#8243;][et_pb_column type=&#8221;1_2&#8243;][et_pb_text admin_label=&#8221;Discover Beatuty Title&#8221; _builder_version=&#8221;3.19.18&#8243; text_font=&#8221;||||&#8221; text_text_color=&#8221;#1a1a1a&#8221; header_font=&#8221;Oswald|on||on|&#8221; header_text_align=&#8221;left&#8221; header_font_size=&#8221;60px&#8221; header_line_height=&#8221;1.3em&#8221; header_2_font=&#8221;||||||||&#8221; header_2_font_size=&#8221;29px&#8221; animation_style=&#8221;slide&#8221; animation_direction=&#8221;%22fade_in%22&#8243; animation_duration=&#8221;500ms&#8221; animation_intensity_slide=&#8221;10%&#8221;]<\/p>\n<h2><b>Eigenschaften von Thermalwasser:<\/b><\/h2>\n<p>[\/et_pb_text][et_pb_text admin_label=&#8221;Discover Beatuty Text&#8221; disabled_on=&#8221;off|off|off%22%22&#8243; _builder_version=&#8221;3.19.18&#8243; text_font=&#8221;Roboto||||&#8221; text_font_size=&#8221;16px&#8221; text_line_height=&#8221;1.9em&#8221; custom_padding=&#8221;|||&#8221; animation_style=&#8221;slide&#8221; animation_direction=&#8221;top&#8221; animation_delay=&#8221;300ms&#8221; animation_intensity_slide=&#8221;10%&#8221;]<\/p>\n<p style=\"text-align: justify;\"><span style=\"color: #000000;\">Das Wasser ist reich an Schwefel, Magnesium, Kalzium und Kalium, die vorteilhafte Eigenschaften f\u00fcr Haut, Knochen und innere Organe haben. B\u00e4der im Wasser verbessern die Blutzirkulation und regulieren den Blutdruck, reduzieren die Erregbarkeit der sensorischen und motorischen Nerven, beruhigen und verbessern die Stimmung. Rohes Schwefelwasser in der Behandlungszone reagiert leicht sauer, was die Haut weicht und den K\u00f6rper zwingt, eine neue Epidermis zu erzeugen.<\/span><\/p>\n<p style=\"text-align: justify;\">\n<p>[\/et_pb_text][et_pb_text admin_label=&#8221;Discover Beatuty Title&#8221; _builder_version=&#8221;3.19.18&#8243; text_font=&#8221;||||&#8221; text_text_color=&#8221;#1a1a1a&#8221; header_font=&#8221;Oswald|on||on|&#8221; header_text_align=&#8221;left&#8221; header_font_size=&#8221;60px&#8221; header_line_height=&#8221;1.3em&#8221; header_2_font=&#8221;||||||||&#8221; header_2_font_size=&#8221;34px&#8221; animation_style=&#8221;slide&#8221; animation_direction=&#8221;%22fade_in%22&#8243; animation_duration=&#8221;500ms&#8221; animation_intensity_slide=&#8221;10%&#8221;]<\/p>\n<h2><b>Attraktionen:<\/b><\/h2>\n<p>[\/et_pb_text][et_pb_text admin_label=&#8221;Discover Beatuty Text&#8221; disabled_on=&#8221;off|off|off%22%22&#8243; _builder_version=&#8221;3.19.18&#8243; text_font=&#8221;Roboto||||&#8221; text_font_size=&#8221;16px&#8221; text_line_height=&#8221;1.9em&#8221; ul_font=&#8221;||||||||&#8221; ul_text_color=&#8221;#000000&#8243; custom_padding=&#8221;|||&#8221; animation_style=&#8221;slide&#8221; animation_direction=&#8221;top&#8221; animation_delay=&#8221;300ms&#8221; animation_intensity_slide=&#8221;10%&#8221;]<\/p>\n<ul>\n<li>\n<p>Zwei interne Spielpl\u00e4tze mit Planschbecken, Wasserattraktionen und Familienrutschen<\/p>\n<\/li>\n<li>\n<p>Dampfbad f\u00fcr Kinder<\/p>\n<\/li>\n<li>\n<p>Zwei Pontonrutschen, von denen eine 168 m lang ist<\/p>\n<\/li>\n<li>\n<p>Schieben Sie mit Fallt\u00fcr<\/p>\n<\/li>\n<li>\n<p>Wasservolleyball- und Basketballpl\u00e4tze<\/p>\n<\/li>\n<li>\n<p>Wilder Fluss<\/p>\n<\/li>\n<li>\n<p>Klettergitter<\/p>\n<\/li>\n<li>\n<p>Textile Sauna und Salzgrotte im Poolbereich<\/p>\n<\/li>\n<li>\n<p>Das gr\u00f6\u00dfte im Podhale-Saunarium mit Panoramasauna und Schl\u00fcckchen<\/p>\n<\/li>\n<li>\n<p>Behandlungszone mit Rohschwefelwasser und Sole-Jod-Wasser<\/p>\n<\/li>\n<\/ul>\n<p>[\/et_pb_text][\/et_pb_column][et_pb_column type=&#8221;1_2&#8243;][et_pb_blurb title=&#8221;Tiefe der Wasserentnahme: &#8221; use_icon=&#8221;on&#8221; font_icon=&#8221;%%138%%&#8221; icon_color=&#8221;#00af95&#8243; icon_placement=&#8221;left&#8221; _builder_version=&#8221;3.19.18&#8243; header_font=&#8221;|700|||||||&#8221; body_font=&#8221;||||||||&#8221; body_text_color=&#8221;#000000&#8243; body_font_size=&#8221;16px&#8221; custom_margin=&#8221;||&#8221;]<\/p>\n<p>3 600 m<\/p>\n<p>[\/et_pb_blurb][et_pb_blurb title=&#8221;Weitere Informationen finden Sie unter&#8221; use_icon=&#8221;on&#8221; font_icon=&#8221;%%165%%&#8221; icon_color=&#8221;#00af95&#8243; icon_placement=&#8221;left&#8221; _builder_version=&#8221;3.19.18&#8243; header_font=&#8221;|700|||||||&#8221; body_font=&#8221;||||||||&#8221; body_text_color=&#8221;#000000&#8243; body_font_size=&#8221;16px&#8221;]<\/p>\n<p><a href=\"http:\/\/www.chocholowskietermy.pl\/de\/\" target=\"_blank\" rel=\"noopener noreferrer\">www.chocholowskietermy.pl\/de\/<\/a><\/p>\n<p>[\/et_pb_blurb][et_pb_blurb title=&#8221;Ausflugpreis pro Gruppe:&#8221; use_icon=&#8221;on&#8221; font_icon=&#8221;%%156%%&#8221; icon_color=&#8221;#00af95&#8243; icon_placement=&#8221;left&#8221; _builder_version=&#8221;3.19.18&#8243; header_font=&#8221;|700|||||||&#8221; body_font=&#8221;||||||||&#8221; body_text_color=&#8221;#000000&#8243; body_font_size=&#8221;16px&#8221;]<\/p>\n<ul>\n<li>1-4 Personen 99 \u20ac<\/li>\n<li>5-8 Personen 119 \u20ac<\/li>\n<\/ul>\n<p>[\/et_pb_blurb][et_pb_blurb title=&#8221;Der Reisepreis enth\u00e4lt:&#8221; use_icon=&#8221;on&#8221; font_icon=&#8221;%%32%%&#8221; icon_color=&#8221;#00af95&#8243; icon_placement=&#8221;left&#8221; _builder_version=&#8221;3.19.18&#8243; header_font=&#8221;|700|||||||&#8221; body_text_color=&#8221;#000000&#8243; body_font_size=&#8221;16px&#8221; custom_margin=&#8221;-20px||&#8221;]<\/p>\n<ul>\n<li>Ein privater Mini-Van, klimatisiert und komfortabel &#8211; mit einem Fahrer nur f\u00fcr Sie<\/li>\n<li>&#8220;T\u00fcr zu T\u00fcr&#8221; -Service: Sie werden abgeholt und direkt zu \/ von Ihrem Hotel \/ ausgew\u00e4hlten Ort in Krakau oder in der N\u00e4he gebracht<\/li>\n<li>Deutschsprachige Unterst\u00fctzung seitens Fahrer<\/li>\n<li>Eine Auswahl erfrischender Getr\u00e4nke im Sommer<\/li>\n<\/ul>\n<p>[\/et_pb_blurb][et_pb_blurb title=&#8221;Zus\u00e4tzliche Kosten&#8221; use_icon=&#8221;on&#8221; font_icon=&#8221;%%162%%&#8221; icon_color=&#8221;#00af95&#8243; icon_placement=&#8221;left&#8221; _builder_version=&#8221;3.19.18&#8243; header_font=&#8221;|700|||||||&#8221; body_font=&#8221;||||||||&#8221; body_text_color=&#8221;#000000&#8243; body_font_size=&#8221;16px&#8221; custom_margin=&#8221;||&#8221;]<\/p>\n<p>Eintrittskarten sind nicht im Reisepreis enthalten.<\/p>\n<p>[\/et_pb_blurb][\/et_pb_column][\/et_pb_row][\/et_pb_section]<\/p>\n","protected":false},"excerpt":{"rendered":"<p>liegen etwa 100 km von Krakau entfernt. Eigenschaften von Thermalwasser: Das Wasser ist reich an Schwefel, Magnesium, Kalzium und Kalium, die vorteilhafte Eigenschaften f\u00fcr Haut, Knochen und innere Organe haben. B\u00e4der im Wasser verbessern die Blutzirkulation und regulieren den Blutdruck, reduzieren die Erregbarkeit der sensorischen und motorischen Nerven, beruhigen und verbessern die Stimmung. Rohes Schwefelwasser [&hellip;]<\/p>\n","protected":false},"author":1,"featured_media":0,"parent":0,"menu_order":0,"comment_status":"closed","ping_status":"closed","template":"","meta":{"_et_pb_use_builder":"on","_et_pb_old_content":"","_et_gb_content_width":"","footnotes":""},"class_list":["post-757","page","type-page","status-publish","hentry"],"_links":{"self":[{"href":"https:\/\/kraktours.com\/pl\/wp-json\/wp\/v2\/pages\/757","targetHints":{"allow":["GET"]}}],"collection":[{"href":"https:\/\/kraktours.com\/pl\/wp-json\/wp\/v2\/pages"}],"about":[{"href":"https:\/\/kraktours.com\/pl\/wp-json\/wp\/v2\/types\/page"}],"author":[{"embeddable":true,"href":"https:\/\/kraktours.com\/pl\/wp-json\/wp\/v2\/users\/1"}],"replies":[{"embeddable":true,"href":"https:\/\/kraktours.com\/pl\/wp-json\/wp\/v2\/comments?post=757"}],"version-history":[{"count":13,"href":"https:\/\/kraktours.com\/pl\/wp-json\/wp\/v2\/pages\/757\/revisions"}],"predecessor-version":[{"id":1510,"href":"https:\/\/kraktours.com\/pl\/wp-json\/wp\/v2\/pages\/757\/revisions\/1510"}],"wp:attachment":[{"href":"https:\/\/kraktours.com\/pl\/wp-json\/wp\/v2\/media?parent=757"}],"curies":[{"name":"wp","href":"https:\/\/api.w.org\/{rel}","templated":true}]}}