{"id":738,"date":"2019-03-12T13:05:56","date_gmt":"2019-03-12T13:05:56","guid":{"rendered":"http:\/\/vp.moreo.pl\/en\/?page_id=738"},"modified":"2019-05-14T20:42:25","modified_gmt":"2019-05-14T20:42:25","slug":"kontakt","status":"publish","type":"page","link":"https:\/\/kraktours.com\/pl\/kontakt\/","title":{"rendered":"Kontakt"},"content":{"rendered":"<p>[et_pb_section fb_built=&#8221;1&#8243; fullwidth=&#8221;on&#8221; next_background_color=&#8221;#ffffff&#8221; admin_label=&#8221;Hero&#8221; _builder_version=&#8221;3.19.18&#8243; background_color=&#8221;#233b4e&#8221; parallax=&#8221;on&#8221; custom_padding=&#8221;0px|0px|0px|0px&#8221;][et_pb_fullwidth_header title=&#8221;Kontakt&#8221; background_overlay_color=&#8221;rgba(29,38,51,0.86)&#8221; content_max_width=&#8221;700px&#8221; admin_label=&#8221;Hero Section&#8221; _builder_version=&#8221;3.19.18&#8243; title_font=&#8221;Oswald|on||on|&#8221; title_font_size=&#8221;43px&#8221; title_line_height=&#8221;1.3em&#8221; content_font=&#8221;Roboto||||&#8221; content_font_size=&#8221;20px&#8221; content_line_height=&#8221;1.7em&#8221; background_color=&#8221;rgba(255,255,255,0)&#8221; background_image=&#8221;https:\/\/kraktours.com\/wp-content\/uploads\/2019\/03\/travel-landscape-17.jpg&#8221; custom_button_one=&#8221;on&#8221; button_one_border_radius=&#8221;0px&#8221; button_one_letter_spacing=&#8221;4px&#8221; button_one_font=&#8221;Oswald|on||on|&#8221; button_one_icon=&#8221;%%3%%&#8221; button_one_icon_color=&#8221;#ffffff&#8221; custom_margin=&#8221;|||&#8221; custom_padding=&#8221;150px||150px|&#8221; custom_padding_tablet=&#8221;60px||60px|&#8221; custom_padding_last_edited=&#8221;on|tablet&#8221; animation_style=&#8221;zoom&#8221; animation_direction=&#8221;bottom&#8221; animation_intensity_zoom=&#8221;4%&#8221; button_one_text_color_hover=&#8221;#ffffff&#8221; button_one_border_color_hover=&#8221;#ffffff&#8221; button_one_border_radius_hover=&#8221;0px&#8221; button_one_letter_spacing_hover=&#8221;4px&#8221; button_one_bg_color_hover=&#8221;rgba(0,0,0,0)&#8221; button_one_text_size__hover_enabled=&#8221;off&#8221; button_two_text_size__hover_enabled=&#8221;off&#8221; button_one_text_color__hover_enabled=&#8221;on&#8221; button_one_text_color__hover=&#8221;#ffffff&#8221; button_two_text_color__hover_enabled=&#8221;off&#8221; button_one_border_width__hover_enabled=&#8221;off&#8221; button_two_border_width__hover_enabled=&#8221;off&#8221; button_one_border_color__hover_enabled=&#8221;on&#8221; button_one_border_color__hover=&#8221;#ffffff&#8221; button_two_border_color__hover_enabled=&#8221;off&#8221; button_one_border_radius__hover_enabled=&#8221;on&#8221; button_one_border_radius__hover=&#8221;0px&#8221; button_two_border_radius__hover_enabled=&#8221;off&#8221; button_one_letter_spacing__hover_enabled=&#8221;on&#8221; button_one_letter_spacing__hover=&#8221;4px&#8221; button_two_letter_spacing__hover_enabled=&#8221;off&#8221; button_one_bg_color__hover_enabled=&#8221;on&#8221; button_one_bg_color__hover=&#8221;rgba(0,0,0,0)&#8221; button_two_bg_color__hover_enabled=&#8221;off&#8221;]<\/p>\n<p>Haben Sie irgendwelche Fragen? Schreiben Sie uns oder rufen Sie uns an!<\/p>\n<p>[\/et_pb_fullwidth_header][\/et_pb_section][et_pb_section fb_built=&#8221;1&#8243; custom_padding_last_edited=&#8221;on|phone&#8221; prev_background_color=&#8221;#233b4e&#8221; admin_label=&#8221;Contact Form&#8221; _builder_version=&#8221;3.19.18&#8243; custom_padding=&#8221;20px|109px|0||false|false&#8221; custom_padding_tablet=&#8221;60px|||&#8221; custom_padding_phone=&#8221;|0px||&#8221;][et_pb_row make_fullwidth=&#8221;on&#8221; custom_padding=&#8221;70px||18px||false|false&#8221; admin_label=&#8221;Row&#8221; _builder_version=&#8221;3.19.18&#8243; locked=&#8221;off&#8221;][et_pb_column type=&#8221;1_3&#8243; _builder_version=&#8221;3.0.47&#8243;][et_pb_blurb title=&#8221;Rufen Sie uns an&#8221; use_icon=&#8221;on&#8221; font_icon=&#8221;%%264%%&#8221; use_circle=&#8221;on&#8221; circle_color=&#8221;rgba(255,255,255,0)&#8221; use_circle_border=&#8221;on&#8221; use_icon_font_size=&#8221;on&#8221; icon_font_size=&#8221;36px&#8221; _builder_version=&#8221;3.19.18&#8243; header_font=&#8221;Oswald|on||on|&#8221; header_text_color=&#8221;#1a1a1a&#8221; header_font_size=&#8221;24px&#8221; header_line_height=&#8221;1.9em&#8221; body_font=&#8221;Roboto||||&#8221; body_font_size=&#8221;16px&#8221; body_line_height=&#8221;1.8em&#8221; background_color=&#8221;#f4f4f4&#8243; background_size=&#8221;initial&#8221; background_position=&#8221;top_left&#8221; background_repeat=&#8221;repeat&#8221; text_orientation=&#8221;center&#8221; custom_padding=&#8221;60px||60px|&#8221;]<\/p>\n<p><img loading=\"lazy\" decoding=\"async\" src=\"https:\/\/kraktours.com\/wp-content\/uploads\/2019\/03\/pobrane-1.png\" width=\"16\" height=\"11\" alt=\"\" class=\"wp-image-613 alignnone size-full\" \/>\u00a0<a href=\"tel:+4915211957347\">+49 1521 1957347<\/a><br \/> <img loading=\"lazy\" decoding=\"async\" src=\"https:\/\/kraktours.com\/wp-content\/uploads\/2019\/03\/pols.png\" width=\"16\" height=\"11\" alt=\"\" class=\"wp-image-657 alignnone size-full\" \/>\u00a0<a href=\"tel:+48571232717\">+48 571 232 717<\/a><br \/> <img loading=\"lazy\" decoding=\"async\" src=\"https:\/\/kraktours.com\/wp-content\/uploads\/2019\/03\/pobrane.png\" width=\"16\" height=\"11\" alt=\"\" class=\"wp-image-614 alignnone size-full\" \/>\u00a0 <a href=\"tel:+48606862162\">+48 606 862 162<\/a><\/p>\n<p>&nbsp;<\/p>\n<p>[\/et_pb_blurb][\/et_pb_column][et_pb_column type=&#8221;1_3&#8243; _builder_version=&#8221;3.0.47&#8243;][et_pb_blurb title=&#8221;E-Mail &#8221; use_icon=&#8221;on&#8221; font_icon=&#8221;%%248%%&#8221; use_circle=&#8221;on&#8221; circle_color=&#8221;rgba(255,255,255,0)&#8221; use_circle_border=&#8221;on&#8221; use_icon_font_size=&#8221;on&#8221; icon_font_size=&#8221;36px&#8221; _builder_version=&#8221;3.19.18&#8243; header_font=&#8221;Oswald|on||on|&#8221; header_text_color=&#8221;#1a1a1a&#8221; header_font_size=&#8221;24px&#8221; header_line_height=&#8221;1.9em&#8221; body_font=&#8221;Roboto||||&#8221; body_font_size=&#8221;16px&#8221; body_line_height=&#8221;1.8em&#8221; background_color=&#8221;#f4f4f4&#8243; background_size=&#8221;initial&#8221; background_position=&#8221;top_left&#8221; background_repeat=&#8221;repeat&#8221; text_orientation=&#8221;center&#8221; custom_padding=&#8221;60px||60px|&#8221; animation_style=&#8221;fold&#8221; animation_direction=&#8221;left&#8221; animation_intensity_fold=&#8221;41%&#8221;]<\/p>\n<p><a href=\"mailto:info@visitpolen.com\">info@visitpolen.com<\/a><span style=\"font-size: 16px;\">\u00a0<\/span><\/p>\n<p>&nbsp;<\/p>\n<p>&nbsp;<\/p>\n<p>[\/et_pb_blurb][\/et_pb_column][et_pb_column type=&#8221;1_3&#8243; _builder_version=&#8221;3.0.47&#8243;][et_pb_contact_form captcha=&#8221;off&#8221; submit_button_text=&#8221;Nachricht senden&#8221; form_background_color=&#8221;#ffffff&#8221; module_id=&#8221;et_pb_contact_form_0&#8243; _builder_version=&#8221;3.19.18&#8243; form_field_font=&#8221;Roboto|on|||&#8221; form_field_font_size=&#8221;16px&#8221; border_width_all=&#8221;1px&#8221; border_color_all=&#8221;rgba(0,0,0,0.12)&#8221; border_style_all=&#8221;solid&#8221; custom_button=&#8221;on&#8221; button_text_color=&#8221;#ffffff&#8221; button_bg_color=&#8221;#05b197&#8243; button_border_width=&#8221;2px&#8221; button_border_color=&#8221;#05b197&#8243; button_border_radius=&#8221;0px&#8221; button_letter_spacing=&#8221;4px&#8221; button_font=&#8221;|700||on|||||&#8221; button_icon=&#8221;%%3%%&#8221; button_icon_color=&#8221;#1a1a1a&#8221; custom_margin=&#8221;|||&#8221; animation_style=&#8221;fold&#8221; animation_direction=&#8221;right&#8221; animation_intensity_fold=&#8221;20%&#8221; use_border_color=&#8221;on&#8221; border_color=&#8221;rgba(0,0,0,0.12)&#8221; locked=&#8221;off&#8221; button_text_color_hover=&#8221;#1a1a1a&#8221; button_bg_color_hover=&#8221;rgba(255,255,255,0)&#8221; button_border_color_hover=&#8221;#1a1a1a&#8221; button_border_radius_hover=&#8221;0px&#8221; button_letter_spacing_hover=&#8221;4px&#8221;][et_pb_contact_field field_id=&#8221;Name&#8221; field_title=&#8221;Name&#8221; fullwidth_field=&#8221;on&#8221; _builder_version=&#8221;3.19.18&#8243; border_radii=&#8221;on||||&#8221; button_text_size__hover_enabled=&#8221;off&#8221; button_one_text_size__hover_enabled=&#8221;off&#8221; button_two_text_size__hover_enabled=&#8221;off&#8221; button_text_color__hover_enabled=&#8221;off&#8221; button_one_text_color__hover_enabled=&#8221;off&#8221; button_two_text_color__hover_enabled=&#8221;off&#8221; button_border_width__hover_enabled=&#8221;off&#8221; button_one_border_width__hover_enabled=&#8221;off&#8221; button_two_border_width__hover_enabled=&#8221;off&#8221; button_border_color__hover_enabled=&#8221;off&#8221; button_one_border_color__hover_enabled=&#8221;off&#8221; button_two_border_color__hover_enabled=&#8221;off&#8221; button_border_radius__hover_enabled=&#8221;off&#8221; button_one_border_radius__hover_enabled=&#8221;off&#8221; button_two_border_radius__hover_enabled=&#8221;off&#8221; button_letter_spacing__hover_enabled=&#8221;off&#8221; button_one_letter_spacing__hover_enabled=&#8221;off&#8221; button_two_letter_spacing__hover_enabled=&#8221;off&#8221; button_bg_color__hover_enabled=&#8221;off&#8221; button_one_bg_color__hover_enabled=&#8221;off&#8221; button_two_bg_color__hover_enabled=&#8221;off&#8221;][\/et_pb_contact_field][et_pb_contact_field field_id=&#8221;Email&#8221; field_title=&#8221;Email Address&#8221; field_type=&#8221;email&#8221; fullwidth_field=&#8221;on&#8221; _builder_version=&#8221;3.16&#8243; border_radii=&#8221;on||||&#8221; button_text_size__hover_enabled=&#8221;off&#8221; button_one_text_size__hover_enabled=&#8221;off&#8221; button_two_text_size__hover_enabled=&#8221;off&#8221; button_text_color__hover_enabled=&#8221;off&#8221; button_one_text_color__hover_enabled=&#8221;off&#8221; button_two_text_color__hover_enabled=&#8221;off&#8221; button_border_width__hover_enabled=&#8221;off&#8221; button_one_border_width__hover_enabled=&#8221;off&#8221; button_two_border_width__hover_enabled=&#8221;off&#8221; button_border_color__hover_enabled=&#8221;off&#8221; button_one_border_color__hover_enabled=&#8221;off&#8221; button_two_border_color__hover_enabled=&#8221;off&#8221; button_border_radius__hover_enabled=&#8221;off&#8221; button_one_border_radius__hover_enabled=&#8221;off&#8221; button_two_border_radius__hover_enabled=&#8221;off&#8221; button_letter_spacing__hover_enabled=&#8221;off&#8221; button_one_letter_spacing__hover_enabled=&#8221;off&#8221; button_two_letter_spacing__hover_enabled=&#8221;off&#8221; button_bg_color__hover_enabled=&#8221;off&#8221; button_one_bg_color__hover_enabled=&#8221;off&#8221; button_two_bg_color__hover_enabled=&#8221;off&#8221;][\/et_pb_contact_field][et_pb_contact_field field_id=&#8221;Phone&#8221; field_title=&#8221;Telefon&#8221; allowed_symbols=&#8221;numbers&#8221; fullwidth_field=&#8221;on&#8221; _builder_version=&#8221;3.19.18&#8243; border_radii=&#8221;on||||&#8221; button_text_size__hover_enabled=&#8221;off&#8221; button_one_text_size__hover_enabled=&#8221;off&#8221; button_two_text_size__hover_enabled=&#8221;off&#8221; button_text_color__hover_enabled=&#8221;off&#8221; button_one_text_color__hover_enabled=&#8221;off&#8221; button_two_text_color__hover_enabled=&#8221;off&#8221; button_border_width__hover_enabled=&#8221;off&#8221; button_one_border_width__hover_enabled=&#8221;off&#8221; button_two_border_width__hover_enabled=&#8221;off&#8221; button_border_color__hover_enabled=&#8221;off&#8221; button_one_border_color__hover_enabled=&#8221;off&#8221; button_two_border_color__hover_enabled=&#8221;off&#8221; button_border_radius__hover_enabled=&#8221;off&#8221; button_one_border_radius__hover_enabled=&#8221;off&#8221; button_two_border_radius__hover_enabled=&#8221;off&#8221; button_letter_spacing__hover_enabled=&#8221;off&#8221; button_one_letter_spacing__hover_enabled=&#8221;off&#8221; button_two_letter_spacing__hover_enabled=&#8221;off&#8221; button_bg_color__hover_enabled=&#8221;off&#8221; button_one_bg_color__hover_enabled=&#8221;off&#8221; button_two_bg_color__hover_enabled=&#8221;off&#8221;][\/et_pb_contact_field][et_pb_contact_field field_id=&#8221;Message&#8221; field_title=&#8221;Nachricht&#8221; field_type=&#8221;text&#8221; fullwidth_field=&#8221;on&#8221; _builder_version=&#8221;3.19.18&#8243; border_radii=&#8221;on||||&#8221; button_text_size__hover_enabled=&#8221;off&#8221; button_one_text_size__hover_enabled=&#8221;off&#8221; button_two_text_size__hover_enabled=&#8221;off&#8221; button_text_color__hover_enabled=&#8221;off&#8221; button_one_text_color__hover_enabled=&#8221;off&#8221; button_two_text_color__hover_enabled=&#8221;off&#8221; button_border_width__hover_enabled=&#8221;off&#8221; button_one_border_width__hover_enabled=&#8221;off&#8221; button_two_border_width__hover_enabled=&#8221;off&#8221; button_border_color__hover_enabled=&#8221;off&#8221; button_one_border_color__hover_enabled=&#8221;off&#8221; button_two_border_color__hover_enabled=&#8221;off&#8221; button_border_radius__hover_enabled=&#8221;off&#8221; button_one_border_radius__hover_enabled=&#8221;off&#8221; button_two_border_radius__hover_enabled=&#8221;off&#8221; button_letter_spacing__hover_enabled=&#8221;off&#8221; button_one_letter_spacing__hover_enabled=&#8221;off&#8221; button_two_letter_spacing__hover_enabled=&#8221;off&#8221; button_bg_color__hover_enabled=&#8221;off&#8221; button_one_bg_color__hover_enabled=&#8221;off&#8221; button_two_bg_color__hover_enabled=&#8221;off&#8221;][\/et_pb_contact_field][\/et_pb_contact_form][\/et_pb_column][\/et_pb_row][et_pb_row make_fullwidth=&#8221;on&#8221; custom_padding=&#8221;0|0px|45px|0px|false|false&#8221; _builder_version=&#8221;3.19.18&#8243; background_size=&#8221;initial&#8221; background_position=&#8221;top_left&#8221; background_repeat=&#8221;repeat&#8221;][et_pb_column type=&#8221;1_4&#8243; _builder_version=&#8221;3.0.47&#8243;][et_pb_divider show_divider=&#8221;off&#8221; height=&#8221;false&#8221; disabled_on=&#8221;off|off|off%22&#8243; admin_label=&#8221;Divider&#8221; _builder_version=&#8221;3.19.18&#8243; max_width=&#8221;150px&#8221; custom_margin=&#8221;30px|||&#8221; animation_style=&#8221;slide&#8221; animation_direction=&#8221;top&#8221; animation_delay=&#8221;100ms&#8221; animation_intensity_slide=&#8221;10%&#8221; locked=&#8221;off&#8221;][\/et_pb_divider][et_pb_image src=&#8221;https:\/\/kraktours.com\/wp-content\/uploads\/2019\/03\/biznesowe.png&#8221; disabled_on=&#8221;on||&#8221; _builder_version=&#8221;3.19.18&#8243; max_width=&#8221;85%&#8221; module_alignment=&#8221;right&#8221;][\/et_pb_image][et_pb_text _builder_version=&#8221;3.19.18&#8243;]<\/p>\n<p style=\"text-align: center;\">Impressum:<br \/>\nWojciech D\u0105browski Tours VISIT POLEN<br \/>\nul. Siewna 2D\/38, 31-231 Krak\u00f3w<br \/>\nTelefon PL: +48 571 232 717<br \/>\nTelefon DE: +49 1521 1957347<br \/>\nE-mail: info@visitpolen.com<br \/>\nwww.visitpolen.com\n<\/p>\n<p>[\/et_pb_text][\/et_pb_column][et_pb_column type=&#8221;3_4&#8243; _builder_version=&#8221;3.0.47&#8243;][et_pb_text _builder_version=&#8221;3.19.18&#8243; custom_margin=&#8221;52px||&#8221;]<\/p>\n<p style=\"text-align: justify;\">Krakau ist eine lebendige und vielseitige Stadt. Ein sicherer Ort, mit unterschiedlichen Angeboten und verlockenden Attraktionen. Diese Stadt bietet viele sch\u00f6ne Monumente, wie zum Beispiel Wawel, Sukiennice oder den malerischen Stadtteil Kazimierz. Besucher sind bestrebt, die gesamte Region zu erkunden. Ein Hauptziel aller Ausfl\u00fcge sind das Auschwitz-Birkenau-Museum, das Salzbergwerk in Wieliczka, die Tatra Gebirge mit der Winterhauptstadt Zakopane und die Pieninen mit dem Flo\u00dffahrt auf Dunajec-Schlucht.<\/p>\n<p style=\"text-align: justify;\">Um die Erwartungen unserer G\u00e4ste erf\u00fcllen zu k\u00f6nnen, haben wir die Firma VISIT POLEN gegr\u00fcndet. Diese, bietet ein vielseitiges Angebot an professionell organisierten Reisen und Ausfl\u00fcgen. Ein breites Angebot von Tagesausfl\u00fcgen durch Kleinpolen, Kur- und Thermalreisen, aber auch Flughafentransfers und Gesch\u00e4ftsreisen sind die Dienstleistungen, auf die wir uns spezialisiert haben.<\/p>\n<p style=\"text-align: justify;\">Wir bieten auch den Transport von Touristen direkt von und nach Deutschland an.<\/p>\n<p style=\"text-align: justify;\">Gerne beraten wir Sie und beantworten Ihre Fragen unter <br \/><strong>+49 1521 1957347<\/strong> und per E-Mail <strong>info@visitpolen.com<\/strong><\/p>\n<p style=\"text-align: justify;\">VISIT POLEN!<\/p>\n<p style=\"text-align: justify;\">\n<p>[\/et_pb_text][\/et_pb_column][\/et_pb_row][et_pb_row make_fullwidth=&#8221;on&#8221; custom_padding=&#8221;0|0px|45px|0px|false|false&#8221; disabled_on=&#8221;|on|on&#8221; _builder_version=&#8221;3.19.18&#8243; background_size=&#8221;initial&#8221; background_position=&#8221;top_left&#8221; background_repeat=&#8221;repeat&#8221;][et_pb_column type=&#8221;1_4&#8243; _builder_version=&#8221;3.0.47&#8243;][et_pb_image src=&#8221;https:\/\/kraktours.com\/wp-content\/uploads\/2019\/03\/biznesowe.png&#8221; disabled_on=&#8221;off||&#8221; _builder_version=&#8221;3.19.18&#8243; max_width=&#8221;85%&#8221; module_alignment=&#8221;right&#8221;][\/et_pb_image][\/et_pb_column][et_pb_column type=&#8221;3_4&#8243; _builder_version=&#8221;3.0.47&#8243;][\/et_pb_column][\/et_pb_row][\/et_pb_section]<\/p>\n","protected":false},"excerpt":{"rendered":"<p>Haben Sie irgendwelche Fragen? Schreiben Sie uns oder rufen Sie uns an! \u00a0+49 1521 1957347 \u00a0+48 571 232 717 \u00a0 +48 606 862 162 &nbsp; info@visitpolen.com\u00a0 &nbsp; &nbsp;Impressum: Wojciech D\u0105browski Tours VISIT POLEN ul. Siewna 2D\/38, 31-231 Krak\u00f3w Telefon PL: +48 571 232 717 Telefon DE: +49 1521 1957347 E-mail: info@visitpolen.com www.visitpolen.com Krakau ist eine [&hellip;]<\/p>\n","protected":false},"author":1,"featured_media":0,"parent":0,"menu_order":0,"comment_status":"closed","ping_status":"closed","template":"","meta":{"_et_pb_use_builder":"on","_et_pb_old_content":"","_et_gb_content_width":"","footnotes":""},"class_list":["post-738","page","type-page","status-publish","hentry"],"_links":{"self":[{"href":"https:\/\/kraktours.com\/pl\/wp-json\/wp\/v2\/pages\/738","targetHints":{"allow":["GET"]}}],"collection":[{"href":"https:\/\/kraktours.com\/pl\/wp-json\/wp\/v2\/pages"}],"about":[{"href":"https:\/\/kraktours.com\/pl\/wp-json\/wp\/v2\/types\/page"}],"author":[{"embeddable":true,"href":"https:\/\/kraktours.com\/pl\/wp-json\/wp\/v2\/users\/1"}],"replies":[{"embeddable":true,"href":"https:\/\/kraktours.com\/pl\/wp-json\/wp\/v2\/comments?post=738"}],"version-history":[{"count":13,"href":"https:\/\/kraktours.com\/pl\/wp-json\/wp\/v2\/pages\/738\/revisions"}],"predecessor-version":[{"id":1482,"href":"https:\/\/kraktours.com\/pl\/wp-json\/wp\/v2\/pages\/738\/revisions\/1482"}],"wp:attachment":[{"href":"https:\/\/kraktours.com\/pl\/wp-json\/wp\/v2\/media?parent=738"}],"curies":[{"name":"wp","href":"https:\/\/api.w.org\/{rel}","templated":true}]}}