{"id":870,"date":"2019-03-12T15:57:10","date_gmt":"2019-03-12T15:57:10","guid":{"rendered":"http:\/\/vp.moreo.pl\/en\/?page_id=870"},"modified":"2019-05-16T18:24:01","modified_gmt":"2019-05-16T18:24:01","slug":"zakopane-3","status":"publish","type":"page","link":"https:\/\/kraktours.com\/it\/zakopane-3\/","title":{"rendered":"Zakopane und Tatra Gebirge"},"content":{"rendered":"<p>[et_pb_section bb_built=&#8221;1&#8243; admin_label=&#8221;Hero&#8221; fullwidth=&#8221;on&#8221; next_background_color=&#8221;#ffffff&#8221; _builder_version=&#8221;3.19.18&#8243; background_color=&#8221;#233b4e&#8221; parallax=&#8221;on&#8221; custom_padding=&#8221;0px|0px|0px|0px&#8221;][et_pb_fullwidth_header admin_label=&#8221;Hero Section&#8221; title=&#8221;Zakopane und Tatra Gebirge &#8211; Private Tour&#8221; button_one_text=&#8221;termin buchen&#8221; button_one_url=&#8221;https:\/\/kraktours.com\/de\/buchung\/&#8221; background_overlay_color=&#8221;rgba(29,38,51,0.86)&#8221; content_max_width=&#8221;700px&#8221; _builder_version=&#8221;3.19.18&#8243; title_font=&#8221;Oswald|on||on|&#8221; title_font_size=&#8221;65px&#8221; title_line_height=&#8221;1.3em&#8221; content_font=&#8221;Roboto||||&#8221; content_font_size=&#8221;20px&#8221; content_line_height=&#8221;1.7em&#8221; background_color=&#8221;rgba(255,255,255,0)&#8221; background_image=&#8221;https:\/\/kraktours.com\/wp-content\/uploads\/2019\/03\/mountains-2535788_1280.jpg&#8221; parallax=&#8221;on&#8221; parallax_method=&#8221;on&#8221; custom_button_one=&#8221;on&#8221; button_one_border_radius=&#8221;0px&#8221; button_one_letter_spacing=&#8221;4px&#8221; button_one_font=&#8221;Oswald|on||on|&#8221; button_one_icon=&#8221;%%3%%&#8221; button_one_icon_color=&#8221;#ffffff&#8221; custom_margin=&#8221;|||&#8221; custom_padding=&#8221;150px||150px|&#8221; custom_padding_tablet=&#8221;60px||60px|&#8221; custom_padding_last_edited=&#8221;on|tablet&#8221; animation_style=&#8221;zoom&#8221; animation_direction=&#8221;bottom&#8221; animation_intensity_zoom=&#8221;4%&#8221; button_one_text_color_hover=&#8221;#ffffff&#8221; button_one_border_color_hover=&#8221;#ffffff&#8221; button_one_border_radius_hover=&#8221;0px&#8221; button_one_letter_spacing_hover=&#8221;4px&#8221; button_one_bg_color_hover=&#8221;rgba(0,0,0,0)&#8221; button_one_text_size__hover_enabled=&#8221;off&#8221; button_two_text_size__hover_enabled=&#8221;off&#8221; button_one_text_color__hover_enabled=&#8221;on&#8221; button_one_text_color__hover=&#8221;#ffffff&#8221; button_two_text_color__hover_enabled=&#8221;off&#8221; button_one_border_width__hover_enabled=&#8221;off&#8221; button_two_border_width__hover_enabled=&#8221;off&#8221; button_one_border_color__hover_enabled=&#8221;on&#8221; button_one_border_color__hover=&#8221;#ffffff&#8221; button_two_border_color__hover_enabled=&#8221;off&#8221; button_one_border_radius__hover_enabled=&#8221;on&#8221; button_one_border_radius__hover=&#8221;0px&#8221; button_two_border_radius__hover_enabled=&#8221;off&#8221; button_one_letter_spacing__hover_enabled=&#8221;on&#8221; button_one_letter_spacing__hover=&#8221;4px&#8221; button_two_letter_spacing__hover_enabled=&#8221;off&#8221; button_one_bg_color__hover_enabled=&#8221;on&#8221; button_one_bg_color__hover=&#8221;rgba(0,0,0,0)&#8221; button_two_bg_color__hover_enabled=&#8221;off&#8221;]<\/p>\n<p>Zakopane ist die Winterhauptstadt Polens im S\u00fcden des Landes<\/p>\n<p>[\/et_pb_fullwidth_header][\/et_pb_section][et_pb_section bb_built=&#8221;1&#8243; prev_background_color=&#8221;#233b4e&#8221; next_background_color=&#8221;#ffffff&#8221; _builder_version=&#8221;3.19.18&#8243; background_image=&#8221;https:\/\/kraktours.com\/wp-content\/uploads\/2019\/03\/tlo-3.jpg&#8221; parallax=&#8221;on&#8221; parallax_method=&#8221;off&#8221; custom_padding=&#8221;38px||0||false|false&#8221;][et_pb_row custom_padding=&#8221;25px|0px|40px|0px|false|false&#8221; _builder_version=&#8221;3.19.18&#8243;][et_pb_column type=&#8221;1_2&#8243;][et_pb_text admin_label=&#8221;Discover Beatuty Title&#8221; _builder_version=&#8221;3.19.18&#8243; text_font=&#8221;||||&#8221; text_text_color=&#8221;#1a1a1a&#8221; header_font=&#8221;Oswald|on||on|&#8221; header_text_align=&#8221;left&#8221; header_font_size=&#8221;60px&#8221; header_line_height=&#8221;1.3em&#8221; header_2_font=&#8221;||||||||&#8221; header_2_font_size=&#8221;34px&#8221; animation_style=&#8221;slide&#8221; animation_direction=&#8221;%22fade_in%22&#8243; animation_duration=&#8221;500ms&#8221; animation_intensity_slide=&#8221;10%&#8221;]<\/p>\n<h2><b>Zakopane\u00a0<\/b><\/h2>\n<p>[\/et_pb_text][et_pb_text admin_label=&#8221;Discover Beatuty Text&#8221; disabled_on=&#8221;off|off|off%22%22&#8243; _builder_version=&#8221;3.19.18&#8243; text_font=&#8221;Roboto||||&#8221; text_font_size=&#8221;16px&#8221; text_line_height=&#8221;1.9em&#8221; custom_padding=&#8221;|||&#8221; animation_style=&#8221;slide&#8221; animation_direction=&#8221;top&#8221; animation_delay=&#8221;300ms&#8221; animation_intensity_slide=&#8221;10%&#8221;]<\/p>\n<p style=\"text-align: justify;\"><span style=\"color: #000000;\">Eines der bekanntesten Fremdenverkehrszentren am Fu\u00dfe der Tatra und h\u00f6chstgelegene Stadt Polens. Wird auch als Winterhauptstadt Polens bezeichnet. Zahlreiche Villen im sog. Zakopane-Stil. Gute \u00dcbernachtungs-, Verpflegungsund Touristikbasis. Seilschwebebahn auf den Kasprowy Wierch und Standseilbahn auf den Guba\u0142\u00f3wka, Skilifte; an den H\u00e4ngen des Krokiew Sprungschanzen. Herrliche Landschaft, viele Sport- und Kulturveranstaltungen u.a. Internationales Folklorefestival der Gebirgsl\u00e4nder im August, das Touristen aus aller Welt anzieht. Unverf\u00e4lschte Bergbauernfolklore der Region Podhale. Sch\u00f6ne, malerische T\u00e4ler, reizvolle Bergseen und schneebedeckte Gipfel zeichnen diese Region aus. Die Reisezeit von Krakau nach Zakopane dauert ca. 2 Stunden.<\/span><\/p>\n<p style=\"text-align: justify;\"><strong><span style=\"color: #000000;\">Sie w\u00e4hlen die Attraktionen und Orte, die Sie sehen m\u00f6chten.<\/span><\/strong><\/p>\n<p style=\"text-align: justify;\">\n<p>[\/et_pb_text][\/et_pb_column][et_pb_column type=&#8221;1_2&#8243;][et_pb_blurb title=&#8221;Reisedauer: &#8221; use_icon=&#8221;on&#8221; font_icon=&#8221;%%373%%&#8221; icon_color=&#8221;#00af95&#8243; icon_placement=&#8221;left&#8221; _builder_version=&#8221;3.19.18&#8243; header_font=&#8221;|700|||||||&#8221; body_font=&#8221;||||||||&#8221; body_text_color=&#8221;#000000&#8243; body_font_size=&#8221;16px&#8221;]<\/p>\n<p>bis zu 10 Stunden<\/p>\n<p>[\/et_pb_blurb][et_pb_blurb title=&#8221;Ausflugpreis pro Gruppe: &#8221; use_icon=&#8221;on&#8221; font_icon=&#8221;%%156%%&#8221; icon_color=&#8221;#00af95&#8243; icon_placement=&#8221;left&#8221; _builder_version=&#8221;3.19.18&#8243; header_font=&#8221;|700|||||||&#8221; body_font=&#8221;||||||||&#8221; body_text_color=&#8221;#000000&#8243; body_font_size=&#8221;16px&#8221;]<\/p>\n<ul>\n<li>1-3 Personen    139 \u20ac \/ 560 PLN<\/li>\n<li>4-6 Personen    159 \u20ac \/ 640 PLN<\/li>\n<li>7-8 Personen    169 \u20ac \/ 680 PLN<\/li>\n<\/ul>\n<p>[\/et_pb_blurb][et_pb_blurb title=&#8221;Der Reisepreis enth\u00e4lt:&#8221; use_icon=&#8221;on&#8221; font_icon=&#8221;%%32%%&#8221; icon_color=&#8221;#00af95&#8243; icon_placement=&#8221;left&#8221; _builder_version=&#8221;3.19.18&#8243; header_font=&#8221;|700|||||||&#8221; body_text_color=&#8221;#000000&#8243; body_font_size=&#8221;16px&#8221; custom_margin=&#8221;-20px||&#8221;]<\/p>\n<ul>\n<li>Einen privaten Mini-Van, klimatisiert und komfortabel &#8211; mit einem Fahrer nur f\u00fcr Sie<\/li>\n<li>&#8220;T\u00fcr zu T\u00fcr&#8221; Service: Sie werden abgeholt und direkt zu \/ von Ihrem Hotel \/ ausgew\u00e4hlten Ort in Krakau oder in der N\u00e4he gebracht<\/li>\n<li>Deutschsprachige Unterst\u00fctzung seitens Fahrer<\/li>\n<li>Eine Auswahl erfrischender Getr\u00e4nke im Somme<\/li>\n<\/ul>\n<p>&nbsp;<\/p>\n<p>[\/et_pb_blurb][et_pb_blurb title=&#8221;Zus\u00e4tzliche Kosten&#8221; use_icon=&#8221;on&#8221; font_icon=&#8221;%%162%%&#8221; icon_color=&#8221;#00af95&#8243; icon_placement=&#8221;left&#8221; _builder_version=&#8221;3.19.18&#8243; header_font=&#8221;|700|||||||&#8221; body_font=&#8221;||||||||&#8221; body_text_color=&#8221;#000000&#8243; body_font_size=&#8221;16px&#8221; custom_margin=&#8221;||&#8221;]<\/p>\n<p>Eintritskarten f\u00fcr ausgew\u00e4hlte Sehensw\u00fcrdigkeiten sind nicht im Reisepreis enthalten.<\/p>\n<p>[\/et_pb_blurb][\/et_pb_column][\/et_pb_row][et_pb_row custom_padding=&#8221;1px|0px|27px|0px|false|false&#8221; _builder_version=&#8221;3.19.18&#8243;][et_pb_column type=&#8221;4_4&#8243;][et_pb_text admin_label=&#8221;Discover Beatuty Title&#8221; _builder_version=&#8221;3.19.18&#8243; text_font=&#8221;||||&#8221; text_text_color=&#8221;#1a1a1a&#8221; header_font=&#8221;Oswald|on||on|&#8221; header_text_align=&#8221;left&#8221; header_font_size=&#8221;60px&#8221; header_line_height=&#8221;1.3em&#8221; header_2_font_size=&#8221;24px&#8221; animation_style=&#8221;slide&#8221; animation_duration=&#8221;500ms&#8221; animation_intensity_slide=&#8221;10%&#8221;]<\/p>\n<h2 style=\"text-align: center;\"><strong>Folgende Attraktionen zur Auswahl:<\/strong><\/h2>\n<p>[\/et_pb_text][\/et_pb_column][\/et_pb_row][\/et_pb_section][et_pb_section bb_built=&#8221;1&#8243; prev_background_color=&#8221;#ffffff&#8221; next_background_color=&#8221;#ffffff&#8221; _builder_version=&#8221;3.19.18&#8243; background_image=&#8221;https:\/\/kraktours.com\/wp-content\/uploads\/2019\/03\/tlo-3.jpg&#8221; parallax=&#8221;on&#8221; parallax_method=&#8221;off&#8221; custom_padding=&#8221;0|0px|36px|0px|false|false&#8221;][et_pb_row make_fullwidth=&#8221;on&#8221; use_custom_gutter=&#8221;on&#8221; gutter_width=&#8221;2&#8243; custom_padding=&#8221;27px|0px|11px|0px|false|false&#8221; _builder_version=&#8221;3.19.18&#8243;][et_pb_column type=&#8221;1_5&#8243;][et_pb_image src=&#8221;https:\/\/kraktours.com\/wp-content\/uploads\/2019\/03\/1-5.jpg&#8221; show_in_lightbox=&#8221;on&#8221; _builder_version=&#8221;3.19.18&#8243; border_radii=&#8221;on|20px|20px|20px|20px&#8221; filter_brightness=&#8221;59%&#8221; filter_brightness__hover_enabled=&#8221;on&#8221; filter_brightness__hover=&#8221;100%&#8221; \/][et_pb_text _builder_version=&#8221;3.19.18&#8243; custom_margin=&#8221;||&#8221;]<\/p>\n<h5 style=\"text-align: center;\"><strong>Spaziergang entlang der Promenade von Krup\u00f3wki<\/strong><\/h5>\n<p>[\/et_pb_text][et_pb_toggle title=&#8221;Mehr&#8221; icon_color=&#8221;#05b197&#8243; _builder_version=&#8221;3.19.18&#8243; border_radii=&#8221;on|20px|20px|20px|20px&#8221; custom_margin=&#8221;-15px||&#8221;]<\/p>\n<p style=\"text-align: center;\">Auf der Krup\u00f3wki gibt es anspruchsvolle R\u00e4umlichkeiten, stimmungsvolle Hochlandrestaurants, Gesch\u00e4fte und Institutionen. Au\u00dferdem gibt es Kutschen und alte Fuhrwerke mit Oscypek (in der Hohen Tatra hergestellter, ger\u00e4ucherter Hartk\u00e4se aus Schafsmilch), Kiepe und Spitzen. Ein gro\u00dfartiger Ort f\u00fcr m\u00fcde Bergwanderer. Auch f\u00fcr diejenigen, die es lieber gem\u00fctlicher m\u00f6gen, ist Krup\u00f3wki das perfekte Ziel.<\/p>\n<p>[\/et_pb_toggle][\/et_pb_column][et_pb_column type=&#8221;1_5&#8243;][et_pb_image src=&#8221;https:\/\/kraktours.com\/wp-content\/uploads\/2019\/03\/2-4.jpg&#8221; show_in_lightbox=&#8221;on&#8221; _builder_version=&#8221;3.19.18&#8243; border_radii=&#8221;on|20px|20px|20px|20px&#8221; filter_brightness=&#8221;59%&#8221; hover_enabled=&#8221;1&#8243; filter_brightness__hover_enabled=&#8221;on&#8221; filter_brightness__hover=&#8221;100%&#8221; \/][et_pb_text _builder_version=&#8221;3.19.18&#8243; header_5_font=&#8221;||||||||&#8221; header_5_font_size=&#8221;15px&#8221; custom_margin=&#8221;||&#8221;]<\/p>\n<h5 style=\"text-align: center;\"><strong>Fahrt mit der Schmalspurbahn auf den Berg Guba\u0142\u00f3wka<\/strong><\/h5>\n<p>[\/et_pb_text][et_pb_toggle title=&#8221;Mehr&#8221; icon_color=&#8221;#05b197&#8243; _builder_version=&#8221;3.19.18&#8243; border_radii=&#8221;on|20px|20px|20px|20px&#8221; custom_margin=&#8221;-15px||&#8221;]<\/p>\n<p style=\"text-align: center;\">Der Guba\u0142\u00f3wka (1126 m \u00fc.d. M.) ist ein beliebtes Ziel f\u00fcr viele Touristen, die sowohl im Sommer als auch im Winter nach Zakopane kommen. Die untere Station der Guba\u0142\u00f3wka-Bahn befindet sich in der Verl\u00e4ngerung der Krup\u00f3wki-Stra\u00dfe. Mit einem komfortablen Wagen mit Glasdach k\u00f6nnen Sie das wundersch\u00f6ne Panorama der Tatra voll auskosten. Der Gipfel des Guba\u0142\u00f3wkas ragt prachtvoll \u00fcber Zakopane.<\/p>\n<p>[\/et_pb_toggle][\/et_pb_column][et_pb_column type=&#8221;1_5&#8243;][et_pb_image src=&#8221;https:\/\/kraktours.com\/wp-content\/uploads\/2019\/03\/3-5.jpg&#8221; show_in_lightbox=&#8221;on&#8221; _builder_version=&#8221;3.19.18&#8243; border_radii=&#8221;on|20px|20px|20px|20px&#8221; filter_brightness=&#8221;59%&#8221; hover_enabled=&#8221;1&#8243; filter_brightness__hover_enabled=&#8221;on&#8221; filter_brightness__hover=&#8221;100%&#8221; \/][et_pb_text _builder_version=&#8221;3.19.18&#8243; header_5_font=&#8221;||||||||&#8221; header_5_font_size=&#8221;15px&#8221; custom_margin=&#8221;||&#8221;]<\/p>\n<h5 style=\"text-align: center;\"><strong>Fahrt mit der Seilbahn auf den Kasprowy Wierch<\/strong><\/h5>\n<p>[\/et_pb_text][et_pb_toggle title=&#8221;Mehr&#8221; icon_color=&#8221;#05b197&#8243; _builder_version=&#8221;3.19.18&#8243; border_radii=&#8221;on|20px|20px|20px|20px&#8221; custom_margin=&#8221;-15px||&#8221;]<\/p>\n<p style=\"text-align: center;\">Die Bahn bringt Sie zum Gipfel des Kasprowy Wierch (1959 m \u00fc.d. M.). Die Fahrt erfolgt mit einer modernen Seilbahn mit Kabinen, die mit Panoramafenstern ausgestattet sind, sodass Sie die sch\u00f6nsten Berglandschaften Polens genie\u00dfen k\u00f6nnen. An der oberen Station der Seilbahn gibt es Terrassen mit Aussichtspunkten, von denen Sie eine beeindruckende Aussicht auf die nahe gelegenen und weitere entfernten Tatra-Gipfel haben, die zu jeder Jahreszeit malerische T\u00e4ler \u00fcberragen.<\/p>\n<p>[\/et_pb_toggle][\/et_pb_column][et_pb_column type=&#8221;1_5&#8243;][et_pb_image src=&#8221;https:\/\/kraktours.com\/wp-content\/uploads\/2019\/03\/4-5.jpg&#8221; show_in_lightbox=&#8221;on&#8221; _builder_version=&#8221;3.19.18&#8243; border_radii=&#8221;on|20px|20px|20px|20px&#8221; filter_brightness=&#8221;59%&#8221; hover_enabled=&#8221;1&#8243; filter_brightness__hover_enabled=&#8221;on&#8221; filter_brightness__hover=&#8221;100%&#8221; \/][et_pb_text _builder_version=&#8221;3.19.18&#8243; custom_margin=&#8221;||&#8221;]<\/p>\n<h5 style=\"text-align: center;\"><strong>Das Tatra-Museum<br \/> \u00a0<\/strong><\/h5>\n<p>[\/et_pb_text][et_pb_toggle title=&#8221;Mehr&#8221; icon_color=&#8221;#05b197&#8243; _builder_version=&#8221;3.19.18&#8243; border_radii=&#8221;on|20px|20px|20px|20px&#8221; custom_margin=&#8221;-15px||&#8221;]<\/p>\n<p style=\"text-align: center;\">Das Tatra-Museum in Zakopane zeigt interessante geologische und ethnographische Sammlungen aus der gesamten Region sowie Exemplare der lokalen Fauna und Flora. Im Sommer k\u00f6nnen Sie im Museum auch das Alpinarium &#8211; einen botanischen Berggarten &#8211; bewundern.<\/p>\n<p>[\/et_pb_toggle][\/et_pb_column][et_pb_column type=&#8221;1_5&#8243;][et_pb_image src=&#8221;https:\/\/kraktours.com\/wp-content\/uploads\/2019\/03\/5-4.jpg&#8221; show_in_lightbox=&#8221;on&#8221; _builder_version=&#8221;3.19.18&#8243; border_radii=&#8221;on|20px|20px|20px|20px&#8221; filter_brightness=&#8221;59%&#8221; hover_enabled=&#8221;1&#8243; filter_brightness__hover_enabled=&#8221;on&#8221; filter_brightness__hover=&#8221;100%&#8221; \/][et_pb_text _builder_version=&#8221;3.19.18&#8243; custom_margin=&#8221;||&#8221;]<\/p>\n<h5 style=\"text-align: center;\"><strong>Museum des Zakopane-Stils<br \/>&nbsp;<\/strong><\/h5>\n<p>[\/et_pb_text][et_pb_toggle title=&#8221;Mehr&#8221; icon_color=&#8221;#05b197&#8243; _builder_version=&#8221;3.19.18&#8243; border_radii=&#8221;on|20px|20px|20px|20px&#8221; custom_margin=&#8221;-15px||&#8221;]<\/p>\n<p style=\"text-align: center;\">Die Dauerausstellung befindet sich in Zakopane in einem Landhaus aus dem 19. Jahrhundert und zeigt die Quellen des Zakopane-Stils &#8211; den Bau und die Ausstattung von Highlanders &#8216;Cottages sowie eine ethnografische Sammlung aus dem 19. Jahrhunderts. Die Ausstellung ist in zwei R\u00e4umen organisiert. Die schwarze Kammer, in der sich das Leben einer Highlander-Familie in der Vergangenheit konzentrierte, ist genauso angeordnet wie die Kammern in der zweiten H\u00e4lfte des 19. Jahrhunderts und die wei\u00dfe Kammer, die als Salon in einem Highlander-Cottage dient.<\/p>\n<p>[\/et_pb_toggle][\/et_pb_column][\/et_pb_row][et_pb_row make_fullwidth=&#8221;on&#8221; use_custom_gutter=&#8221;on&#8221; gutter_width=&#8221;2&#8243; custom_padding=&#8221;27px|0px|11px|0px|false|false&#8221; _builder_version=&#8221;3.19.18&#8243;][et_pb_column type=&#8221;1_5&#8243;][et_pb_image src=&#8221;https:\/\/kraktours.com\/wp-content\/uploads\/2019\/03\/6-4.jpg&#8221; show_in_lightbox=&#8221;on&#8221; _builder_version=&#8221;3.19.18&#8243; border_radii=&#8221;on|20px|20px|20px|20px&#8221; filter_brightness=&#8221;59%&#8221; filter_brightness__hover_enabled=&#8221;on&#8221; filter_brightness__hover=&#8221;100%&#8221; \/][et_pb_text _builder_version=&#8221;3.19.18&#8243; custom_margin=&#8221;||&#8221;]<\/p>\n<h5 style=\"text-align: center;\"><strong> Sprungschanze bei Wielka Krokiew<br \/>\u00a0<\/strong><\/h5>\n<p>[\/et_pb_text][et_pb_toggle title=&#8221;Mehr&#8221; icon_color=&#8221;#05b197&#8243; _builder_version=&#8221;3.19.18&#8243; border_radii=&#8221;on|20px|20px|20px|20px&#8221; custom_margin=&#8221;-15px||&#8221;]<\/p>\n<p style=\"text-align: center;\">Die Skisprungschanze Wielka Krokwia in Zakopane ist eine sehr bekannte Sportst\u00e4tte in Polen. Es ist ein nat\u00fcrlicher H\u00fcgel, am Hang gelegen, buchst\u00e4blich zwischen W\u00e4ldern, dessen St\u00e4nde 50.000 Fans fassen k\u00f6nnen. Neben der Schanze gibt es eine Sesselbahn auf den Wielka Krokiew.<\/p>\n<p>[\/et_pb_toggle][\/et_pb_column][et_pb_column type=&#8221;1_5&#8243;][et_pb_image src=&#8221;https:\/\/kraktours.com\/wp-content\/uploads\/2019\/03\/7-3.jpg&#8221; show_in_lightbox=&#8221;on&#8221; _builder_version=&#8221;3.19.18&#8243; border_radii=&#8221;on|20px|20px|20px|20px&#8221; filter_brightness=&#8221;59%&#8221; hover_enabled=&#8221;1&#8243; filter_brightness__hover_enabled=&#8221;on&#8221; filter_brightness__hover=&#8221;100%&#8221; \/][et_pb_text _builder_version=&#8221;3.19.18&#8243; header_6_font=&#8221;||||||||&#8221; custom_margin=&#8221;||&#8221;]<\/p>\n<h6 style=\"text-align: center;\"><strong>Eine Fahrt mit dem Sessellift auf den Wielka Krokiew<\/strong><\/h6>\n<p>[\/et_pb_text][et_pb_toggle title=&#8221;Mehr&#8221; icon_color=&#8221;#05b197&#8243; _builder_version=&#8221;3.19.18&#8243; border_radii=&#8221;on|20px|20px|20px|20px&#8221; custom_margin=&#8221;-15px||&#8221;]<\/p>\n<p style=\"text-align: center;\">Die Skisprungschanze Wielka Krokwia in Zakopane ist eine sehr bekannte Sportst\u00e4tte in Polen. Es ist ein nat\u00fcrlicher H\u00fcgel, am Hang gelegen, buchst\u00e4blich zwischen W\u00e4ldern, dessen St\u00e4nde 50.000 fassen k\u00f6nnen. Fans. Neben der Schanze gibt es eine Sesselbahn nach Wielka Krokiew.<\/p>\n<p>[\/et_pb_toggle][\/et_pb_column][et_pb_column type=&#8221;1_5&#8243;][et_pb_image src=&#8221;https:\/\/kraktours.com\/wp-content\/uploads\/2019\/03\/8-2.jpg&#8221; show_in_lightbox=&#8221;on&#8221; _builder_version=&#8221;3.19.18&#8243; border_radii=&#8221;on|20px|20px|20px|20px&#8221; filter_brightness=&#8221;59%&#8221; hover_enabled=&#8221;1&#8243; filter_brightness__hover_enabled=&#8221;on&#8221; filter_brightness__hover=&#8221;100%&#8221; \/][et_pb_text _builder_version=&#8221;3.19.18&#8243; custom_margin=&#8221;||&#8221;]<\/p>\n<h5 style=\"text-align: center;\"><strong>Ko\u015bcieliska-Tal<br \/> \u00a0<\/strong><\/h5>\n<p>[\/et_pb_text][et_pb_toggle title=&#8221;Mehr&#8221; icon_color=&#8221;#05b197&#8243; _builder_version=&#8221;3.19.18&#8243; border_radii=&#8221;on|20px|20px|20px|20px&#8221; custom_margin=&#8221;-15px||&#8221;]<\/p>\n<p style=\"text-align: center;\">Das Ko\u015bcieliska-Tal ist ein gro\u00dfes malerisches Tal mit einer L\u00e4nge von 8 km. Es ist eines der ber\u00fchmtesten und sch\u00f6nsten T\u00e4ler der Tatra. Durch das Ko\u015bcieliska-Tal kann man auch mit Kinderwagen spazieren gehen oder mit Pferdewagen fahren, weshalb es zahlreich und gerne von Touristen auch mit Kindern besucht wird.<\/p>\n<p>[\/et_pb_toggle][\/et_pb_column][et_pb_column type=&#8221;1_5&#8243;][et_pb_image src=&#8221;https:\/\/kraktours.com\/wp-content\/uploads\/2019\/03\/9.jpg&#8221; show_in_lightbox=&#8221;on&#8221; _builder_version=&#8221;3.19.18&#8243; border_radii=&#8221;on|20px|20px|20px|20px&#8221; filter_brightness=&#8221;59%&#8221; hover_enabled=&#8221;1&#8243; filter_brightness__hover_enabled=&#8221;on&#8221; filter_brightness__hover=&#8221;100%&#8221; \/][et_pb_text _builder_version=&#8221;3.19.18&#8243; custom_margin=&#8221;||&#8221;]<\/p>\n<h5 style=\"text-align: center;\"><strong>Zahlreiche touristische Wanderwege<br \/><\/strong><\/h5>\n<p>[\/et_pb_text][et_pb_toggle title=&#8221;Mehr&#8221; icon_color=&#8221;#05b197&#8243; _builder_version=&#8221;3.19.18&#8243; border_radii=&#8221;on|20px|20px|20px|20px&#8221; custom_margin=&#8221;-15px||&#8221;]<\/p>\n<p style=\"text-align: center;\">In der Umgebung von Zakopane gibt es viele touristische Routen, die durch malerische T\u00e4ler sowie hohe Gefilde der Berge f\u00fchren.<\/p>\n<p>[\/et_pb_toggle][\/et_pb_column][et_pb_column type=&#8221;1_5&#8243;][et_pb_image src=&#8221;https:\/\/kraktours.com\/wp-content\/uploads\/2019\/03\/10.jpg&#8221; show_in_lightbox=&#8221;on&#8221; _builder_version=&#8221;3.19.18&#8243; border_radii=&#8221;on|20px|20px|20px|20px&#8221; filter_brightness=&#8221;59%&#8221; hover_enabled=&#8221;1&#8243; filter_brightness__hover_enabled=&#8221;on&#8221; filter_brightness__hover=&#8221;100%&#8221; \/][et_pb_text _builder_version=&#8221;3.19.18&#8243; custom_margin=&#8221;||&#8221;]<\/p>\n<h5 style=\"text-align: center;\"><strong>Thermalb\u00e4der &#8211; Spa &#038; Wellness Center<\/strong><\/h5>\n<p>[\/et_pb_text][et_pb_toggle title=&#8221;Mehr&#8221; icon_color=&#8221;#05b197&#8243; _builder_version=&#8221;3.19.18&#8243; border_radii=&#8221;on|20px|20px|20px|20px&#8221; custom_margin=&#8221;-15px||&#8221;]<\/p>\n<p style=\"text-align: center;\">In Podhale gibt es Spa &#038; Wellness Resorts mit Thermalwasser, wo Sie einen sch\u00f6nen Tag verbringen und in zahlreichen Saunen und Schwimmb\u00e4dern mit Blick auf die Berge entspannen k\u00f6nnen.<\/p>\n<p>[\/et_pb_toggle][\/et_pb_column][\/et_pb_row][\/et_pb_section][et_pb_section bb_built=&#8221;1&#8243; admin_label=&#8221;Gallery&#8221; prev_background_color=&#8221;#ffffff&#8221; _builder_version=&#8221;3.19.18&#8243; background_image=&#8221;https:\/\/kraktours.com\/wp-content\/uploads\/2019\/03\/tlo-3.jpg&#8221; parallax=&#8221;on&#8221; parallax_method=&#8221;off&#8221; custom_padding=&#8221;0px||0px|&#8221;][et_pb_row make_fullwidth=&#8221;on&#8221; use_custom_gutter=&#8221;on&#8221; gutter_width=&#8221;2&#8243; custom_padding=&#8221;9px|0px|27px|0px|false|false&#8221; _builder_version=&#8221;3.19.18&#8243; border_radii=&#8221;on|20px|20px|20px|20px&#8221;][et_pb_column type=&#8221;4_4&#8243;][et_pb_text admin_label=&#8221;Discover Beatuty Title&#8221; _builder_version=&#8221;3.19.18&#8243; text_font=&#8221;||||&#8221; text_text_color=&#8221;#1a1a1a&#8221; header_font=&#8221;Oswald|on||on|&#8221; header_text_align=&#8221;left&#8221; header_font_size=&#8221;60px&#8221; header_line_height=&#8221;1.3em&#8221; header_2_font=&#8221;||||||||&#8221; header_2_font_size=&#8221;24px&#8221; animation_style=&#8221;slide&#8221; animation_direction=&#8221;%22fade_in%22&#8243; animation_duration=&#8221;500ms&#8221; animation_intensity_slide=&#8221;10%&#8221;]<\/p>\n<h2 style=\"text-align: center;\"><b>Galerie<\/b><\/h2>\n<p><strong><\/strong><\/p>\n<p><strong><\/strong><\/p>\n<p>[\/et_pb_text][et_pb_gallery gallery_ids=&#8221;450,451,452,453,454,455,456&#8243; show_title_and_caption=&#8221;off&#8221; hover_overlay_color=&#8221;rgba(255,255,255,0.65)&#8221; hover_icon=&#8221;%%32%%&#8221; _builder_version=&#8221;3.19.18&#8243; border_radii_image=&#8221;on|20px|20px|20px|20px&#8221; border_width_all_image=&#8221;5px&#8221; border_color_all_image=&#8221;#05b197&#8243; \/][\/et_pb_column][\/et_pb_row][\/et_pb_section]<\/p>\n","protected":false},"excerpt":{"rendered":"<p>Zakopane ist die Winterhauptstadt Polens im S\u00fcden des Landes Zakopane\u00a0 Eines der bekanntesten Fremdenverkehrszentren am Fu\u00dfe der Tatra und h\u00f6chstgelegene Stadt Polens. Wird auch als Winterhauptstadt Polens bezeichnet. Zahlreiche Villen im sog. Zakopane-Stil. Gute \u00dcbernachtungs-, Verpflegungsund Touristikbasis. Seilschwebebahn auf den Kasprowy Wierch und Standseilbahn auf den Guba\u0142\u00f3wka, Skilifte; an den H\u00e4ngen des Krokiew Sprungschanzen. Herrliche [&hellip;]<\/p>\n","protected":false},"author":1,"featured_media":0,"parent":0,"menu_order":0,"comment_status":"closed","ping_status":"closed","template":"","meta":{"_et_pb_use_builder":"on","_et_pb_old_content":"","_et_gb_content_width":"","footnotes":""},"class_list":["post-870","page","type-page","status-publish","hentry"],"_links":{"self":[{"href":"https:\/\/kraktours.com\/it\/wp-json\/wp\/v2\/pages\/870","targetHints":{"allow":["GET"]}}],"collection":[{"href":"https:\/\/kraktours.com\/it\/wp-json\/wp\/v2\/pages"}],"about":[{"href":"https:\/\/kraktours.com\/it\/wp-json\/wp\/v2\/types\/page"}],"author":[{"embeddable":true,"href":"https:\/\/kraktours.com\/it\/wp-json\/wp\/v2\/users\/1"}],"replies":[{"embeddable":true,"href":"https:\/\/kraktours.com\/it\/wp-json\/wp\/v2\/comments?post=870"}],"version-history":[{"count":12,"href":"https:\/\/kraktours.com\/it\/wp-json\/wp\/v2\/pages\/870\/revisions"}],"predecessor-version":[{"id":1499,"href":"https:\/\/kraktours.com\/it\/wp-json\/wp\/v2\/pages\/870\/revisions\/1499"}],"wp:attachment":[{"href":"https:\/\/kraktours.com\/it\/wp-json\/wp\/v2\/media?parent=870"}],"curies":[{"name":"wp","href":"https:\/\/api.w.org\/{rel}","templated":true}]}}