{"id":832,"date":"2019-03-12T14:58:57","date_gmt":"2019-03-12T14:58:57","guid":{"rendered":"http:\/\/vp.moreo.pl\/en\/?page_id=832"},"modified":"2019-05-16T18:31:02","modified_gmt":"2019-05-16T18:31:02","slug":"pieniny-4","status":"publish","type":"page","link":"https:\/\/kraktours.com\/fr\/pieniny-4\/","title":{"rendered":"Pieninen (Dunajec Flo\u00dffahrt)"},"content":{"rendered":"<p>[et_pb_section bb_built=&#8221;1&#8243; admin_label=&#8221;Hero&#8221; fullwidth=&#8221;on&#8221; next_background_color=&#8221;#ffffff&#8221; _builder_version=&#8221;3.19.18&#8243; background_color=&#8221;#233b4e&#8221; parallax=&#8221;on&#8221; custom_padding=&#8221;0px|0px|0px|0px&#8221;][et_pb_fullwidth_header admin_label=&#8221;Hero Section&#8221; title=&#8221;Pieninen (Dunajec Flo\u00dffahrt) &#8211; Private Tour&#8221; button_one_text=&#8221;termin buchen&#8221; button_one_url=&#8221;https:\/\/kraktours.com\/de\/buchung\/&#8221; background_overlay_color=&#8221;rgba(29,38,51,0.86)&#8221; content_max_width=&#8221;700px&#8221; module_id=&#8221;#wycieczka&#8221; _builder_version=&#8221;3.19.18&#8243; title_font=&#8221;Oswald|on||on|&#8221; title_font_size=&#8221;65px&#8221; title_line_height=&#8221;1.3em&#8221; content_font=&#8221;Roboto||||&#8221; content_font_size=&#8221;19px&#8221; content_line_height=&#8221;1.7em&#8221; background_color=&#8221;rgba(255,255,255,0)&#8221; background_image=&#8221;https:\/\/kraktours.com\/wp-content\/uploads\/2019\/03\/poland-754711_1280.jpg&#8221; parallax=&#8221;on&#8221; parallax_method=&#8221;on&#8221; custom_button_one=&#8221;on&#8221; button_one_border_radius=&#8221;0px&#8221; button_one_letter_spacing=&#8221;4px&#8221; button_one_font=&#8221;Oswald|on||on|&#8221; button_one_icon=&#8221;%%3%%&#8221; button_one_icon_color=&#8221;#ffffff&#8221; custom_margin=&#8221;|||&#8221; custom_padding=&#8221;150px||150px|&#8221; custom_padding_tablet=&#8221;60px||60px|&#8221; custom_padding_last_edited=&#8221;on|tablet&#8221; animation_style=&#8221;zoom&#8221; animation_direction=&#8221;bottom&#8221; animation_intensity_zoom=&#8221;4%&#8221; button_one_text_color_hover=&#8221;#ffffff&#8221; button_one_border_color_hover=&#8221;#ffffff&#8221; button_one_border_radius_hover=&#8221;0px&#8221; button_one_letter_spacing_hover=&#8221;4px&#8221; button_one_bg_color_hover=&#8221;rgba(0,0,0,0)&#8221; button_one_text_size__hover_enabled=&#8221;off&#8221; button_two_text_size__hover_enabled=&#8221;off&#8221; button_one_text_color__hover_enabled=&#8221;on&#8221; button_one_text_color__hover=&#8221;#ffffff&#8221; button_two_text_color__hover_enabled=&#8221;off&#8221; button_one_border_width__hover_enabled=&#8221;off&#8221; button_two_border_width__hover_enabled=&#8221;off&#8221; button_one_border_color__hover_enabled=&#8221;on&#8221; button_one_border_color__hover=&#8221;#ffffff&#8221; button_two_border_color__hover_enabled=&#8221;off&#8221; button_one_border_radius__hover_enabled=&#8221;on&#8221; button_one_border_radius__hover=&#8221;0px&#8221; button_two_border_radius__hover_enabled=&#8221;off&#8221; button_one_letter_spacing__hover_enabled=&#8221;on&#8221; button_one_letter_spacing__hover=&#8221;4px&#8221; button_two_letter_spacing__hover_enabled=&#8221;off&#8221; button_one_bg_color__hover_enabled=&#8221;on&#8221; button_one_bg_color__hover=&#8221;rgba(0,0,0,0)&#8221; button_two_bg_color__hover_enabled=&#8221;off&#8221;]<\/p>\n<p>ist eine wundersch\u00f6ne, eigenartige Bergkette, die sich etwa 130 km von Krakau<\/p>\n<p>[\/et_pb_fullwidth_header][\/et_pb_section][et_pb_section bb_built=&#8221;1&#8243; prev_background_color=&#8221;#233b4e&#8221; next_background_color=&#8221;#ffffff&#8221; _builder_version=&#8221;3.19.18&#8243; background_image=&#8221;https:\/\/kraktours.com\/wp-content\/uploads\/2019\/03\/tlo-3.jpg&#8221; parallax=&#8221;on&#8221; parallax_method=&#8221;off&#8221; custom_padding=&#8221;38px||0||false|false&#8221;][et_pb_row custom_padding=&#8221;25px|0px|9px|0px|false|false&#8221; _builder_version=&#8221;3.19.18&#8243;][et_pb_column type=&#8221;1_2&#8243;][et_pb_text admin_label=&#8221;Discover Beatuty Title&#8221; _builder_version=&#8221;3.19.18&#8243; text_font=&#8221;||||&#8221; text_text_color=&#8221;#1a1a1a&#8221; header_font=&#8221;Oswald|on||on|&#8221; header_text_align=&#8221;left&#8221; header_font_size=&#8221;60px&#8221; header_line_height=&#8221;1.3em&#8221; header_2_font=&#8221;||||||||&#8221; header_2_font_size=&#8221;34px&#8221; animation_style=&#8221;slide&#8221; animation_direction=&#8221;%22fade_in%22&#8243; animation_duration=&#8221;500ms&#8221; animation_intensity_slide=&#8221;10%&#8221;]<\/p>\n<h2><b>Pieniny\u00a0<\/b><\/h2>\n<p>[\/et_pb_text][et_pb_text admin_label=&#8221;Discover Beatuty Text&#8221; disabled_on=&#8221;off|off|off%22%22&#8243; _builder_version=&#8221;3.19.18&#8243; text_font=&#8221;Roboto||||&#8221; text_font_size=&#8221;16px&#8221; text_line_height=&#8221;1.9em&#8221; custom_padding=&#8221;|||&#8221; animation_style=&#8221;slide&#8221; animation_direction=&#8221;top&#8221; animation_delay=&#8221;300ms&#8221; animation_intensity_slide=&#8221;10%&#8221;]<\/p>\n<p style=\"text-align: justify;\"><span style=\"color: #000000;\">Pieninen ist eine wundersch\u00f6ne, eigenartige Bergkette, die sich etwa 130 km von Krakau entfernt befindet. Diese Berge sind f\u00fcr ihren felsigen Bergr\u00fccken bekannt, weshalb sie der Tatra \u00e4hneln, obwohl sie nicht hoch und die sch\u00f6nen Schluchten des Dunajec sind. Die Hauptattraktion der Pieniny, die in ganz Polen ber\u00fchmt ist, ist die malerische Schlucht des Dunajec-Flo\u00dfes, zwischen wilder Natur und den herrlichen Panoramen der Pieniny. Die Reisezeit von Krakau nach Pieniny dauert ca. 2 Stunden.<\/span><\/p>\n<p style=\"text-align: justify;\"><span style=\"color: #000000;\">Sie w\u00e4hlen die Attraktionen und Orte, die Sie sehen m\u00f6chten.<\/span><\/p>\n<p style=\"text-align: justify;\">\n<p>[\/et_pb_text][\/et_pb_column][et_pb_column type=&#8221;1_2&#8243;][et_pb_blurb title=&#8221;Reisedauer: &#8221; use_icon=&#8221;on&#8221; font_icon=&#8221;%%373%%&#8221; icon_color=&#8221;#00af95&#8243; icon_placement=&#8221;left&#8221; _builder_version=&#8221;3.19.18&#8243; header_font=&#8221;|700|||||||&#8221; body_font=&#8221;||||||||&#8221; body_text_color=&#8221;#000000&#8243; body_font_size=&#8221;16px&#8221;]<\/p>\n<p>bis 10 Stunden<\/p>\n<p>[\/et_pb_blurb][et_pb_blurb title=&#8221;Ausflugpreis pro Gruppe: &#8221; use_icon=&#8221;on&#8221; font_icon=&#8221;%%156%%&#8221; icon_color=&#8221;#00af95&#8243; icon_placement=&#8221;left&#8221; _builder_version=&#8221;3.19.18&#8243; header_font=&#8221;|700|||||||&#8221; body_font=&#8221;||||||||&#8221; body_text_color=&#8221;#000000&#8243; body_font_size=&#8221;16px&#8221;]<\/p>\n<ul>\n<li>1-3 Personen    139 \u20ac \/ 560 PLN<\/li>\n<li>4-6 Personen    159 \u20ac \/ 640 PLN<\/li>\n<li>7-8 Personen    169 \u20ac \/ 680 PLN<\/li>\n<\/ul>\n<p>[\/et_pb_blurb][et_pb_blurb title=&#8221;Der Reisepreis enth\u00e4lt:&#8221; use_icon=&#8221;on&#8221; font_icon=&#8221;%%32%%&#8221; icon_color=&#8221;#00af95&#8243; icon_placement=&#8221;left&#8221; _builder_version=&#8221;3.19.18&#8243; header_font=&#8221;|700|||||||&#8221; body_text_color=&#8221;#000000&#8243; body_font_size=&#8221;16px&#8221; custom_margin=&#8221;-20px||&#8221;]<\/p>\n<ul>\n<li>Einen privaten Mini-Van, klimatisiert und komfortabel &#8211; mit einem Fahrer nur f\u00fcr Sie<\/li>\n<li>&#8220;T\u00fcr zu T\u00fcr&#8221; Service: Sie werden abgeholt und direkt zu \/ von Ihrem Hotel \/ ausgew\u00e4hlten Ort in Krakau oder in der N\u00e4he gebracht<\/li>\n<li>Deutschsprachige Unterst\u00fctzung seitens Fahrer<\/li>\n<li>Eine Auswahl erfrischender Getr\u00e4nke im Sommer<\/li>\n<\/ul>\n<p>[\/et_pb_blurb][et_pb_blurb title=&#8221;Zus\u00e4tzliche Kosten&#8221; use_icon=&#8221;on&#8221; font_icon=&#8221;%%162%%&#8221; icon_color=&#8221;#00af95&#8243; icon_placement=&#8221;left&#8221; _builder_version=&#8221;3.19.18&#8243; header_font=&#8221;|700|||||||&#8221; body_font=&#8221;||||||||&#8221; body_text_color=&#8221;#000000&#8243; body_font_size=&#8221;16px&#8221; custom_margin=&#8221;||&#8221;]<\/p>\n<p>Eintritskarten f\u00fcr ausgew\u00e4hlte Sehensw\u00fcrdigkeiten sind nicht im Reisepreis enthalten.<\/p>\n<p>[\/et_pb_blurb][\/et_pb_column][\/et_pb_row][et_pb_row custom_padding=&#8221;1px|0px|27px|0px|false|false&#8221; _builder_version=&#8221;3.19.18&#8243;][et_pb_column type=&#8221;4_4&#8243;][et_pb_text admin_label=&#8221;Discover Beatuty Title&#8221; _builder_version=&#8221;3.19.18&#8243; text_font=&#8221;||||&#8221; text_text_color=&#8221;#1a1a1a&#8221; header_font=&#8221;Oswald|on||on|&#8221; header_text_align=&#8221;left&#8221; header_font_size=&#8221;60px&#8221; header_line_height=&#8221;1.3em&#8221; header_2_font_size=&#8221;24px&#8221; animation_style=&#8221;slide&#8221; animation_duration=&#8221;500ms&#8221; animation_intensity_slide=&#8221;10%&#8221;]<\/p>\n<h2 style=\"text-align: center;\"><strong>Folgende Attraktionen zur Auswahl:<\/strong><\/h2>\n<p>[\/et_pb_text][\/et_pb_column][\/et_pb_row][\/et_pb_section][et_pb_section bb_built=&#8221;1&#8243; prev_background_color=&#8221;#ffffff&#8221; next_background_color=&#8221;#ffffff&#8221; _builder_version=&#8221;3.19.18&#8243; background_image=&#8221;https:\/\/kraktours.com\/wp-content\/uploads\/2019\/03\/tlo-3.jpg&#8221; parallax=&#8221;on&#8221; parallax_method=&#8221;off&#8221; custom_padding=&#8221;0|0px|54px|0px|false|false&#8221;][et_pb_row make_fullwidth=&#8221;on&#8221; use_custom_gutter=&#8221;on&#8221; gutter_width=&#8221;2&#8243; custom_padding=&#8221;27px|0px|11px|0px|false|false&#8221; _builder_version=&#8221;3.19.18&#8243;][et_pb_column type=&#8221;1_4&#8243;][et_pb_image src=&#8221;https:\/\/kraktours.com\/wp-content\/uploads\/2019\/03\/1-1.jpg&#8221; show_in_lightbox=&#8221;on&#8221; _builder_version=&#8221;3.19.18&#8243; border_radii=&#8221;on|20px|20px|20px|20px&#8221; filter_brightness=&#8221;59%&#8221; filter_brightness__hover_enabled=&#8221;on&#8221; filter_brightness__hover=&#8221;100%&#8221; \/][et_pb_text _builder_version=&#8221;3.19.18&#8243; custom_margin=&#8221;||&#8221;]<\/p>\n<h5 style=\"text-align: center;\"><strong>Flo\u00dffahrt auf dem Dunajec-Fluss  <br \/>(1.04 &#8211; 31.10)<\/strong><\/h5>\n<p>[\/et_pb_text][et_pb_toggle title=&#8221;Mehr&#8221; icon_color=&#8221;#05b197&#8243; _builder_version=&#8221;3.19.18&#8243; border_radii=&#8221;on|20px|20px|20px|20px&#8221; custom_margin=&#8221;-15px||&#8221;]<\/p>\n<p style=\"text-align: center;\">Dieses spannende Erlebnis stellt eine der gr\u00f6\u00dften touristischen Attraktionen Polens, die eine 160 Jahre lange Tradition aufweist. Die sch\u00f6nsten Aussichten und Denkm\u00e4ler der Pieninen k\u00f6nnen bei der Dunajec-Fahrt auf originellen Fl\u00f6\u00dfen, die von Fl\u00f6\u00dfern gef\u00fchrt werden, bewundert werden. Der Bergfluss durchdringt die auf seinem Weg befindlichen Kalksteinmassive, angesichts deren die Fl\u00f6\u00dfe wie Spielzeugboote aussehen. Auf der H\u00f6he des h\u00f6chsten Gipfels der Pieninen, dem Drei-Kronen-Gipfel, windet sich Dunajec in 7 Schlaufen. Die in der Luftlinie gemessene L\u00e4nge des Durchbruchs, die 2,8 km betr\u00e4gt, vergr\u00f6\u00dfert sich dort bis zu 8 km. Die Flo\u00dffahrt beginnt an der Anlegestelle in K\u0105ty in Sromowce Wy\u017cne. Innerhalb von 2-3 Stunden bew\u00e4ltigen die von den hiesigen Goralen gekonnt gef\u00fchrten Fl\u00f6\u00dfe eine 18 km lange Strecke nach Szczawnica, oder eine 23 km lange Strecke nach Kro\u015bcienko. Flo\u00dffahrt findet von April bis Oktober statt.<\/p>\n<p>[\/et_pb_toggle][\/et_pb_column][et_pb_column type=&#8221;1_4&#8243;][et_pb_image src=&#8221;https:\/\/kraktours.com\/wp-content\/uploads\/2019\/03\/2-1.jpg&#8221; show_in_lightbox=&#8221;on&#8221; _builder_version=&#8221;3.19.18&#8243; border_radii=&#8221;on|20px|20px|20px|20px&#8221; filter_brightness=&#8221;59%&#8221; hover_enabled=&#8221;1&#8243; filter_brightness__hover_enabled=&#8221;on&#8221; filter_brightness__hover=&#8221;100%&#8221; \/][et_pb_text _builder_version=&#8221;3.19.18&#8243; header_5_font=&#8221;||||||||&#8221; header_5_font_size=&#8221;15px&#8221; custom_margin=&#8221;||&#8221;]<\/p>\n<h5 style=\"text-align: center;\"><strong>Eine Kreuzfahrt auf dem Czorsztyn  <br \/>(1.05 &#8211; 31.10)<\/strong><\/h5>\n<p>[\/et_pb_text][et_pb_toggle title=&#8221;Mehr&#8221; icon_color=&#8221;#05b197&#8243; _builder_version=&#8221;3.19.18&#8243; border_radii=&#8221;on|20px|20px|20px|20px&#8221; custom_margin=&#8221;-15px||&#8221;]<\/p>\n<p style=\"text-align: center;\">Das Schiff ist ein schwimmendes Caf\u00e9. Vom Wasser aus sind nicht nur die malerischen Berge, sondern auch die Schlossruinen von Czorsztyn und die restaurierte Residenz in Niedzica zu bewundern. W\u00e4hrend der Kreuzfahrt im oberen Teil und am Bug k\u00f6nnen Sie sich sonnen. Im mittleren Teil des Schiffes befindet sich ein Glaskaffee, in dem Sie bei angenehmer Musik Kaffee, ein kaltes Bier oder etwas S\u00fc\u00dfes trinken k\u00f6nnen. Die Bootsfahrt dauert etwa 50 Minuten und findet von Mai bis Oktober statt.<\/p>\n<p>[\/et_pb_toggle][\/et_pb_column][et_pb_column type=&#8221;1_4&#8243;][et_pb_image src=&#8221;https:\/\/kraktours.com\/wp-content\/uploads\/2019\/03\/3-1.jpg&#8221; show_in_lightbox=&#8221;on&#8221; _builder_version=&#8221;3.19.18&#8243; border_radii=&#8221;on|20px|20px|20px|20px&#8221; filter_brightness=&#8221;59%&#8221; hover_enabled=&#8221;1&#8243; filter_brightness__hover_enabled=&#8221;on&#8221; filter_brightness__hover=&#8221;100%&#8221; \/][et_pb_text _builder_version=&#8221;3.19.18&#8243; header_5_font=&#8221;||||||||&#8221; header_5_font_size=&#8221;15px&#8221; custom_margin=&#8221;||&#8221;]<\/p>\n<h5 style=\"text-align: center;\"><strong>Besuch der Burg Niedzica<br \/>&nbsp;<\/strong><\/h5>\n<p>[\/et_pb_text][et_pb_toggle title=&#8221;Mehr&#8221; icon_color=&#8221;#05b197&#8243; _builder_version=&#8221;3.19.18&#8243; border_radii=&#8221;on|20px|20px|20px|20px&#8221; custom_margin=&#8221;-15px||&#8221;]<\/p>\n<p style=\"text-align: center;\">Das \u00e4u\u00dferst reizvoll gelegene Schloss in Niedzica liegt am Czorsztyn-See. Es wurde um 1325 erbaut, ging dann viele Male von Hand zu Hand und war im Besitz ausl\u00e4ndischer Familien. In der den Touristen zur Verf\u00fcgung gestellten Burg entsteht ein interessantes Museum, in dem Sie sich unter anderem treffen k\u00f6nnen Folterwerkzeuge und ein interessantes Wagenhaus mit Pferdekutschen und Karren. In den Mauern des Geb\u00e4udes wurde auch ein Restaurant errichtet, im Untergeschoss ein romantisches Caf\u00e9. Von der Terrasse des Schlosses k\u00f6nnen Sie die wundersch\u00f6ne Aussicht auf die Lagune, den Damm und die nahe gelegenen Ruinen der Burg in Czorsztyn und die umliegenden Berge genie\u00dfen.<\/p>\n<p>[\/et_pb_toggle][\/et_pb_column][et_pb_column type=&#8221;1_4&#8243;][et_pb_image src=&#8221;https:\/\/kraktours.com\/wp-content\/uploads\/2019\/03\/4-1.jpg&#8221; show_in_lightbox=&#8221;on&#8221; _builder_version=&#8221;3.19.18&#8243; border_radii=&#8221;on|20px|20px|20px|20px&#8221; filter_brightness=&#8221;59%&#8221; hover_enabled=&#8221;1&#8243; filter_brightness__hover_enabled=&#8221;on&#8221; filter_brightness__hover=&#8221;100%&#8221; \/][et_pb_text _builder_version=&#8221;3.19.18&#8243; custom_margin=&#8221;||&#8221;]<\/p>\n<h5 style=\"text-align: center;\"><strong>Wanderung auf der Berg <br \/> &#8220;Trzy Korony&#8221;<\/strong><\/h5>\n<p>[\/et_pb_text][et_pb_toggle title=&#8221;Mehr&#8221; icon_color=&#8221;#05b197&#8243; _builder_version=&#8221;3.19.18&#8243; border_radii=&#8221;on|20px|20px|20px|20px&#8221; custom_margin=&#8221;-15px||&#8221;]<\/p>\n<p style=\"text-align: center;\">Trzy Korony (982 m \u00fc.dM) ist der zweith\u00f6chste Gipfel des sch\u00f6nen Pieniny. Oben wurde eine Terrasse gebaut, von der aus man eine herrliche Aussicht hat. Drei Kronen sind w\u00e4hrend des beliebten Raftings auf dem Dunajec River und vom malerischen Pieniny Way, dem Herzen des Nationalparks Pieniny, perfekt sichtbar. Der Eintritt zu den Drei Kronen ist auf drei Strecken m\u00f6glich und dauert 2 bis 3,5 Stunden.<\/p>\n<p>[\/et_pb_toggle][\/et_pb_column][\/et_pb_row][et_pb_row make_fullwidth=&#8221;on&#8221; use_custom_gutter=&#8221;on&#8221; gutter_width=&#8221;2&#8243; custom_padding=&#8221;27px|0px|11px|0px|false|false&#8221; _builder_version=&#8221;3.19.18&#8243;][et_pb_column type=&#8221;1_3&#8243;][et_pb_image src=&#8221;https:\/\/kraktours.com\/wp-content\/uploads\/2019\/03\/5-1.jpg&#8221; show_in_lightbox=&#8221;on&#8221; _builder_version=&#8221;3.19.18&#8243; border_radii=&#8221;on|20px|20px|20px|20px&#8221; filter_brightness=&#8221;59%&#8221; filter_brightness__hover_enabled=&#8221;on&#8221; filter_brightness__hover=&#8221;100%&#8221; \/][et_pb_text _builder_version=&#8221;3.19.18&#8243; custom_margin=&#8221;||&#8221;]<\/p>\n<h5 style=\"text-align: center;\"><strong>Wanderung durch<br \/> Homole-Schlucht<br \/> <\/strong><\/h5>\n<p>[\/et_pb_text][et_pb_toggle title=&#8221;Mehr&#8221; icon_color=&#8221;#05b197&#8243; _builder_version=&#8221;3.19.18&#8243; border_radii=&#8221;on|20px|20px|20px|20px&#8221; custom_margin=&#8221;-15px||&#8221;]<\/p>\n<p style=\"text-align: center;\">Gorole Homole ist ein wunderbarer Ort in den kleinen Pieniny-Bergen. Um diese wundersch\u00f6ne Felsschlucht zu sch\u00fctzen, wurde hier 1963 ein Naturschutzgebiet mit einer Fl\u00e4che von ca. 40 ha angelegt. Das malerische Tal ist einer der sch\u00f6nsten Orte in diesem Teil der Pieniny. Durch die Schlucht f\u00fchrt ein Weg durch das Tal selbst, der etwa 45 Minuten dauert, oder folgt ihm weiter und betritt den h\u00f6chsten Gipfel des Pieniny &#8211; Wysoka (1050 m \u00fc.dM), der etwa 3 Stunden dauert.<\/p>\n<p>[\/et_pb_toggle][\/et_pb_column][et_pb_column type=&#8221;1_3&#8243;][et_pb_image src=&#8221;https:\/\/kraktours.com\/wp-content\/uploads\/2019\/03\/6-1.jpg&#8221; show_in_lightbox=&#8221;on&#8221; _builder_version=&#8221;3.19.18&#8243; border_radii=&#8221;on|20px|20px|20px|20px&#8221; filter_brightness=&#8221;59%&#8221; hover_enabled=&#8221;1&#8243; filter_brightness__hover_enabled=&#8221;on&#8221; filter_brightness__hover=&#8221;100%&#8221; \/][et_pb_text _builder_version=&#8221;3.19.18&#8243; custom_margin=&#8221;||&#8221;]<\/p>\n<h6 style=\"text-align: center;\"><strong>Miniaturpark &#8220;Spiska kraina&#8221; und &#8220;Auf den Spuren der Erscheinungen der Muttergottes&#8221;<\/strong><\/h6>\n<p>[\/et_pb_text][et_pb_toggle title=&#8221;Mehr&#8221; icon_color=&#8221;#05b197&#8243; _builder_version=&#8221;3.19.18&#8243; border_radii=&#8221;on|20px|20px|20px|20px&#8221; custom_margin=&#8221;-15px||&#8221;]<\/p>\n<p style=\"text-align: center;\">Im Park sind Miniaturen der wichtigsten Monumente der Pieniny im Ma\u00dfstab 1:20 gesammelt. Hier ist die Geschichte nicht in polnisch und slowakisch unterteilt &#8211; es ist eine gemeinsame Geschichte der Podtatrze \u00fcber die Geschichte und Kultur dieser Region. Denkm\u00e4ler erz\u00e4hlen f\u00fcr sich. Der zweite Teil des Parks der Miniaturen ist ein heiliger Ort, an dem Offenbarung und Heilung durch die Mutter Gottes stattfanden. 20 Heiligt\u00fcmer aus Polen, Europa und anderen Kontinenten k\u00f6nnen jetzt an einem Ort bewundert werden.<\/p>\n<p>&nbsp;<\/p>\n<p>[\/et_pb_toggle][\/et_pb_column][et_pb_column type=&#8221;1_3&#8243;][et_pb_image src=&#8221;https:\/\/kraktours.com\/wp-content\/uploads\/2019\/03\/7.jpg&#8221; show_in_lightbox=&#8221;on&#8221; _builder_version=&#8221;3.19.18&#8243; border_radii=&#8221;on|20px|20px|20px|20px&#8221; filter_brightness=&#8221;59%&#8221; hover_enabled=&#8221;1&#8243; filter_brightness__hover_enabled=&#8221;on&#8221; filter_brightness__hover=&#8221;100%&#8221; \/][et_pb_text _builder_version=&#8221;3.19.18&#8243; custom_margin=&#8221;||&#8221;]<\/p>\n<h5 style=\"text-align: center;\"><strong>Fahrt mit dem Sessellift <br \/>auf den Berg Palenica<\/strong><\/h5>\n<p>[\/et_pb_text][et_pb_toggle title=&#8221;Mehr&#8221; icon_color=&#8221;#05b197&#8243; _builder_version=&#8221;3.19.18&#8243; border_radii=&#8221;on|20px|20px|20px|20px&#8221; custom_margin=&#8221;-15px||&#8221;]<\/p>\n<p style=\"text-align: center;\">\u00a0Palenica ist ein interessanter und beliebter Gipfel in Pieniny, der zu Fu\u00df oder mit der Achterbahn zu Fu\u00df erreichbar ist. Die Seilbahn nach Palenica ist eine interessante Attraktion von Szczawnica. Die Talstation befindet sich buchst\u00e4blich im Stadtzentrum, wo die sch\u00f6ne, l\u00e4ngste Promenade in Polen beginnt. Mit dem Zug nach Palenica k\u00f6nnen Sie bequeme 4-Sitzer-Sofas bekommen. Nach ein paar Minuten steigen Sie an der Spitze ab und Sie haben einen atemberaubenden Blick auf die Pieniny-Berge mit Three Crowns und Sokolica und bei gutem Wetter auch auf die Tatra.<\/p>\n<p>[\/et_pb_toggle][\/et_pb_column][\/et_pb_row][\/et_pb_section][et_pb_section bb_built=&#8221;1&#8243; admin_label=&#8221;Gallery&#8221; prev_background_color=&#8221;#ffffff&#8221; _builder_version=&#8221;3.19.18&#8243; background_image=&#8221;https:\/\/kraktours.com\/wp-content\/uploads\/2019\/03\/tlo-3.jpg&#8221; parallax=&#8221;on&#8221; parallax_method=&#8221;off&#8221; custom_padding=&#8221;0px||0px|&#8221;][et_pb_row make_fullwidth=&#8221;on&#8221; use_custom_gutter=&#8221;on&#8221; gutter_width=&#8221;2&#8243; custom_padding=&#8221;9px|0px|27px|0px|false|false&#8221; _builder_version=&#8221;3.19.18&#8243; border_radii=&#8221;on|20px|20px|20px|20px&#8221;][et_pb_column type=&#8221;4_4&#8243;][et_pb_text admin_label=&#8221;Discover Beatuty Title&#8221; _builder_version=&#8221;3.19.18&#8243; text_font=&#8221;||||&#8221; text_text_color=&#8221;#1a1a1a&#8221; header_font=&#8221;Oswald|on||on|&#8221; header_text_align=&#8221;left&#8221; header_font_size=&#8221;60px&#8221; header_line_height=&#8221;1.3em&#8221; header_2_font=&#8221;||||||||&#8221; header_2_font_size=&#8221;24px&#8221; animation_style=&#8221;slide&#8221; animation_direction=&#8221;%22fade_in%22&#8243; animation_duration=&#8221;500ms&#8221; animation_intensity_slide=&#8221;10%&#8221;]<\/p>\n<h2 style=\"text-align: center;\"><b>Galerie<\/b><\/h2>\n<p><strong><\/strong><\/p>\n<p><strong><\/strong><\/p>\n<p>[\/et_pb_text][et_pb_gallery gallery_ids=&#8221;338,339,340,341,342,343,344,345&#8243; show_title_and_caption=&#8221;off&#8221; hover_overlay_color=&#8221;rgba(255,255,255,0.65)&#8221; hover_icon=&#8221;%%32%%&#8221; _builder_version=&#8221;3.19.18&#8243; border_radii_image=&#8221;on|20px|20px|20px|20px&#8221; border_width_all_image=&#8221;5px&#8221; border_color_all_image=&#8221;#05b197&#8243; \/][\/et_pb_column][\/et_pb_row][\/et_pb_section]<\/p>\n","protected":false},"excerpt":{"rendered":"<p>ist eine wundersch\u00f6ne, eigenartige Bergkette, die sich etwa 130 km von Krakau Pieniny\u00a0 Pieninen ist eine wundersch\u00f6ne, eigenartige Bergkette, die sich etwa 130 km von Krakau entfernt befindet. Diese Berge sind f\u00fcr ihren felsigen Bergr\u00fccken bekannt, weshalb sie der Tatra \u00e4hneln, obwohl sie nicht hoch und die sch\u00f6nen Schluchten des Dunajec sind. Die Hauptattraktion der [&hellip;]<\/p>\n","protected":false},"author":1,"featured_media":0,"parent":0,"menu_order":0,"comment_status":"closed","ping_status":"closed","template":"","meta":{"_et_pb_use_builder":"on","_et_pb_old_content":"","_et_gb_content_width":"","footnotes":""},"class_list":["post-832","page","type-page","status-publish","hentry"],"_links":{"self":[{"href":"https:\/\/kraktours.com\/fr\/wp-json\/wp\/v2\/pages\/832","targetHints":{"allow":["GET"]}}],"collection":[{"href":"https:\/\/kraktours.com\/fr\/wp-json\/wp\/v2\/pages"}],"about":[{"href":"https:\/\/kraktours.com\/fr\/wp-json\/wp\/v2\/types\/page"}],"author":[{"embeddable":true,"href":"https:\/\/kraktours.com\/fr\/wp-json\/wp\/v2\/users\/1"}],"replies":[{"embeddable":true,"href":"https:\/\/kraktours.com\/fr\/wp-json\/wp\/v2\/comments?post=832"}],"version-history":[{"count":18,"href":"https:\/\/kraktours.com\/fr\/wp-json\/wp\/v2\/pages\/832\/revisions"}],"predecessor-version":[{"id":1502,"href":"https:\/\/kraktours.com\/fr\/wp-json\/wp\/v2\/pages\/832\/revisions\/1502"}],"wp:attachment":[{"href":"https:\/\/kraktours.com\/fr\/wp-json\/wp\/v2\/media?parent=832"}],"curies":[{"name":"wp","href":"https:\/\/api.w.org\/{rel}","templated":true}]}}