{"id":820,"date":"2019-03-12T14:41:18","date_gmt":"2019-03-12T14:41:18","guid":{"rendered":"http:\/\/vp.moreo.pl\/en\/?page_id=820"},"modified":"2019-05-16T18:27:45","modified_gmt":"2019-05-16T18:27:45","slug":"der-nationalpark-ojcowski","status":"publish","type":"page","link":"https:\/\/kraktours.com\/fr\/der-nationalpark-ojcowski\/","title":{"rendered":"Le parc national Ojcowski"},"content":{"rendered":"<p>[et_pb_section bb_built=&#8221;1&#8243; admin_label=&#8221;Hero&#8221; fullwidth=&#8221;on&#8221; next_background_color=&#8221;#ffffff&#8221; _builder_version=&#8221;3.19.18&#8243; background_color=&#8221;#233b4e&#8221; parallax=&#8221;on&#8221; custom_padding=&#8221;0px|0px|0px|0px&#8221;][et_pb_fullwidth_header admin_label=&#8221;Hero Section&#8221; title=&#8221;Der Nationalpark Ojcowski &#8211; Private Tour&#8221; button_one_text=&#8221;termin buchen&#8221; button_one_url=&#8221;https:\/\/kraktours.com\/de\/buchung\/&#8221; background_overlay_color=&#8221;rgba(29,38,51,0.86)&#8221; content_max_width=&#8221;700px&#8221; _builder_version=&#8221;3.19.18&#8243; title_font=&#8221;Oswald|on||on|&#8221; title_font_size=&#8221;52px&#8221; title_line_height=&#8221;1.3em&#8221; content_font=&#8221;Roboto||||&#8221; content_font_size=&#8221;20px&#8221; content_line_height=&#8221;1.7em&#8221; background_color=&#8221;rgba(255,255,255,0)&#8221; background_image=&#8221;https:\/\/kraktours.com\/wp-content\/uploads\/2019\/03\/autumn-1817226_1280.jpg&#8221; parallax=&#8221;on&#8221; parallax_method=&#8221;on&#8221; custom_button_one=&#8221;on&#8221; button_one_border_radius=&#8221;0px&#8221; button_one_letter_spacing=&#8221;4px&#8221; button_one_font=&#8221;Oswald|on||on|&#8221; button_one_icon=&#8221;%%3%%&#8221; button_one_icon_color=&#8221;#ffffff&#8221; custom_margin=&#8221;|||&#8221; custom_padding=&#8221;150px||150px|&#8221; custom_padding_tablet=&#8221;60px||60px|&#8221; custom_padding_last_edited=&#8221;on|tablet&#8221; animation_style=&#8221;zoom&#8221; animation_direction=&#8221;bottom&#8221; animation_intensity_zoom=&#8221;4%&#8221; button_one_text_color_hover=&#8221;#ffffff&#8221; button_one_border_color_hover=&#8221;#ffffff&#8221; button_one_border_radius_hover=&#8221;0px&#8221; button_one_letter_spacing_hover=&#8221;4px&#8221; button_one_bg_color_hover=&#8221;rgba(0,0,0,0)&#8221; button_one_text_size__hover_enabled=&#8221;off&#8221; button_two_text_size__hover_enabled=&#8221;off&#8221; button_one_text_color__hover_enabled=&#8221;on&#8221; button_one_text_color__hover=&#8221;#ffffff&#8221; button_two_text_color__hover_enabled=&#8221;off&#8221; button_one_border_width__hover_enabled=&#8221;off&#8221; button_two_border_width__hover_enabled=&#8221;off&#8221; button_one_border_color__hover_enabled=&#8221;on&#8221; button_one_border_color__hover=&#8221;#ffffff&#8221; button_two_border_color__hover_enabled=&#8221;off&#8221; button_one_border_radius__hover_enabled=&#8221;on&#8221; button_one_border_radius__hover=&#8221;0px&#8221; button_two_border_radius__hover_enabled=&#8221;off&#8221; button_one_letter_spacing__hover_enabled=&#8221;on&#8221; button_one_letter_spacing__hover=&#8221;4px&#8221; button_two_letter_spacing__hover_enabled=&#8221;off&#8221; button_one_bg_color__hover_enabled=&#8221;on&#8221; button_one_bg_color__hover=&#8221;rgba(0,0,0,0)&#8221; button_two_bg_color__hover_enabled=&#8221;off&#8221;]<\/p>\n<p>Der Nationalpark Ojcowski liegt 30 Kilometer von Krakau entfernt.<\/p>\n<p>[\/et_pb_fullwidth_header][\/et_pb_section][et_pb_section bb_built=&#8221;1&#8243; prev_background_color=&#8221;#233b4e&#8221; next_background_color=&#8221;#ffffff&#8221; _builder_version=&#8221;3.19.18&#8243; background_image=&#8221;https:\/\/kraktours.com\/wp-content\/uploads\/2019\/03\/tlo-2.jpg&#8221; parallax=&#8221;on&#8221; parallax_method=&#8221;off&#8221; custom_padding=&#8221;38px||0||false|false&#8221;][et_pb_row custom_padding=&#8221;25px|0px|30px|0px|false|false&#8221; _builder_version=&#8221;3.19.18&#8243;][et_pb_column type=&#8221;1_2&#8243;][et_pb_text admin_label=&#8221;Discover Beatuty Title&#8221; _builder_version=&#8221;3.19.18&#8243; text_font=&#8221;||||&#8221; text_text_color=&#8221;#1a1a1a&#8221; header_font=&#8221;Oswald|on||on|&#8221; header_text_align=&#8221;left&#8221; header_font_size=&#8221;60px&#8221; header_line_height=&#8221;1.3em&#8221; header_2_font=&#8221;||||||||&#8221; header_2_font_size=&#8221;34px&#8221; animation_style=&#8221;slide&#8221; animation_direction=&#8221;%22fade_in%22&#8243; animation_duration=&#8221;500ms&#8221; animation_intensity_slide=&#8221;10%&#8221;]<\/p>\n<h2><strong>Der Nationalpark Ojcowski<\/strong><\/h2>\n<p>[\/et_pb_text][et_pb_text admin_label=&#8221;Discover Beatuty Text&#8221; disabled_on=&#8221;off|off|off%22%22&#8243; _builder_version=&#8221;3.19.18&#8243; text_font=&#8221;Roboto||||&#8221; text_text_color=&#8221;#000000&#8243; text_font_size=&#8221;16px&#8221; text_line_height=&#8221;1.9em&#8221; custom_padding=&#8221;|||&#8221; animation_style=&#8221;slide&#8221; animation_direction=&#8221;top&#8221; animation_delay=&#8221;300ms&#8221; animation_intensity_slide=&#8221;10%&#8221;]<\/p>\n<p style=\"text-align: justify;\">liegt n\u00f6rdlich von Krakau und das ist der kleinste Nationalpark in Polen. Dennoch handelt es sich um ein Gebiet, das mit Gef\u00e4\u00dfpflanzen, Fledermaush\u00f6hlen und unge-w\u00f6hnliche Felsausformungen \u00fcbers\u00e4t ist.  Am spektakul\u00e4rsten ist das Pradnik-Tal, eine wahre Galerie an Karstformationen. Wir finden hier manchmal einige zehn Meter hohe Felsausformungen (Herkules-Keule, Diotima-Nadel), Karstquellen und zahlreiche H\u00f6hlen (ihre Anzahl wird im Park auf \u00fcber 400 gesch\u00e4tzt). F\u00fcr Besucher wurden die \u0141okietek-Grotte, wo sich einst vor Jahrhunderten der sp\u00e4tere K\u00f6nig Polens versteckt haben soll, sowie die Jaskinia Ciemna H\u00f6hle ge\u00f6ffnet. Im Park gibt es auch zwei Schl\u00f6sser\u2014 in Ojc\u00f3w und Pieskowa Ska\u0142a. Symbol des Parks ist die Fledermaus. Die Reisezeit von Krakau bis zum Nationalpark Ojcowski dauert etwa 45 Minuten.<\/p>\n<p style=\"text-align: justify;\"><strong> &nbsp;Sie w\u00e4hlen die Attraktionen und Orte, die Sie sehen m\u00f6chten.<\/strong><\/p>\n<p style=\"text-align: justify;\">\n<p>[\/et_pb_text][\/et_pb_column][et_pb_column type=&#8221;1_2&#8243;][et_pb_blurb title=&#8221;Resisedauer: &#8221; use_icon=&#8221;on&#8221; font_icon=&#8221;%%373%%&#8221; icon_color=&#8221;#00af95&#8243; icon_placement=&#8221;left&#8221; _builder_version=&#8221;3.19.18&#8243; header_font=&#8221;|700|||||||&#8221; body_font=&#8221;||||||||&#8221; body_text_color=&#8221;#000000&#8243; body_font_size=&#8221;16px&#8221;]<\/p>\n<p>bis zu 5 Stunden<\/p>\n<p>[\/et_pb_blurb][et_pb_blurb title=&#8221;Ausflugpreis pro Gruppe: &#8221; use_icon=&#8221;on&#8221; font_icon=&#8221;%%156%%&#8221; icon_color=&#8221;#00af95&#8243; icon_placement=&#8221;left&#8221; _builder_version=&#8221;3.19.18&#8243; header_font=&#8221;|700|||||||&#8221; body_font=&#8221;||||||||&#8221; body_text_color=&#8221;#000000&#8243; body_font_size=&#8221;16px&#8221;]<\/p>\n<ul>\n<li><span style=\"color: #000000;\">1-3 Personen    69 \u20ac \/ 280 PLN<\/span><\/li>\n<li><span style=\"color: #000000;\">4-6 <span>Personen<\/span> 89 \u20ac \/ 360 PLN <\/span><\/li>\n<li><span style=\"color: #000000;\">7-8 <span>Personen<\/span> 99 \u20ac \/ 400 PLN <\/span><\/li>\n<\/ul>\n<p>[\/et_pb_blurb][et_pb_blurb title=&#8221;Der Reisepreis enth\u00e4lt:&#8221; use_icon=&#8221;on&#8221; font_icon=&#8221;%%32%%&#8221; icon_color=&#8221;#00af95&#8243; icon_placement=&#8221;left&#8221; _builder_version=&#8221;3.19.18&#8243; header_font=&#8221;|700|||||||&#8221; body_text_color=&#8221;#000000&#8243; body_font_size=&#8221;16px&#8221; custom_margin=&#8221;-20px||&#8221;]<\/p>\n<ul>\n<li>Einen privaten Mini-Van, klimatisiert und komfortabel &#8211; mit einem Fahrer nur f\u00fcr Sie<\/li>\n<li>&#8220;T\u00fcr zu T\u00fcr&#8221; -Service: Sie werden abgeholt und direkt zu \/ von Ihrem Hotel \/ ausgew\u00e4hlten Ort in Krakau oder in der N\u00e4he gebracht<\/li>\n<li>Deutschsprachige Unterst\u00fctzung seitens Fahrer<\/li>\n<li>Eine Auswahl erfrischender Getr\u00e4nke im Sommer<\/li>\n<\/ul>\n<p>[\/et_pb_blurb][et_pb_blurb title=&#8221;Zus\u00e4tzliche Kosten&#8221; use_icon=&#8221;on&#8221; font_icon=&#8221;%%162%%&#8221; icon_color=&#8221;#00af95&#8243; icon_placement=&#8221;left&#8221; _builder_version=&#8221;3.19.18&#8243; header_font=&#8221;|700|||||||&#8221; body_font=&#8221;||||||||&#8221; body_text_color=&#8221;#000000&#8243; body_font_size=&#8221;16px&#8221; custom_margin=&#8221;||&#8221;]<\/p>\n<p>\u00a0Eintritskarten f\u00fcr ausgew\u00e4hlte Sehensw\u00fcrdigkeiten sind nicht im Reisepreis enthalten.<\/p>\n<p>[\/et_pb_blurb][\/et_pb_column][\/et_pb_row][et_pb_row custom_padding=&#8221;1px|0px|27px|0px|false|false&#8221; _builder_version=&#8221;3.19.18&#8243;][et_pb_column type=&#8221;4_4&#8243;][et_pb_text admin_label=&#8221;Discover Beatuty Title&#8221; _builder_version=&#8221;3.19.18&#8243; text_font=&#8221;||||&#8221; text_text_color=&#8221;#1a1a1a&#8221; header_font=&#8221;Oswald|on||on|&#8221; header_text_align=&#8221;left&#8221; header_font_size=&#8221;60px&#8221; header_line_height=&#8221;1.3em&#8221; header_2_font_size=&#8221;24px&#8221; animation_style=&#8221;slide&#8221; animation_duration=&#8221;500ms&#8221; animation_intensity_slide=&#8221;10%&#8221;]<\/p>\n<h2 style=\"text-align: center;\"><strong>Folgende Attraktionen zur Auswahl:<\/strong><\/h2>\n<p>[\/et_pb_text][\/et_pb_column][\/et_pb_row][\/et_pb_section][et_pb_section bb_built=&#8221;1&#8243; prev_background_color=&#8221;#ffffff&#8221; _builder_version=&#8221;3.19.18&#8243; background_image=&#8221;https:\/\/kraktours.com\/wp-content\/uploads\/2019\/03\/tlo-2.jpg&#8221; parallax=&#8221;on&#8221; parallax_method=&#8221;off&#8221; custom_padding=&#8221;0|0px|54px|0px|false|false&#8221;][et_pb_row make_fullwidth=&#8221;on&#8221; use_custom_gutter=&#8221;on&#8221; gutter_width=&#8221;2&#8243; custom_padding=&#8221;27px|0px|11px|0px|false|false&#8221; _builder_version=&#8221;3.19.18&#8243;][et_pb_column type=&#8221;1_4&#8243;][et_pb_image src=&#8221;https:\/\/kraktours.com\/wp-content\/uploads\/2019\/03\/zamek-w-pieskowej-skale.jpg&#8221; show_in_lightbox=&#8221;on&#8221; _builder_version=&#8221;3.19.18&#8243; border_radii=&#8221;on|20px|20px|20px|20px&#8221; filter_brightness=&#8221;59%&#8221; filter_brightness__hover_enabled=&#8221;on&#8221; filter_brightness__hover=&#8221;100%&#8221; \/][et_pb_text _builder_version=&#8221;3.19.18&#8243; custom_margin=&#8221;||&#8221;]<\/p>\n<h5 style=\"text-align: center;\"><strong> Das Schloss in Pieskowa Ska\u0142a<\/strong><\/h5>\n<p>[\/et_pb_text][et_pb_toggle title=&#8221;Mehr&#8221; icon_color=&#8221;#05b197&#8243; _builder_version=&#8221;3.19.18&#8243; border_radii=&#8221;on|20px|20px|20px|20px&#8221; custom_margin=&#8221;-15px||&#8221;]<\/p>\n<p style=\"text-align: center;\">Das Schloss in Pieskowa Ska\u0142a wurde im 14. Jh. errichtet. Die derzeitige Gestalt einer Renaissanceresidenz nahm es nach dem Umbau im 16. Jh., sowie nach dem 100 Jahre sp\u00e4ter erfolgten Ausbau der Befestigungsanlagen an. Im Innern befindet sich ein Museum, die Abteilung der Staatlichen Kunstsammlung auf Wawel. Das Schloss erhebt sich \u00fcber dem Gebiet des Ojc\u00f3w-Nationalparks.<\/p>\n<p>[\/et_pb_toggle][\/et_pb_column][et_pb_column type=&#8221;1_4&#8243;][et_pb_image src=&#8221;https:\/\/kraktours.com\/wp-content\/uploads\/2019\/03\/ruiny-zamku-2.jpg&#8221; show_in_lightbox=&#8221;on&#8221; _builder_version=&#8221;3.19.18&#8243; border_radii=&#8221;on|20px|20px|20px|20px&#8221; filter_brightness=&#8221;59%&#8221; hover_enabled=&#8221;1&#8243; filter_brightness__hover_enabled=&#8221;on&#8221; filter_brightness__hover=&#8221;100%&#8221; \/][et_pb_text _builder_version=&#8221;3.19.18&#8243; header_5_font=&#8221;||||||||&#8221; header_5_font_size=&#8221;15px&#8221; custom_margin=&#8221;||&#8221;]<\/p>\n<h5 style=\"text-align: center;\"><strong>Ruinen der Burg Ojc\u00f3w<\/strong><\/h5>\n<p>[\/et_pb_text][et_pb_toggle title=&#8221;Mehr&#8221; icon_color=&#8221;#05b197&#8243; _builder_version=&#8221;3.19.18&#8243; border_radii=&#8221;on|20px|20px|20px|20px&#8221; custom_margin=&#8221;-15px||&#8221;]<\/p>\n<p style=\"text-align: center;\">Die sich \u00fcber dem Pr\u0105dnik-Tal erhebende Schlossruine in Ojc\u00f3w stellt die \u00dcberreste einer Wehrburg aus dem 14. Jh., die vom K\u00f6nig Kasimir dem Gro\u00dfen errichtet wurde. Ihre Bl\u00fctezeit fiel auf das 17. Jh. Heute sehen wir in Ojc\u00f3w die \u00dcberreste von Mauern, das Einfahrtstor (\u00fcber dem sich ein kleines Museum befindet), sowie einen rekonstruierten Turm.  <\/p>\n<p>[\/et_pb_toggle][\/et_pb_column][et_pb_column type=&#8221;1_4&#8243;][et_pb_image src=&#8221;https:\/\/kraktours.com\/wp-content\/uploads\/2019\/03\/ruiny-zamku.jpg&#8221; show_in_lightbox=&#8221;on&#8221; _builder_version=&#8221;3.19.18&#8243; border_radii=&#8221;on|20px|20px|20px|20px&#8221; filter_brightness=&#8221;59%&#8221; hover_enabled=&#8221;1&#8243; filter_brightness__hover_enabled=&#8221;on&#8221; filter_brightness__hover=&#8221;100%&#8221; \/][et_pb_text _builder_version=&#8221;3.19.18&#8243; header_5_font=&#8221;||||||||&#8221; header_5_font_size=&#8221;15px&#8221; custom_margin=&#8221;||&#8221;]<\/p>\n<h5 style=\"text-align: center;\"><strong>\u0141okietek- H\u00f6hle <\/strong><\/h5>\n<p>[\/et_pb_text][et_pb_toggle title=&#8221;Mehr&#8221; icon_color=&#8221;#05b197&#8243; _builder_version=&#8221;3.19.18&#8243; border_radii=&#8221;on|20px|20px|20px|20px&#8221; custom_margin=&#8221;-15px||&#8221;]<\/p>\n<p style=\"text-align: center;\">Die \u0141okietek-H\u00f6hle in Ojc\u00f3w ist bei den Touristen sehr beliebt.. Ihre L\u00e4nge betr\u00e4gt 320 Meter. Der Legende nach versteckte sich W\u0142adys\u0142aw \u0141okietek selbst in der Grotte vor dem b\u00f6hmischen K\u00f6nig Wenzel den II. Der Sage nach, eine Spinne hat das Leben des polnischen K\u00f6nigs gerettet indem sie ein Netz im Eingang zu Grote gesponnen hat, was den Anschein erweckte, sie sei unbewohnt.<\/p>\n<p>[\/et_pb_toggle][\/et_pb_column][et_pb_column type=&#8221;1_4&#8243;][et_pb_image src=&#8221;https:\/\/kraktours.com\/wp-content\/uploads\/2019\/03\/jasknia-ciemna.jpg&#8221; show_in_lightbox=&#8221;on&#8221; _builder_version=&#8221;3.19.18&#8243; border_radii=&#8221;on|20px|20px|20px|20px&#8221; filter_brightness=&#8221;59%&#8221; hover_enabled=&#8221;1&#8243; filter_brightness__hover_enabled=&#8221;on&#8221; filter_brightness__hover=&#8221;100%&#8221; \/][et_pb_text _builder_version=&#8221;3.19.18&#8243; header_font=&#8221;||||||||&#8221; header_5_font=&#8221;||||||||&#8221; header_5_font_size=&#8221;15px&#8221; custom_margin=&#8221;||&#8221;]<\/p>\n<h5 style=\"text-align: center;\"><strong>Dunkle H\u00f6hle mit einem Neandertalerlager<\/strong><\/h5>\n<p>[\/et_pb_text][et_pb_toggle title=&#8221;Mehr&#8221; icon_color=&#8221;#05b197&#8243; _builder_version=&#8221;3.19.18&#8243; border_radii=&#8221;on|20px|20px|20px|20px&#8221; custom_margin=&#8221;-15px||&#8221;]<\/p>\n<p style=\"text-align: center;\">Die Dunkle-H\u00f6hle ist eine einzigartige Anlage im Land. Die Korridore sind nicht beleuchtet und die Besichtigung findet bei Kerzenlicht statt. Das macht die Tour zum einzigartigen Erlebnis. Dar\u00fcber hinaus ist die Dunkle H\u00f6hle eine der eine der wertvollsten arch\u00e4ologischen St\u00e4tten in Polen. Die Spuren menschlicher Pr\u00e4senz werden gesch\u00e4tzt auf 120.000 Jahren. Die Touristen, die Dunkle H\u00f6hle besuchen, k\u00f6nnen Rekonstruktion des Neandertalerlagers besichtigen Die Tour findet von April bis Oktober nur mit einer F\u00fchrung statt.<\/p>\n<p>[\/et_pb_toggle][\/et_pb_column][\/et_pb_row][et_pb_row make_fullwidth=&#8221;on&#8221; use_custom_gutter=&#8221;on&#8221; gutter_width=&#8221;2&#8243; custom_padding=&#8221;27px|0px|11px|0px|false|false&#8221; make_equal=&#8221;on&#8221; _builder_version=&#8221;3.19.18&#8243;][et_pb_column type=&#8221;1_4&#8243;][et_pb_image src=&#8221;https:\/\/kraktours.com\/wp-content\/uploads\/2019\/03\/muzeum.jpg&#8221; show_in_lightbox=&#8221;on&#8221; _builder_version=&#8221;3.19.18&#8243; border_radii=&#8221;on|20px|20px|20px|20px&#8221; filter_brightness=&#8221;59%&#8221; filter_brightness__hover_enabled=&#8221;on&#8221; filter_brightness__hover=&#8221;100%&#8221; \/][et_pb_text _builder_version=&#8221;3.19.18&#8243; custom_margin=&#8221;||&#8221;]<\/p>\n<h5 style=\"text-align: center;\"><strong>Museum des Nationalparks Ojcow <\/strong><\/h5>\n<p>[\/et_pb_text][et_pb_toggle title=&#8221;Mehr&#8221; icon_color=&#8221;#05b197&#8243; _builder_version=&#8221;3.19.18&#8243; border_radii=&#8221;on|20px|20px|20px|20px&#8221; custom_margin=&#8221;-15px||&#8221;]<\/p>\n<p style=\"text-align: center;\">Das Museum pr\u00e4sentiert Exponate zur Natur, Geologie und Geschichte des Pr\u0105dnik-Tals. Die Form der Pr\u00e4sentation dieser Themen, die in einer leicht zug\u00e4nglichen Art und Weise gestaltet wird ist auch f\u00fcr die Personen spannend, die sich nicht f\u00fcr Details zu diesem Thema interessieren. Im Museum k\u00f6nnen Sie unter anderem in einem 3D-Film, der den Entstehung des Pr\u0105dnik-Tals sehen und in einem multimedialen Gang besuchen Sie eine k\u00fcnstliche H\u00f6hle, in der Sie die Ger\u00e4usche von Flederm\u00e4usen und den von der Decke tropfenden H\u00f6hlenregen h\u00f6ren k\u00f6nnen. Au\u00dferdem k\u00f6nnen Sie die Tiere sehen, die im Park leben.<\/p>\n<p>[\/et_pb_toggle][\/et_pb_column][et_pb_column type=&#8221;1_4&#8243;][et_pb_image src=&#8221;https:\/\/kraktours.com\/wp-content\/uploads\/2019\/03\/kapilca.jpg&#8221; show_in_lightbox=&#8221;on&#8221; _builder_version=&#8221;3.19.18&#8243; border_radii=&#8221;on|20px|20px|20px|20px&#8221; filter_brightness=&#8221;59%&#8221; hover_enabled=&#8221;1&#8243; filter_brightness__hover_enabled=&#8221;on&#8221; filter_brightness__hover=&#8221;100%&#8221; \/][et_pb_text _builder_version=&#8221;3.19.18&#8243; custom_margin=&#8221;||&#8221;]<\/p>\n<h5 style=\"text-align: center;\"><strong>Kapelle &#8220;Auf dem Wasser&#8221; <\/strong><\/h5>\n<p>[\/et_pb_text][et_pb_toggle title=&#8221;Mehr&#8221; icon_color=&#8221;#05b197&#8243; _builder_version=&#8221;3.19.18&#8243; border_radii=&#8221;on|20px|20px|20px|20px&#8221; custom_margin=&#8221;-15px||&#8221;]<\/p>\n<p style=\"text-align: center;\">Ende des 19. Jahrhunderts, w\u00e4hrend der Teilung Polens, dienten die Patres als Kurort, in dem der Tempel fehlte. Der Legende nach wurde aufgrund des Bauverbots des Zaren beschlossen, die Spa-B\u00e4der am Fluss Pr\u0105dnik neu zu gestalten. Da das Verbot &#8220;auf dem Land des Vaters&#8221; war, befand sich das Objekt pervers auf dem Wasser und brach damit das Verbot nicht. Auf diese Weise wurde die Kapelle am Wasser geschaffen, die 1901 fertiggestellt wurde. Alle Arbeiten der Schreiner wurden von lokalen Arbeitern erledigt. Die Kapelle ist mit einem durchbrochenen Turm gekr\u00f6nt, der 1996 wundersch\u00f6n renoviert wurde.<\/p>\n<p>[\/et_pb_toggle][\/et_pb_column][et_pb_column type=&#8221;1_4&#8243;][et_pb_image src=&#8221;https:\/\/kraktours.com\/wp-content\/uploads\/2019\/03\/benedyktyczni.jpg&#8221; show_in_lightbox=&#8221;on&#8221; _builder_version=&#8221;3.19.18&#8243; border_radii=&#8221;on|20px|20px|20px|20px&#8221; filter_brightness=&#8221;59%&#8221; hover_enabled=&#8221;1&#8243; filter_brightness__hover_enabled=&#8221;on&#8221; filter_brightness__hover=&#8221;100%&#8221; \/][et_pb_text _builder_version=&#8221;3.19.18&#8243; custom_margin=&#8221;||&#8221;]<\/p>\n<h5 style=\"text-align: center;\"><strong>Die Benediktinerabtei in Tyniec<\/strong><\/h5>\n<p>[\/et_pb_text][et_pb_toggle title=&#8221;Mehr&#8221; icon_color=&#8221;#05b197&#8243; _builder_version=&#8221;3.19.18&#8243; border_radii=&#8221;on|20px|20px|20px|20px&#8221; custom_margin=&#8221;-15px||&#8221;]<\/p>\n<p style=\"text-align: center;\">Die Benediktinerabtei in Tyniec zusammen mit der Kirche St. Peter und St. Pawe\u0142 liegt im s\u00fcdwestlichen Teil von Krakau. Die ist das \u00e4lteste der bestehenden Kl\u00f6ster in Polen. Die Abtei, die sich auf dem Kalksteinkloster an der Weichsel befand, wurde h\u00f6chstwahrscheinlich 1044 von Kazimierz I. dem (Erneuerer) gegr\u00fcndet. Einige (Wissenschaftler)  gehen jedoch davon aus, dass die Benediktinerabtei in erst vom Sohn des Kazimierz Erneuerers,  Boles\u0142aw den II gegr\u00fcndet wurde.<\/p>\n<p>[\/et_pb_toggle][\/et_pb_column][et_pb_column type=&#8221;1_4&#8243;][et_pb_image src=&#8221;https:\/\/kraktours.com\/wp-content\/uploads\/2019\/03\/szlaki.jpg&#8221; show_in_lightbox=&#8221;on&#8221; _builder_version=&#8221;3.19.18&#8243; border_radii=&#8221;on|20px|20px|20px|20px&#8221; filter_brightness=&#8221;59%&#8221; hover_enabled=&#8221;1&#8243; filter_brightness__hover_enabled=&#8221;on&#8221; filter_brightness__hover=&#8221;100%&#8221; \/][et_pb_text _builder_version=&#8221;3.19.18&#8243; header_font=&#8221;||||||||&#8221; header_5_font=&#8221;||||||||&#8221; header_5_font_size=&#8221;15px&#8221; custom_margin=&#8221;||&#8221;]<\/p>\n<h5 style=\"text-align: center;\"><strong>Zahlreiche touristische Routen<\/strong><\/h5>\n<p>[\/et_pb_text][et_pb_toggle title=&#8221;Mehr&#8221; icon_color=&#8221;#05b197&#8243; _builder_version=&#8221;3.19.18&#8243; border_radii=&#8221;on|20px|20px|20px|20px&#8221; custom_margin=&#8221;-15px||&#8221;]<\/p>\n<p style=\"text-align: center;\">Ein paar 46,6 km lange Wanderwege f\u00fchren durch den Nationalpark Ojcowski. Einige von ihnen laufen zusammen und haben eine Gesamtl\u00e4nge von 37,3 km.<\/p>\n<p>[\/et_pb_toggle][\/et_pb_column][\/et_pb_row][\/et_pb_section]<\/p>\n","protected":false},"excerpt":{"rendered":"<p>Der Nationalpark Ojcowski liegt 30 Kilometer von Krakau entfernt. Der Nationalpark Ojcowski liegt n\u00f6rdlich von Krakau und das ist der kleinste Nationalpark in Polen. Dennoch handelt es sich um ein Gebiet, das mit Gef\u00e4\u00dfpflanzen, Fledermaush\u00f6hlen und unge-w\u00f6hnliche Felsausformungen \u00fcbers\u00e4t ist. Am spektakul\u00e4rsten ist das Pradnik-Tal, eine wahre Galerie an Karstformationen. Wir finden hier manchmal einige [&hellip;]<\/p>\n","protected":false},"author":1,"featured_media":0,"parent":0,"menu_order":0,"comment_status":"closed","ping_status":"closed","template":"","meta":{"_et_pb_use_builder":"on","_et_pb_old_content":"","_et_gb_content_width":"","footnotes":""},"class_list":["post-820","page","type-page","status-publish","hentry"],"_links":{"self":[{"href":"https:\/\/kraktours.com\/fr\/wp-json\/wp\/v2\/pages\/820","targetHints":{"allow":["GET"]}}],"collection":[{"href":"https:\/\/kraktours.com\/fr\/wp-json\/wp\/v2\/pages"}],"about":[{"href":"https:\/\/kraktours.com\/fr\/wp-json\/wp\/v2\/types\/page"}],"author":[{"embeddable":true,"href":"https:\/\/kraktours.com\/fr\/wp-json\/wp\/v2\/users\/1"}],"replies":[{"embeddable":true,"href":"https:\/\/kraktours.com\/fr\/wp-json\/wp\/v2\/comments?post=820"}],"version-history":[{"count":15,"href":"https:\/\/kraktours.com\/fr\/wp-json\/wp\/v2\/pages\/820\/revisions"}],"predecessor-version":[{"id":1501,"href":"https:\/\/kraktours.com\/fr\/wp-json\/wp\/v2\/pages\/820\/revisions\/1501"}],"wp:attachment":[{"href":"https:\/\/kraktours.com\/fr\/wp-json\/wp\/v2\/media?parent=820"}],"curies":[{"name":"wp","href":"https:\/\/api.w.org\/{rel}","templated":true}]}}