{"id":794,"date":"2019-03-12T14:13:31","date_gmt":"2019-03-12T14:13:31","guid":{"rendered":"http:\/\/vp.moreo.pl\/en\/?page_id=794"},"modified":"2019-04-30T09:57:46","modified_gmt":"2019-04-30T09:57:46","slug":"solec-zdroj-2","status":"publish","type":"page","link":"https:\/\/kraktours.com\/es\/solec-zdroj-2\/","title":{"rendered":"Solec-Zdr\u00f3j"},"content":{"rendered":"<p>[et_pb_section bb_built=&#8221;1&#8243; admin_label=&#8221;Hero&#8221; fullwidth=&#8221;on&#8221; next_background_color=&#8221;#ffffff&#8221; _builder_version=&#8221;3.19.18&#8243; background_color=&#8221;#233b4e&#8221; parallax=&#8221;on&#8221; custom_padding=&#8221;0px|0px|0px|0px&#8221;][et_pb_fullwidth_header admin_label=&#8221;Hero Section&#8221; title=&#8221;Der Kurort Solec-Zdr\u00f3j &#8221; button_one_text=&#8221;termin buchen&#8221; button_one_url=&#8221;https:\/\/kraktours.com\/de\/buchung\/&#8221; background_overlay_color=&#8221;rgba(29,38,51,0.86)&#8221; content_max_width=&#8221;700px&#8221; _builder_version=&#8221;3.19.18&#8243; title_font=&#8221;Oswald|on||on|&#8221; title_font_size=&#8221;60px&#8221; title_line_height=&#8221;1.3em&#8221; content_font=&#8221;Roboto||||&#8221; content_font_size=&#8221;20px&#8221; content_line_height=&#8221;1.7em&#8221; background_color=&#8221;rgba(255,255,255,0)&#8221; background_image=&#8221;https:\/\/kraktours.com\/wp-content\/uploads\/2019\/03\/solec-zdroj-17.jpg&#8221; custom_button_one=&#8221;on&#8221; button_one_border_radius=&#8221;0px&#8221; button_one_letter_spacing=&#8221;4px&#8221; button_one_font=&#8221;Oswald|on||on|&#8221; button_one_icon=&#8221;%%3%%&#8221; button_one_icon_color=&#8221;#ffffff&#8221; custom_margin=&#8221;|||&#8221; custom_padding=&#8221;150px||150px|&#8221; custom_padding_tablet=&#8221;60px||60px|&#8221; custom_padding_last_edited=&#8221;on|tablet&#8221; animation_style=&#8221;zoom&#8221; animation_direction=&#8221;bottom&#8221; animation_intensity_zoom=&#8221;4%&#8221; button_one_text_color_hover=&#8221;#ffffff&#8221; button_one_border_color_hover=&#8221;#ffffff&#8221; button_one_border_radius_hover=&#8221;0px&#8221; button_one_letter_spacing_hover=&#8221;4px&#8221; button_one_bg_color_hover=&#8221;rgba(0,0,0,0)&#8221; button_one_text_size__hover_enabled=&#8221;off&#8221; button_two_text_size__hover_enabled=&#8221;off&#8221; button_one_text_color__hover_enabled=&#8221;on&#8221; button_one_text_color__hover=&#8221;#ffffff&#8221; button_two_text_color__hover_enabled=&#8221;off&#8221; button_one_border_width__hover_enabled=&#8221;off&#8221; button_two_border_width__hover_enabled=&#8221;off&#8221; button_one_border_color__hover_enabled=&#8221;on&#8221; button_one_border_color__hover=&#8221;#ffffff&#8221; button_two_border_color__hover_enabled=&#8221;off&#8221; button_one_border_radius__hover_enabled=&#8221;on&#8221; button_one_border_radius__hover=&#8221;0px&#8221; button_two_border_radius__hover_enabled=&#8221;off&#8221; button_one_letter_spacing__hover_enabled=&#8221;on&#8221; button_one_letter_spacing__hover=&#8221;4px&#8221; button_two_letter_spacing__hover_enabled=&#8221;off&#8221; button_one_bg_color__hover_enabled=&#8221;on&#8221; button_one_bg_color__hover=&#8221;rgba(0,0,0,0)&#8221; button_two_bg_color__hover_enabled=&#8221;off&#8221;]<\/p>\n<p class=\"Standard\">liegt etwa 90 km nord\u00f6stlich von Krakau.<\/p>\n<p>[\/et_pb_fullwidth_header][\/et_pb_section][et_pb_section bb_built=&#8221;1&#8243; prev_background_color=&#8221;#233b4e&#8221; _builder_version=&#8221;3.19.18&#8243; background_image=&#8221;https:\/\/kraktours.com\/wp-content\/uploads\/2019\/03\/tlosparelaks.jpg&#8221; parallax=&#8221;on&#8221; parallax_method=&#8221;off&#8221; custom_padding=&#8221;38px||0||false|false&#8221;][et_pb_row custom_padding=&#8221;25px|0px|40px|0px|false|false&#8221; _builder_version=&#8221;3.19.18&#8243;][et_pb_column type=&#8221;3_5&#8243;][et_pb_text admin_label=&#8221;Discover Beatuty Text&#8221; disabled_on=&#8221;off|off|off%22%22&#8243; _builder_version=&#8221;3.19.18&#8243; text_font=&#8221;Roboto||||&#8221; text_font_size=&#8221;16px&#8221; text_line_height=&#8221;1.9em&#8221; custom_padding=&#8221;|||&#8221; animation_style=&#8221;slide&#8221; animation_direction=&#8221;top&#8221; animation_delay=&#8221;300ms&#8221; animation_intensity_slide=&#8221;10%&#8221;]<\/p>\n<p style=\"text-align: justify;\"><span style=\"color: #000000;\">Der Kurort Solec-Zdr\u00f3j liegt etwa 90 km nord\u00f6stlich von Krakau.<\/span><\/p>\n<p style=\"text-align: justify;\"><span style=\"color: #000000;\">Es ist ein Flachland-Kurort, in dem sich jeder Urlauber wohl f\u00fchlen wird. Der therapeutische Schwerpunkt des Kurorts Solec-Zdr\u00f3j ist das rheumatische Profil, das auf die Behandlung von Krankheiten spezialisiert ist: rheumatoide Gelenkentz\u00fcndung, Gelenkentartung, Spondylitis ankylosans, Rheumatismus von Weichteilen, posttraumatische Zust\u00e4nde, Diskopathie, Radikulitis, Neuralgie, Gicht. Der Kurort wird auch erfolgreich behandelt: Hauterkrankungen, Erkrankungen der Atemwege, Herz-Kreislauf-Erkrankungen, Metallvergiftungen, Neurosen, Osteoporose.<\/span><\/p>\n<p style=\"text-align: justify;\"><span style=\"color: #000000;\">Die Mineralquellen entschieden \u00fcber die heilende Natur der Stadt. Die wertvollsten nat\u00fcrlichen Ressourcen des Thermalbades in Solec-Zdr\u00f3j sind Sulfidsole, die durch Bohren aus Sulfid- und Polysulfidionen aus 170 m Tiefe sowie Chlorid, Bromid, Iodid, Borionen und vielen anderen Elementen wie: Calcium, Magnesium, Eisen, Kalium, Natrium gewonnen werden. Die hohe Konzentration an zweiwertigen Schwefelverbindungen (137 mg \/ l) in einem Liter Wasser und die hohe Mineralisierung machen diese Gew\u00e4sser zu den wirksamsten in Europa und zu den besten Heilgew\u00e4ssern der Welt.<\/span><\/p>\n<p>[\/et_pb_text][\/et_pb_column][et_pb_column type=&#8221;2_5&#8243;][et_pb_blurb title=&#8221;Ausflugpreis pro Gruppe: &#8221; use_icon=&#8221;on&#8221; font_icon=&#8221;%%156%%&#8221; icon_color=&#8221;#00af95&#8243; icon_placement=&#8221;left&#8221; _builder_version=&#8221;3.19.18&#8243; header_font=&#8221;|700|||||||&#8221; body_font=&#8221;||||||||&#8221; body_text_color=&#8221;#000000&#8243; body_font_size=&#8221;16px&#8221;]<\/p>\n<ul>\n<li>1-3 Personen    109 \u20ac \/ 440 PLN<\/li>\n<li>4-6 Personen    129 \u20ac \/ 520 PLN<\/li>\n<li>7-8 Personen    139 \u20ac \/ 560 PLN<\/li>\n<\/ul>\n<p>[\/et_pb_blurb][et_pb_image src=&#8221;https:\/\/kraktours.com\/wp-content\/uploads\/2019\/03\/solec-zdroj-17.jpg&#8221; show_in_lightbox=&#8221;on&#8221; _builder_version=&#8221;3.19.18&#8243; border_radii=&#8221;on|20px|20px|20px|20px&#8221; \/][\/et_pb_column][\/et_pb_row][\/et_pb_section]<\/p>\n","protected":false},"excerpt":{"rendered":"<p>liegt etwa 90 km nord\u00f6stlich von Krakau. Der Kurort Solec-Zdr\u00f3j liegt etwa 90 km nord\u00f6stlich von Krakau. Es ist ein Flachland-Kurort, in dem sich jeder Urlauber wohl f\u00fchlen wird. Der therapeutische Schwerpunkt des Kurorts Solec-Zdr\u00f3j ist das rheumatische Profil, das auf die Behandlung von Krankheiten spezialisiert ist: rheumatoide Gelenkentz\u00fcndung, Gelenkentartung, Spondylitis ankylosans, Rheumatismus von Weichteilen, [&hellip;]<\/p>\n","protected":false},"author":1,"featured_media":0,"parent":0,"menu_order":0,"comment_status":"closed","ping_status":"closed","template":"","meta":{"_et_pb_use_builder":"on","_et_pb_old_content":"","_et_gb_content_width":"","footnotes":""},"class_list":["post-794","page","type-page","status-publish","hentry"],"_links":{"self":[{"href":"https:\/\/kraktours.com\/es\/wp-json\/wp\/v2\/pages\/794","targetHints":{"allow":["GET"]}}],"collection":[{"href":"https:\/\/kraktours.com\/es\/wp-json\/wp\/v2\/pages"}],"about":[{"href":"https:\/\/kraktours.com\/es\/wp-json\/wp\/v2\/types\/page"}],"author":[{"embeddable":true,"href":"https:\/\/kraktours.com\/es\/wp-json\/wp\/v2\/users\/1"}],"replies":[{"embeddable":true,"href":"https:\/\/kraktours.com\/es\/wp-json\/wp\/v2\/comments?post=794"}],"version-history":[{"count":7,"href":"https:\/\/kraktours.com\/es\/wp-json\/wp\/v2\/pages\/794\/revisions"}],"predecessor-version":[{"id":1412,"href":"https:\/\/kraktours.com\/es\/wp-json\/wp\/v2\/pages\/794\/revisions\/1412"}],"wp:attachment":[{"href":"https:\/\/kraktours.com\/es\/wp-json\/wp\/v2\/media?parent=794"}],"curies":[{"name":"wp","href":"https:\/\/api.w.org\/{rel}","templated":true}]}}