{"id":729,"date":"2019-03-12T13:02:03","date_gmt":"2019-03-12T13:02:03","guid":{"rendered":"http:\/\/vp.moreo.pl\/en\/?page_id=729"},"modified":"2019-03-12T13:03:40","modified_gmt":"2019-03-12T13:03:40","slug":"partner","status":"publish","type":"page","link":"https:\/\/kraktours.com\/es\/partner\/","title":{"rendered":"Partner"},"content":{"rendered":"<p>[et_pb_section fb_built=&#8221;1&#8243; fullwidth=&#8221;on&#8221; next_background_color=&#8221;#f4f4f4&#8243; admin_label=&#8221;Hero&#8221; _builder_version=&#8221;3.19.18&#8243; background_color=&#8221;#233b4e&#8221; parallax=&#8221;on&#8221; custom_padding=&#8221;0px|0px|0px|0px&#8221;][et_pb_fullwidth_header title=&#8221;PARTNER&#8221; background_overlay_color=&#8221;rgba(29,38,51,0.86)&#8221; content_max_width=&#8221;700px&#8221; admin_label=&#8221;Hero Section&#8221; _builder_version=&#8221;3.19.18&#8243; title_font=&#8221;Oswald|on||on|&#8221; title_font_size=&#8221;43px&#8221; title_line_height=&#8221;1.3em&#8221; content_font=&#8221;Roboto||||&#8221; content_font_size=&#8221;20px&#8221; content_line_height=&#8221;1.7em&#8221; background_color=&#8221;rgba(255,255,255,0)&#8221; background_image=&#8221;https:\/\/kraktours.com\/wp-content\/uploads\/2019\/03\/travel-landscape-17.jpg&#8221; custom_button_one=&#8221;on&#8221; button_one_border_radius=&#8221;0px&#8221; button_one_letter_spacing=&#8221;4px&#8221; button_one_font=&#8221;Oswald|on||on|&#8221; button_one_icon=&#8221;%%3%%&#8221; button_one_icon_color=&#8221;#ffffff&#8221; custom_margin=&#8221;|||&#8221; custom_padding=&#8221;150px||150px|&#8221; custom_padding_tablet=&#8221;60px||60px|&#8221; custom_padding_last_edited=&#8221;on|tablet&#8221; animation_style=&#8221;zoom&#8221; animation_direction=&#8221;bottom&#8221; animation_intensity_zoom=&#8221;4%&#8221; button_one_text_color_hover=&#8221;#ffffff&#8221; button_one_border_color_hover=&#8221;#ffffff&#8221; button_one_border_radius_hover=&#8221;0px&#8221; button_one_letter_spacing_hover=&#8221;4px&#8221; button_one_bg_color_hover=&#8221;rgba(0,0,0,0)&#8221; button_one_text_size__hover_enabled=&#8221;off&#8221; button_two_text_size__hover_enabled=&#8221;off&#8221; button_one_text_color__hover_enabled=&#8221;on&#8221; button_one_text_color__hover=&#8221;#ffffff&#8221; button_two_text_color__hover_enabled=&#8221;off&#8221; button_one_border_width__hover_enabled=&#8221;off&#8221; button_two_border_width__hover_enabled=&#8221;off&#8221; button_one_border_color__hover_enabled=&#8221;on&#8221; button_one_border_color__hover=&#8221;#ffffff&#8221; button_two_border_color__hover_enabled=&#8221;off&#8221; button_one_border_radius__hover_enabled=&#8221;on&#8221; button_one_border_radius__hover=&#8221;0px&#8221; button_two_border_radius__hover_enabled=&#8221;off&#8221; button_one_letter_spacing__hover_enabled=&#8221;on&#8221; button_one_letter_spacing__hover=&#8221;4px&#8221; button_two_letter_spacing__hover_enabled=&#8221;off&#8221; button_one_bg_color__hover_enabled=&#8221;on&#8221; button_one_bg_color__hover=&#8221;rgba(0,0,0,0)&#8221; button_two_bg_color__hover_enabled=&#8221;off&#8221;]<\/p>\n<p>Angebot f\u00fcr Firmen<\/p>\n<p>[\/et_pb_fullwidth_header][\/et_pb_section][et_pb_section fb_built=&#8221;1&#8243; prev_background_color=&#8221;#233b4e&#8221; module_id=&#8221;dlafirm&#8221; module_class=&#8221;dlafirm&#8221; _builder_version=&#8221;3.19.18&#8243; background_color=&#8221;#f4f4f4&#8243; custom_padding=&#8221;34px||46px||false|false&#8221;][et_pb_row custom_padding=&#8221;4px|0px|0px|0px|false|false&#8221; _builder_version=&#8221;3.19.18&#8243;][et_pb_column type=&#8221;1_2&#8243; _builder_version=&#8221;3.0.47&#8243;][et_pb_divider show_divider=&#8221;off&#8221; height=&#8221;false&#8221; disabled_on=&#8221;off|off|off&#8221; _builder_version=&#8221;3.2&#8243; max_width=&#8221;150px&#8221; animation_style=&#8221;slide&#8221; animation_direction=&#8221;top&#8221; animation_delay=&#8221;100ms&#8221; animation_intensity_slide=&#8221;10%&#8221; locked=&#8221;off&#8221;][\/et_pb_divider][et_pb_text admin_label=&#8221;Top Destination Text&#8221; _builder_version=&#8221;3.19.18&#8243; text_font=&#8221;Roboto||||&#8221; text_font_size=&#8221;16px&#8221; text_line_height=&#8221;1.9em&#8221; custom_padding=&#8221;||30px|&#8221; animation_style=&#8221;slide&#8221; animation_direction=&#8221;top&#8221; animation_intensity_slide=&#8221;4%&#8221; locked=&#8221;off&#8221;]<\/p>\n<p>Wir laden kleine, mittlere und gro\u00dfe Unternehmen aus verschiedenen Branchen ein, die ein professionelles Unternehmen suchen, um ihre Mitarbeiter in Krakau und Umgebung zu bedienen. Mitarbeiter zu Konferenzen, Gesch\u00e4ftstreffen, Firmenreisen zu Schulungen oder vielleicht zum Flughafentransfer transportieren? Diese und eine Reihe weiterer Dienstleistungen finden Sie in unserem Angebot &#8211; wir erledigen jeden Auftrag rund um den Personentransport professionell.<\/p>\n<p style=\"text-align: justify;\">Wir bieten auch eine Reihe von Touren f\u00fcr G\u00e4ste an, die die gr\u00f6\u00dften Touristenattraktionen besuchen m\u00f6chten. <\/p>\n<p>[\/et_pb_text][\/et_pb_column][et_pb_column type=&#8221;1_2&#8243; _builder_version=&#8221;3.0.47&#8243;][et_pb_text admin_label=&#8221;Top Destination Text&#8221; _builder_version=&#8221;3.19.18&#8243; text_font=&#8221;Roboto||||&#8221; text_font_size=&#8221;16px&#8221; text_line_height=&#8221;1.9em&#8221; custom_margin=&#8221;20px||&#8221; custom_padding=&#8221;||60px|&#8221; animation_style=&#8221;slide&#8221; animation_direction=&#8221;top&#8221; animation_intensity_slide=&#8221;4%&#8221; locked=&#8221;off&#8221;]<\/p>\n<p>Wir werden sie in die interessantesten und sch\u00f6nsten Gegenden Polens bringen, was eine gute Gelegenheit ist, um Gesch\u00e4ftstreffen zu diversifizieren oder die Mitarbeiter Ihres Unternehmens zu integrieren.<\/p>\n<p>Wir wissen, wie wichtig P\u00fcnktlichkeit im Gesch\u00e4ft ist! Nichts macht einen potentiellen Auftragnehmer so gut, als w\u00fcrde er rechtzeitig zu einem wichtigen Meeting eintreffen. Deshalb sind unsere Fahrer bestrebt, jeden Auftrag nicht nur sicher, sondern auch p\u00fcnktlich abzuwickeln. Wir laden Sie zur Zusammenarbeit ein. Bei Fragen wenden Sie sich bitte an unser Team!<\/p>\n<p><strong>Wir bieten Full Service auch in deutscher Sprache an.<\/strong><\/p>\n<p>[\/et_pb_text][\/et_pb_column][\/et_pb_row][et_pb_row custom_padding=&#8221;0|0px|27px|0px|false|false&#8221; _builder_version=&#8221;3.19.18&#8243;][et_pb_column type=&#8221;4_4&#8243; _builder_version=&#8221;3.0.47&#8243;][et_pb_text _builder_version=&#8221;3.19.18&#8243;]<\/p>\n<h2 style=\"text-align: center;\"><strong>UNSERE PARTNER<\/strong><\/h2>\n<p>[\/et_pb_text][\/et_pb_column][\/et_pb_row][et_pb_row _builder_version=&#8221;3.0.48&#8243; background_size=&#8221;initial&#8221; background_position=&#8221;top_left&#8221; background_repeat=&#8221;repeat&#8221;][et_pb_column type=&#8221;4_4&#8243; _builder_version=&#8221;3.0.47&#8243;][et_pb_code _builder_version=&#8221;3.19.18&#8243;]<div class=\"tcls-wrap\"><div id=\"tc-logo\" class=\"owl-carousel owl-theme\"><div class=\"item\"><a href=\"https:\/\/www.momondo.de\/city-guides\/discover-Krakow.9856.guide.ksp\" target=\"_blank\" rel=\"noopener\"><img decoding=\"async\" src=\"https:\/\/kraktours.com\/wp-content\/uploads\/2019\/04\/MOmondo.png\" alt=\"\" \/><img decoding=\"async\" src=\"https:\/\/kraktours.com\/wp-content\/uploads\/2019\/04\/MOmondo.png\" alt=\"\" \/><\/a><\/div><div class=\"item\"><a href=\"https:\/\/www.kayak.co.uk\/Krakow.9856.guide\" target=\"_blank\" rel=\"noopener\"><img decoding=\"async\" src=\"https:\/\/kraktours.com\/wp-content\/uploads\/2019\/03\/kayak-logo-scaled.jpg\" alt=\"\" \/><img decoding=\"async\" src=\"https:\/\/kraktours.com\/wp-content\/uploads\/2019\/03\/kayak-logo-scaled.jpg\" alt=\"\" \/><\/a><\/div><div class=\"item\"><a href=\"https:\/\/www.tripadvisor.com\/Attraction_Review-g274772-d17506424-Reviews-VISIT_POLEN_Krakow_Tours_Transfers-Krakow_Lesser_Poland_Province_Southern_Poland.html\" target=\"_blank\" rel=\"noopener\"><img decoding=\"async\" src=\"https:\/\/kraktours.com\/wp-content\/uploads\/2019\/03\/TripAdvisor_Logo.svg.png\" alt=\"\" \/><img decoding=\"async\" src=\"https:\/\/kraktours.com\/wp-content\/uploads\/2019\/03\/TripAdvisor_Logo.svg.png\" alt=\"\" \/><\/a><\/div><div class=\"item\"><a href=\"https:\/\/www.viator.com\/tours\/Krakow\/ZAKOPANE-TATRA-MOUNTAINS-Private-Tour-from-Krakow\/d529-156113P23\" target=\"_blank\" rel=\"noopener\"><img decoding=\"async\" src=\"https:\/\/kraktours.com\/wp-content\/uploads\/2019\/03\/Viator_logo__new-for-site.png\" alt=\"\" \/><img decoding=\"async\" src=\"https:\/\/kraktours.com\/wp-content\/uploads\/2019\/03\/Viator_logo__new-for-site.png\" alt=\"\" \/><\/a><\/div><div class=\"item\"><a href=\"#\"><img decoding=\"async\" src=\"https:\/\/kraktours.com\/wp-content\/uploads\/2019\/03\/1-6.jpg\" alt=\"\" \/><img decoding=\"async\" src=\"https:\/\/kraktours.com\/wp-content\/uploads\/2019\/03\/1-6.jpg\" alt=\"\" \/><\/a><\/div><\/div><\/div>[\/et_pb_code][\/et_pb_column][\/et_pb_row][\/et_pb_section]<\/p>\n","protected":false},"excerpt":{"rendered":"<p>[et_pb_section fb_built=&#8221;1&#8243; fullwidth=&#8221;on&#8221; next_background_color=&#8221;#f4f4f4&#8243; admin_label=&#8221;Hero&#8221; _builder_version=&#8221;3.19.18&#8243; background_color=&#8221;#233b4e&#8221; parallax=&#8221;on&#8221; custom_padding=&#8221;0px|0px|0px|0px&#8221;][et_pb_fullwidth_header title=&#8221;PARTNER&#8221; background_overlay_color=&#8221;rgba(29,38,51,0.86)&#8221; content_max_width=&#8221;700px&#8221; admin_label=&#8221;Hero Section&#8221; _builder_version=&#8221;3.19.18&#8243; title_font=&#8221;Oswald|on||on|&#8221; title_font_size=&#8221;43px&#8221; title_line_height=&#8221;1.3em&#8221; content_font=&#8221;Roboto||||&#8221; content_font_size=&#8221;20px&#8221; content_line_height=&#8221;1.7em&#8221; background_color=&#8221;rgba(255,255,255,0)&#8221; background_image=&#8221;https:\/\/kraktours.com\/wp-content\/uploads\/2019\/03\/travel-landscape-17.jpg&#8221; custom_button_one=&#8221;on&#8221; button_one_border_radius=&#8221;0px&#8221; button_one_letter_spacing=&#8221;4px&#8221; button_one_font=&#8221;Oswald|on||on|&#8221; button_one_icon=&#8221;%%3%%&#8221; button_one_icon_color=&#8221;#ffffff&#8221; custom_margin=&#8221;|||&#8221; custom_padding=&#8221;150px||150px|&#8221; custom_padding_tablet=&#8221;60px||60px|&#8221; custom_padding_last_edited=&#8221;on|tablet&#8221; animation_style=&#8221;zoom&#8221; animation_direction=&#8221;bottom&#8221; animation_intensity_zoom=&#8221;4%&#8221; button_one_text_color_hover=&#8221;#ffffff&#8221; button_one_border_color_hover=&#8221;#ffffff&#8221; button_one_border_radius_hover=&#8221;0px&#8221; button_one_letter_spacing_hover=&#8221;4px&#8221; button_one_bg_color_hover=&#8221;rgba(0,0,0,0)&#8221; button_one_text_size__hover_enabled=&#8221;off&#8221; button_two_text_size__hover_enabled=&#8221;off&#8221; button_one_text_color__hover_enabled=&#8221;on&#8221; button_one_text_color__hover=&#8221;#ffffff&#8221; button_two_text_color__hover_enabled=&#8221;off&#8221; button_one_border_width__hover_enabled=&#8221;off&#8221; button_two_border_width__hover_enabled=&#8221;off&#8221; button_one_border_color__hover_enabled=&#8221;on&#8221; button_one_border_color__hover=&#8221;#ffffff&#8221; button_two_border_color__hover_enabled=&#8221;off&#8221; button_one_border_radius__hover_enabled=&#8221;on&#8221; button_one_border_radius__hover=&#8221;0px&#8221; button_two_border_radius__hover_enabled=&#8221;off&#8221; button_one_letter_spacing__hover_enabled=&#8221;on&#8221; [&hellip;]<\/p>\n","protected":false},"author":1,"featured_media":0,"parent":0,"menu_order":0,"comment_status":"closed","ping_status":"closed","template":"","meta":{"_et_pb_use_builder":"on","_et_pb_old_content":"","_et_gb_content_width":"","footnotes":""},"class_list":["post-729","page","type-page","status-publish","hentry"],"_links":{"self":[{"href":"https:\/\/kraktours.com\/es\/wp-json\/wp\/v2\/pages\/729","targetHints":{"allow":["GET"]}}],"collection":[{"href":"https:\/\/kraktours.com\/es\/wp-json\/wp\/v2\/pages"}],"about":[{"href":"https:\/\/kraktours.com\/es\/wp-json\/wp\/v2\/types\/page"}],"author":[{"embeddable":true,"href":"https:\/\/kraktours.com\/es\/wp-json\/wp\/v2\/users\/1"}],"replies":[{"embeddable":true,"href":"https:\/\/kraktours.com\/es\/wp-json\/wp\/v2\/comments?post=729"}],"version-history":[{"count":2,"href":"https:\/\/kraktours.com\/es\/wp-json\/wp\/v2\/pages\/729\/revisions"}],"predecessor-version":[{"id":733,"href":"https:\/\/kraktours.com\/es\/wp-json\/wp\/v2\/pages\/729\/revisions\/733"}],"wp:attachment":[{"href":"https:\/\/kraktours.com\/es\/wp-json\/wp\/v2\/media?parent=729"}],"curies":[{"name":"wp","href":"https:\/\/api.w.org\/{rel}","templated":true}]}}