{"id":763,"date":"2019-03-12T13:57:29","date_gmt":"2019-03-12T13:57:29","guid":{"rendered":"http:\/\/vp.moreo.pl\/en\/?page_id=763"},"modified":"2019-05-16T18:47:16","modified_gmt":"2019-05-16T18:47:16","slug":"thermen-goracy-potok","status":"publish","type":"page","link":"https:\/\/kraktours.com\/el\/thermen-goracy-potok\/","title":{"rendered":"\u0398\u03ad\u03c1\u03bc\u03b7 Gor\u0105cy Potok"},"content":{"rendered":"<p>[et_pb_section bb_built=&#8221;1&#8243; admin_label=&#8221;Hero&#8221; fullwidth=&#8221;on&#8221; next_background_color=&#8221;#ffffff&#8221; _builder_version=&#8221;3.19.18&#8243; background_color=&#8221;#233b4e&#8221; parallax=&#8221;on&#8221; custom_padding=&#8221;0px|0px|0px|0px&#8221;][et_pb_fullwidth_header admin_label=&#8221;Hero Section&#8221; title=&#8221;Therme Gor\u0105cy Potok &#8221; button_one_text=&#8221;Termin buchen&#8221; button_one_url=&#8221;https:\/\/kraktours.com\/de\/buchung\/&#8221; background_overlay_color=&#8221;rgba(29,38,51,0.86)&#8221; content_max_width=&#8221;700px&#8221; _builder_version=&#8221;3.19.18&#8243; title_font=&#8221;Oswald|on||on|&#8221; title_font_size=&#8221;44px&#8221; title_line_height=&#8221;1.3em&#8221; content_font=&#8221;Roboto||||&#8221; content_font_size=&#8221;20px&#8221; content_line_height=&#8221;1.7em&#8221; background_color=&#8221;rgba(255,255,255,0)&#8221; background_image=&#8221;https:\/\/kraktours.com\/wp-content\/uploads\/2019\/03\/termy_goracy_potok_1.jpg&#8221; parallax=&#8221;on&#8221; custom_button_one=&#8221;on&#8221; button_one_border_radius=&#8221;0px&#8221; button_one_letter_spacing=&#8221;4px&#8221; button_one_font=&#8221;Oswald|on||on|&#8221; button_one_icon=&#8221;%%3%%&#8221; button_one_icon_color=&#8221;#ffffff&#8221; custom_margin=&#8221;|||&#8221; custom_padding=&#8221;150px||150px|&#8221; custom_padding_tablet=&#8221;60px||60px|&#8221; custom_padding_last_edited=&#8221;on|tablet&#8221; animation_style=&#8221;zoom&#8221; animation_direction=&#8221;bottom&#8221; animation_intensity_zoom=&#8221;4%&#8221; button_one_text_color_hover=&#8221;#ffffff&#8221; button_one_border_color_hover=&#8221;#ffffff&#8221; button_one_border_radius_hover=&#8221;0px&#8221; button_one_letter_spacing_hover=&#8221;4px&#8221; button_one_bg_color_hover=&#8221;rgba(0,0,0,0)&#8221; button_one_text_size__hover_enabled=&#8221;off&#8221; button_two_text_size__hover_enabled=&#8221;off&#8221; button_one_text_color__hover_enabled=&#8221;on&#8221; button_one_text_color__hover=&#8221;#ffffff&#8221; button_two_text_color__hover_enabled=&#8221;off&#8221; button_one_border_width__hover_enabled=&#8221;off&#8221; button_two_border_width__hover_enabled=&#8221;off&#8221; button_one_border_color__hover_enabled=&#8221;on&#8221; button_one_border_color__hover=&#8221;#ffffff&#8221; button_two_border_color__hover_enabled=&#8221;off&#8221; button_one_border_radius__hover_enabled=&#8221;on&#8221; button_one_border_radius__hover=&#8221;0px&#8221; button_two_border_radius__hover_enabled=&#8221;off&#8221; button_one_letter_spacing__hover_enabled=&#8221;on&#8221; button_one_letter_spacing__hover=&#8221;4px&#8221; button_two_letter_spacing__hover_enabled=&#8221;off&#8221; button_one_bg_color__hover_enabled=&#8221;on&#8221; button_one_bg_color__hover=&#8221;rgba(0,0,0,0)&#8221; button_two_bg_color__hover_enabled=&#8221;off&#8221;]<\/p>\n<p><strong>liegen etwa 100 km von Krakau entfernt.<\/strong><\/p>\n<p>[\/et_pb_fullwidth_header][\/et_pb_section][et_pb_section bb_built=&#8221;1&#8243; prev_background_color=&#8221;#233b4e&#8221; _builder_version=&#8221;3.19.18&#8243; background_image=&#8221;https:\/\/kraktours.com\/wp-content\/uploads\/2019\/03\/wieliczka222-1.jpg&#8221; parallax=&#8221;on&#8221; parallax_method=&#8221;off&#8221; custom_padding=&#8221;38px||0||false|false&#8221;][et_pb_row custom_padding=&#8221;25px|0px|34px|0px|false|false&#8221; _builder_version=&#8221;3.19.18&#8243;][et_pb_column type=&#8221;1_2&#8243;][et_pb_text admin_label=&#8221;Discover Beatuty Title&#8221; _builder_version=&#8221;3.19.18&#8243; text_font=&#8221;||||&#8221; text_text_color=&#8221;#1a1a1a&#8221; header_font=&#8221;Oswald|on||on|&#8221; header_text_align=&#8221;left&#8221; header_font_size=&#8221;60px&#8221; header_line_height=&#8221;1.3em&#8221; header_2_font=&#8221;||||||||&#8221; header_2_font_size=&#8221;29px&#8221; animation_style=&#8221;slide&#8221; animation_direction=&#8221;%22fade_in%22&#8243; animation_duration=&#8221;500ms&#8221; animation_intensity_slide=&#8221;10%&#8221;]<\/p>\n<h2><b>Eigenschaften von Thermalwasser:<\/b><\/h2>\n<p>[\/et_pb_text][et_pb_text admin_label=&#8221;Discover Beatuty Text&#8221; disabled_on=&#8221;off|off|off%22%22&#8243; _builder_version=&#8221;3.19.18&#8243; text_font=&#8221;Roboto||||&#8221; text_font_size=&#8221;16px&#8221; text_line_height=&#8221;1.9em&#8221; custom_padding=&#8221;|||&#8221; animation_style=&#8221;slide&#8221; animation_direction=&#8221;top&#8221; animation_delay=&#8221;300ms&#8221; animation_intensity_slide=&#8221;10%&#8221;]<\/p>\n<p style=\"text-align: justify;\"><span style=\"color: #000000;\">Das Wasser ist reich an Schwefel, Magnesium, Kalzium, Chlor, Eisen, Mangan und Natrium. B\u00e4der in nat\u00fcrlichem, rohem Schwefelwasser haben entz\u00fcndungshemmende Eigenschaften und f\u00f6rdern die Behandlung von chronischen rheumatoiden Erkrankungen und Osteoarthritis. Sie sind von Vorteil f\u00fcr Menschen, die an arterieller Arteriosklerose leiden, und sie sind auch bei vielen dermatologischen Erkrankungen (Psoriasis, atopische Dermatitis, Seborrhoe, \u00fcberm\u00e4\u00dfige Keratose) von unsch\u00e4tzbarem Wert. Regelm\u00e4\u00dfige Schwefelb\u00e4der erh\u00f6hen die Immunit\u00e4t gegen Infektionen und Arbeit. Bei Patienten mit Gicht reduzieren Schwefels\u00e4ureb\u00e4der die Konzentration von endogener Harns\u00e4ure.<\/span><\/p>\n<p>[\/et_pb_text][et_pb_text admin_label=&#8221;Discover Beatuty Title&#8221; _builder_version=&#8221;3.19.18&#8243; text_font=&#8221;||||&#8221; text_text_color=&#8221;#1a1a1a&#8221; header_font=&#8221;Oswald|on||on|&#8221; header_text_align=&#8221;left&#8221; header_font_size=&#8221;60px&#8221; header_line_height=&#8221;1.3em&#8221; header_2_font=&#8221;||||||||&#8221; header_2_font_size=&#8221;34px&#8221; animation_style=&#8221;slide&#8221; animation_direction=&#8221;%22fade_in%22&#8243; animation_duration=&#8221;500ms&#8221; animation_intensity_slide=&#8221;10%&#8221;]<\/p>\n<h2><b>Attraktionen:<\/b><\/h2>\n<p>[\/et_pb_text][et_pb_text admin_label=&#8221;Discover Beatuty Text&#8221; disabled_on=&#8221;off|off|off%22%22&#8243; _builder_version=&#8221;3.19.18&#8243; text_font=&#8221;Roboto||||&#8221; text_font_size=&#8221;16px&#8221; text_line_height=&#8221;1.9em&#8221; ul_font=&#8221;||||||||&#8221; ul_text_color=&#8221;#000000&#8243; custom_padding=&#8221;|||&#8221; animation_style=&#8221;slide&#8221; animation_direction=&#8221;top&#8221; animation_delay=&#8221;300ms&#8221; animation_intensity_slide=&#8221;10%&#8221;]<\/p>\n<ul>\n<li>\n<p>Kinderpool mit der Anziehungskraft von Wet Bubble<\/p>\n<\/li>\n<li>\n<p>Ein Wasserkindergarten mit vielen Rutschen und Wassertransfer<\/p>\n<\/li>\n<li>\n<p>Dreistufiger Seilpark<\/p>\n<\/li>\n<li>\n<p>Kletterwand<\/p>\n<\/li>\n<li>\n<p>27-Meter Big Swing nat\u00fcrlicher Schaukel<\/p>\n<\/li>\n<li>\n<p>Beachvolleyballplatz<\/p>\n<\/li>\n<\/ul>\n<p>[\/et_pb_text][\/et_pb_column][et_pb_column type=&#8221;1_2&#8243;][et_pb_blurb title=&#8221;Tiefe der Wasserentnahme: &#8221; use_icon=&#8221;on&#8221; font_icon=&#8221;%%138%%&#8221; icon_color=&#8221;#00af95&#8243; icon_placement=&#8221;left&#8221; _builder_version=&#8221;3.19.18&#8243; header_font=&#8221;|700|||||||&#8221; body_font=&#8221;||||||||&#8221; body_text_color=&#8221;#000000&#8243; body_font_size=&#8221;16px&#8221; custom_margin=&#8221;||&#8221;]<\/p>\n<p>3,000 &#8211; 5,000 m<\/p>\n<p>[\/et_pb_blurb][et_pb_blurb title=&#8221;Weitere Informationen finden Sie unter &#8221; use_icon=&#8221;on&#8221; font_icon=&#8221;%%165%%&#8221; icon_color=&#8221;#00af95&#8243; icon_placement=&#8221;left&#8221; _builder_version=&#8221;3.19.18&#8243; header_font=&#8221;|700|||||||&#8221; body_font=&#8221;||||||||&#8221; body_text_color=&#8221;#000000&#8243; body_font_size=&#8221;16px&#8221;]<\/p>\n<p><a href=\"http:\/\/www.goracypotok.pl\/de\" target=\"_blank\" rel=\"noopener noreferrer\">www.goracypotok.pl\/de<\/a><\/p>\n<p>[\/et_pb_blurb][et_pb_blurb title=&#8221;Ausflugpreis pro Gruppe:&#8221; use_icon=&#8221;on&#8221; font_icon=&#8221;%%156%%&#8221; icon_color=&#8221;#00af95&#8243; icon_placement=&#8221;left&#8221; _builder_version=&#8221;3.19.18&#8243; header_font=&#8221;|700|||||||&#8221; body_font=&#8221;||||||||&#8221; body_text_color=&#8221;#000000&#8243; body_font_size=&#8221;16px&#8221;]<\/p>\n<ul>\n<li>1-4 Personen 99 \u20ac<\/li>\n<li>5-8 Personen 119 \u20ac<\/li>\n<\/ul>\n<p>[\/et_pb_blurb][et_pb_blurb title=&#8221;Der Reisepreis enth\u00e4lt:&#8221; use_icon=&#8221;on&#8221; font_icon=&#8221;%%32%%&#8221; icon_color=&#8221;#00af95&#8243; icon_placement=&#8221;left&#8221; _builder_version=&#8221;3.19.18&#8243; header_font=&#8221;|700|||||||&#8221; body_text_color=&#8221;#000000&#8243; body_font_size=&#8221;16px&#8221; custom_margin=&#8221;-20px||&#8221;]<\/p>\n<ul>\n<li>Ein privater Mini-Van, klimatisiert und komfortabel &#8211; mit einem Fahrer nur f\u00fcr Sie<\/li>\n<li>&#8220;T\u00fcr zu T\u00fcr&#8221; -Service: Sie werden abgeholt und direkt zu \/ von Ihrem Hotel \/ ausgew\u00e4hlten Ort in Krakau oder in der N\u00e4he gebracht<\/li>\n<li>Deutschsprachige Unterst\u00fctzung seitens Fahrer<\/li>\n<li>Eine Auswahl erfrischender Getr\u00e4nke im Somme<\/li>\n<\/ul>\n<p>&nbsp;<\/p>\n<p>[\/et_pb_blurb][et_pb_blurb title=&#8221;Zus\u00e4tzliche Kosten&#8221; use_icon=&#8221;on&#8221; font_icon=&#8221;%%162%%&#8221; icon_color=&#8221;#00af95&#8243; icon_placement=&#8221;left&#8221; _builder_version=&#8221;3.19.18&#8243; header_font=&#8221;|700|||||||&#8221; body_font=&#8221;||||||||&#8221; body_text_color=&#8221;#000000&#8243; body_font_size=&#8221;16px&#8221; custom_margin=&#8221;||&#8221;]<\/p>\n<p>Eintrittskarten sind nicht im Reisepreis enthalten.<\/p>\n<p>[\/et_pb_blurb][\/et_pb_column][\/et_pb_row][\/et_pb_section]<\/p>\n","protected":false},"excerpt":{"rendered":"<p>liegen etwa 100 km von Krakau entfernt. Eigenschaften von Thermalwasser: Das Wasser ist reich an Schwefel, Magnesium, Kalzium, Chlor, Eisen, Mangan und Natrium. B\u00e4der in nat\u00fcrlichem, rohem Schwefelwasser haben entz\u00fcndungshemmende Eigenschaften und f\u00f6rdern die Behandlung von chronischen rheumatoiden Erkrankungen und Osteoarthritis. Sie sind von Vorteil f\u00fcr Menschen, die an arterieller Arteriosklerose leiden, und sie sind [&hellip;]<\/p>\n","protected":false},"author":1,"featured_media":0,"parent":0,"menu_order":0,"comment_status":"closed","ping_status":"closed","template":"","meta":{"_et_pb_use_builder":"on","_et_pb_old_content":"","_et_gb_content_width":"","footnotes":""},"class_list":["post-763","page","type-page","status-publish","hentry"],"_links":{"self":[{"href":"https:\/\/kraktours.com\/el\/wp-json\/wp\/v2\/pages\/763","targetHints":{"allow":["GET"]}}],"collection":[{"href":"https:\/\/kraktours.com\/el\/wp-json\/wp\/v2\/pages"}],"about":[{"href":"https:\/\/kraktours.com\/el\/wp-json\/wp\/v2\/types\/page"}],"author":[{"embeddable":true,"href":"https:\/\/kraktours.com\/el\/wp-json\/wp\/v2\/users\/1"}],"replies":[{"embeddable":true,"href":"https:\/\/kraktours.com\/el\/wp-json\/wp\/v2\/comments?post=763"}],"version-history":[{"count":10,"href":"https:\/\/kraktours.com\/el\/wp-json\/wp\/v2\/pages\/763\/revisions"}],"predecessor-version":[{"id":1511,"href":"https:\/\/kraktours.com\/el\/wp-json\/wp\/v2\/pages\/763\/revisions\/1511"}],"wp:attachment":[{"href":"https:\/\/kraktours.com\/el\/wp-json\/wp\/v2\/media?parent=763"}],"curies":[{"name":"wp","href":"https:\/\/api.w.org\/{rel}","templated":true}]}}