{"id":712,"date":"2019-03-12T12:48:18","date_gmt":"2019-03-12T12:48:18","guid":{"rendered":"http:\/\/vp.moreo.pl\/en\/?page_id=712"},"modified":"2019-03-19T13:40:25","modified_gmt":"2019-03-19T13:40:25","slug":"fluege-aus-deutschland","status":"publish","type":"page","link":"https:\/\/kraktours.com\/de\/fluege-aus-deutschland\/","title":{"rendered":"FL\u00dcGE AUS DEUTSCHLAND"},"content":{"rendered":"<p>[et_pb_section fb_built=&#8221;1&#8243; fullwidth=&#8221;on&#8221; next_background_color=&#8221;#ffffff&#8221; admin_label=&#8221;Hero&#8221; _builder_version=&#8221;3.19.18&#8243; background_color=&#8221;#233b4e&#8221; parallax=&#8221;on&#8221; custom_padding=&#8221;0px|0px|0px|0px&#8221;][et_pb_fullwidth_header title=&#8221;FL\u00dcGE AUS DEUTSCHLAND&#8221; background_overlay_color=&#8221;rgba(29,38,51,0.86)&#8221; content_max_width=&#8221;700px&#8221; admin_label=&#8221;Hero Section&#8221; _builder_version=&#8221;3.19.18&#8243; title_font=&#8221;Oswald|on||on|&#8221; title_font_size=&#8221;65px&#8221; title_line_height=&#8221;1.3em&#8221; content_font=&#8221;Roboto||||&#8221; content_font_size=&#8221;20px&#8221; content_line_height=&#8221;1.7em&#8221; background_color=&#8221;rgba(255,255,255,0)&#8221; background_image=&#8221;https:\/\/kraktours.com\/wp-content\/uploads\/2019\/03\/lot2.jpg&#8221; custom_button_one=&#8221;on&#8221; button_one_border_radius=&#8221;0px&#8221; button_one_letter_spacing=&#8221;4px&#8221; button_one_font=&#8221;Oswald|on||on|&#8221; button_one_icon=&#8221;%%3%%&#8221; button_one_icon_color=&#8221;#ffffff&#8221; custom_margin=&#8221;|||&#8221; custom_padding=&#8221;150px||150px|&#8221; custom_padding_tablet=&#8221;60px||60px|&#8221; custom_padding_last_edited=&#8221;on|tablet&#8221; animation_style=&#8221;zoom&#8221; animation_direction=&#8221;bottom&#8221; animation_intensity_zoom=&#8221;4%&#8221; button_one_text_color_hover=&#8221;#ffffff&#8221; button_one_border_color_hover=&#8221;#ffffff&#8221; button_one_border_radius_hover=&#8221;0px&#8221; button_one_letter_spacing_hover=&#8221;4px&#8221; button_one_bg_color_hover=&#8221;rgba(0,0,0,0)&#8221; button_one_text_size__hover_enabled=&#8221;off&#8221; button_two_text_size__hover_enabled=&#8221;off&#8221; button_one_text_color__hover_enabled=&#8221;on&#8221; button_one_text_color__hover=&#8221;#ffffff&#8221; button_two_text_color__hover_enabled=&#8221;off&#8221; button_one_border_width__hover_enabled=&#8221;off&#8221; button_two_border_width__hover_enabled=&#8221;off&#8221; button_one_border_color__hover_enabled=&#8221;on&#8221; button_one_border_color__hover=&#8221;#ffffff&#8221; button_two_border_color__hover_enabled=&#8221;off&#8221; button_one_border_radius__hover_enabled=&#8221;on&#8221; button_one_border_radius__hover=&#8221;0px&#8221; button_two_border_radius__hover_enabled=&#8221;off&#8221; button_one_letter_spacing__hover_enabled=&#8221;on&#8221; button_one_letter_spacing__hover=&#8221;4px&#8221; button_two_letter_spacing__hover_enabled=&#8221;off&#8221; button_one_bg_color__hover_enabled=&#8221;on&#8221; button_one_bg_color__hover=&#8221;rgba(0,0,0,0)&#8221; button_two_bg_color__hover_enabled=&#8221;off&#8221;]<\/p>\n<p>Sie erreichen Polen unter anderem mit dem Angebot von Billigfluggesellschaften.<\/p>\n<p>[\/et_pb_fullwidth_header][\/et_pb_section][et_pb_section fb_built=&#8221;1&#8243; prev_background_color=&#8221;#233b4e&#8221; _builder_version=&#8221;3.19.18&#8243; background_image=&#8221;https:\/\/kraktours.com\/wp-content\/uploads\/2019\/03\/tlo-loty.jpg&#8221; parallax=&#8221;on&#8221; parallax_method=&#8221;off&#8221; custom_padding=&#8221;38px||0||false|false&#8221;][et_pb_row custom_padding=&#8221;25px|0px|40px|0px|false|false&#8221; _builder_version=&#8221;3.19.18&#8243;][et_pb_column type=&#8221;4_4&#8243; _builder_version=&#8221;3.0.47&#8243;][et_pb_text disabled_on=&#8221;off|off|off%22%22&#8243; admin_label=&#8221;Discover Beatuty Text&#8221; _builder_version=&#8221;3.19.18&#8243; text_font=&#8221;Roboto||||&#8221; text_font_size=&#8221;16px&#8221; text_line_height=&#8221;1.9em&#8221; ul_font=&#8221;||||||||&#8221; ul_text_color=&#8221;#000000&#8243; custom_padding=&#8221;|||&#8221; animation_style=&#8221;slide&#8221; animation_direction=&#8221;top&#8221; animation_delay=&#8221;300ms&#8221; animation_intensity_slide=&#8221;10%&#8221;]<\/p>\n<p><span style=\"color: #000000;\">Sie erreichen Polen unter anderem mit dem Angebot von Billigfluggesellschaften. Ryanair bietet Fl\u00fcge aus den gr\u00f6\u00dften deutschen St\u00e4dten nach Krakau. Die Wizzair-Linie kann am Flughafen Katowice, etwa 90 km von Krakau entfernt, erreicht werden. Sie k\u00f6nnen auch Fl\u00fcge \u00fcber Deutschen Eurowings und Lufthansa w\u00e4hlen.<\/span><\/p>\n<hr \/>\n<p><strong><span style=\"color: #000000;\">Nachfolgend finden Sie Links zu Websites, auf denen Sie Direktfl\u00fcge nach Polen buchen k\u00f6nnen.<\/span><\/strong><\/p>\n<hr \/>\n<p><span style=\"color: #000000;\">\u00a0<\/span><span style=\"font-size: 16px;\"><strong><span style=\"color: #000000;\">Fl\u00fcge nach Krakau mit Ryanair von den Flugh\u00e4fen in Berlin-Sch\u00f6nefeld, Berlin Tegel, Dortmund, Frankfurt International, Hamburg, N\u00fcrnberg, Stuttgart:<\/span><\/strong><\/span><\/p>\n<ul>\n<li><span style=\"color: #000000;\"><a href=\"https:\/\/www.ryanair.com\/de\/de\/\" target=\"_blank\" rel=\"noopener noreferrer\">www.ryanair.com\/de\/de\/<\/a><\/span><\/li>\n<\/ul>\n<p><strong><span style=\"color: #000000;\">Fl\u00fcge nach Kattowitz mit Wizzair von den Flugh\u00e4fen in Dortmund und K\u00f6ln\/Bonn:<\/span><\/strong><\/p>\n<ul>\n<li><span style=\"color: #05b197;\"><a href=\"https:\/\/wizzair.com\/de-de#\/\" style=\"color: #05b197;\" target=\"_blank\" rel=\"noopener noreferrer\">wizzair.com\/de-de#\/<\/a><\/span><\/li>\n<\/ul>\n<p><strong><span style=\"color: #000000;\">Fl\u00fcge nach Krakau mit Eurowings von der Flughafen in D\u00fcsseldorf:<\/span><\/strong><\/p>\n<ul>\n<li><span style=\"color: #05b197;\"><a href=\"https:\/\/www.eurowings.com\/skysales\/Search.aspx\" style=\"color: #05b197;\" target=\"_blank\" rel=\"noopener noreferrer\">www.eurowings.com\/skysales\/Search.aspx<\/a><\/span><\/li>\n<\/ul>\n<p><strong><span style=\"color: #0c0c0c;\">Fl\u00fcge nach Krakau mit Lufthansa von der Flughafen in M\u00fcnchen:<\/span><\/strong><\/p>\n<ul>\n<li><span style=\"font-size: 16px; color: #05b197;\"><a href=\"https:\/\/www.lufthansa.com\/de\/de\/homepage\" style=\"color: #05b197;\" target=\"_blank\" rel=\"noopener noreferrer\">www.lufthansa.com\/de\/de\/homepage<\/a><\/span><\/li>\n<\/ul>\n<p><strong><span style=\"color: #000000;\">Sie k\u00f6nnen auch nach Fl\u00fcgen auf folgenden Seiten suchen: <\/span><\/strong><\/p>\n<ul>\n<li><span style=\"font-size: 16px; color: #05b197;\"><a href=\"https:\/\/www.skyscanner.de\/\" style=\"color: #05b197;\" target=\"_blank\" rel=\"noopener noreferrer\">www.skyscanner.de\/\u00a0 <\/a><\/span><\/li>\n<li><span style=\"font-size: 16px; color: #05b197;\"><a href=\"https:\/\/www.flug.de\/\" style=\"color: #05b197;\" target=\"_blank\" rel=\"noopener noreferrer\">www.flug.de\/<\/a><\/span><\/li>\n<\/ul>\n<p><span style=\"color: #000000;\">\u00a0<\/span><\/p>\n<p><span style=\"color: #000000; font-size: 16px;\">Unsere Angebote zum Flughafentransfer finden Sie<a href=\"https:\/\/kraktours.com\/de\/flughafentransfer\/\" target=\"_blank\" rel=\"noopener noreferrer\">\u00a0hier<\/a><\/span><\/p>\n<p><span style=\"color: #0c0c0c;\">Wenn Sie keinen g\u00fcnstigen Flug gefunden haben, bieten wir auch einen Transport von Deutschland nach Polen an. Bei Fragen wenden Sie sich bitte an uns.<\/span><\/p>\n<p style=\"text-align: justify;\">\n[\/et_pb_text][\/et_pb_column][\/et_pb_row][\/et_pb_section]<\/p>\n","protected":false},"excerpt":{"rendered":"<p>Sie erreichen Polen unter anderem mit dem Angebot von Billigfluggesellschaften.Sie erreichen Polen unter anderem mit dem Angebot von Billigfluggesellschaften. Ryanair bietet Fl\u00fcge aus den gr\u00f6\u00dften deutschen St\u00e4dten nach Krakau. Die Wizzair-Linie kann am Flughafen Katowice, etwa 90 km von Krakau entfernt, erreicht werden. Sie k\u00f6nnen auch Fl\u00fcge \u00fcber Deutschen Eurowings und Lufthansa w\u00e4hlen. Nachfolgend finden [&hellip;]<\/p>\n","protected":false},"author":1,"featured_media":0,"parent":0,"menu_order":0,"comment_status":"closed","ping_status":"closed","template":"","meta":{"_et_pb_use_builder":"on","_et_pb_old_content":"","_et_gb_content_width":"","footnotes":""},"class_list":["post-712","page","type-page","status-publish","hentry"],"_links":{"self":[{"href":"https:\/\/kraktours.com\/de\/wp-json\/wp\/v2\/pages\/712","targetHints":{"allow":["GET"]}}],"collection":[{"href":"https:\/\/kraktours.com\/de\/wp-json\/wp\/v2\/pages"}],"about":[{"href":"https:\/\/kraktours.com\/de\/wp-json\/wp\/v2\/types\/page"}],"author":[{"embeddable":true,"href":"https:\/\/kraktours.com\/de\/wp-json\/wp\/v2\/users\/1"}],"replies":[{"embeddable":true,"href":"https:\/\/kraktours.com\/de\/wp-json\/wp\/v2\/comments?post=712"}],"version-history":[{"count":4,"href":"https:\/\/kraktours.com\/de\/wp-json\/wp\/v2\/pages\/712\/revisions"}],"predecessor-version":[{"id":895,"href":"https:\/\/kraktours.com\/de\/wp-json\/wp\/v2\/pages\/712\/revisions\/895"}],"wp:attachment":[{"href":"https:\/\/kraktours.com\/de\/wp-json\/wp\/v2\/media?parent=712"}],"curies":[{"name":"wp","href":"https:\/\/api.w.org\/{rel}","templated":true}]}}