{"id":863,"date":"2019-03-12T15:49:10","date_gmt":"2019-03-12T15:49:10","guid":{"rendered":"http:\/\/vp.moreo.pl\/en\/?page_id=863"},"modified":"2019-06-02T09:28:18","modified_gmt":"2019-06-02T09:28:18","slug":"wieliczka-4","status":"publish","type":"page","link":"https:\/\/kraktours.com\/ar\/wieliczka-4\/","title":{"rendered":"Salzbergwerk Wieliczka"},"content":{"rendered":"<p>[et_pb_section bb_built=&#8221;1&#8243; admin_label=&#8221;Hero&#8221; fullwidth=&#8221;on&#8221; next_background_color=&#8221;#ffffff&#8221; _builder_version=&#8221;3.19.18&#8243; background_color=&#8221;#233b4e&#8221; parallax=&#8221;on&#8221; custom_padding=&#8221;0px|0px|0px|0px&#8221;][et_pb_fullwidth_header admin_label=&#8221;Hero Section&#8221; title=&#8221;Salzbergwerk Wieliczka &#8211; Private Tour&#8221; button_one_text=&#8221;termin buchen&#8221; button_one_url=&#8221;https:\/\/kraktours.com\/de\/buchung\/&#8221; background_overlay_color=&#8221;rgba(29,38,51,0.86)&#8221; content_max_width=&#8221;700px&#8221; _builder_version=&#8221;3.19.18&#8243; title_font=&#8221;Oswald|on||on|&#8221; title_font_size=&#8221;65px&#8221; title_line_height=&#8221;1.3em&#8221; content_font=&#8221;Roboto||||&#8221; content_font_size=&#8221;20px&#8221; content_line_height=&#8221;1.7em&#8221; background_color=&#8221;rgba(255,255,255,0)&#8221; background_image=&#8221;https:\/\/kraktours.com\/wp-content\/uploads\/2019\/03\/wieliczka-salt-mine-400637_1280.jpg&#8221; parallax=&#8221;on&#8221; parallax_method=&#8221;on&#8221; custom_button_one=&#8221;on&#8221; button_one_border_radius=&#8221;0px&#8221; button_one_letter_spacing=&#8221;4px&#8221; button_one_font=&#8221;Oswald|on||on|&#8221; button_one_icon=&#8221;%%3%%&#8221; button_one_icon_color=&#8221;#ffffff&#8221; custom_margin=&#8221;|||&#8221; custom_padding=&#8221;150px||150px|&#8221; custom_padding_tablet=&#8221;60px||60px|&#8221; custom_padding_last_edited=&#8221;on|tablet&#8221; animation_style=&#8221;zoom&#8221; animation_direction=&#8221;bottom&#8221; animation_intensity_zoom=&#8221;4%&#8221; button_one_text_color_hover=&#8221;#ffffff&#8221; button_one_border_color_hover=&#8221;#ffffff&#8221; button_one_border_radius_hover=&#8221;0px&#8221; button_one_letter_spacing_hover=&#8221;4px&#8221; button_one_bg_color_hover=&#8221;rgba(0,0,0,0)&#8221; button_one_text_size__hover_enabled=&#8221;off&#8221; button_two_text_size__hover_enabled=&#8221;off&#8221; button_one_text_color__hover_enabled=&#8221;on&#8221; button_one_text_color__hover=&#8221;#ffffff&#8221; button_two_text_color__hover_enabled=&#8221;off&#8221; button_one_border_width__hover_enabled=&#8221;off&#8221; button_two_border_width__hover_enabled=&#8221;off&#8221; button_one_border_color__hover_enabled=&#8221;on&#8221; button_one_border_color__hover=&#8221;#ffffff&#8221; button_two_border_color__hover_enabled=&#8221;off&#8221; button_one_border_radius__hover_enabled=&#8221;on&#8221; button_one_border_radius__hover=&#8221;0px&#8221; button_two_border_radius__hover_enabled=&#8221;off&#8221; button_one_letter_spacing__hover_enabled=&#8221;on&#8221; button_one_letter_spacing__hover=&#8221;4px&#8221; button_two_letter_spacing__hover_enabled=&#8221;off&#8221; button_one_bg_color__hover_enabled=&#8221;on&#8221; button_one_bg_color__hover=&#8221;rgba(0,0,0,0)&#8221; button_two_bg_color__hover_enabled=&#8221;off&#8221; \/][\/et_pb_section][et_pb_section bb_built=&#8221;1&#8243; prev_background_color=&#8221;#233b4e&#8221; next_background_color=&#8221;#ffffff&#8221; _builder_version=&#8221;3.19.18&#8243; background_image=&#8221;https:\/\/kraktours.com\/wp-content\/uploads\/2019\/03\/wieliczka222.jpg&#8221; parallax=&#8221;on&#8221; parallax_method=&#8221;off&#8221; custom_padding=&#8221;38px||0||false|false&#8221;][et_pb_row custom_padding=&#8221;25px|0px|9px|0px|false|false&#8221; _builder_version=&#8221;3.19.18&#8243;][et_pb_column type=&#8221;1_2&#8243;][et_pb_text admin_label=&#8221;Discover Beatuty Title&#8221; _builder_version=&#8221;3.19.18&#8243; text_font=&#8221;||||&#8221; text_text_color=&#8221;#1a1a1a&#8221; header_font=&#8221;Oswald|on||on|&#8221; header_text_align=&#8221;left&#8221; header_font_size=&#8221;60px&#8221; header_line_height=&#8221;1.3em&#8221; header_2_font=&#8221;||||||||&#8221; header_2_font_size=&#8221;34px&#8221; animation_style=&#8221;slide&#8221; animation_direction=&#8221;%22fade_in%22&#8243; animation_duration=&#8221;500ms&#8221; animation_intensity_slide=&#8221;10%&#8221;]<\/p>\n<h2><b>Wieliczka<\/b><\/h2>\n<p>[\/et_pb_text][et_pb_text admin_label=&#8221;Discover Beatuty Text&#8221; disabled_on=&#8221;off|off|off%22%22&#8243; _builder_version=&#8221;3.19.18&#8243; text_font=&#8221;Roboto||||&#8221; text_font_size=&#8221;16px&#8221; text_line_height=&#8221;1.9em&#8221; custom_padding=&#8221;|||&#8221; animation_style=&#8221;slide&#8221; animation_direction=&#8221;top&#8221; animation_delay=&#8221;300ms&#8221; animation_intensity_slide=&#8221;10%&#8221;]<\/p>\n<p style=\"text-align: justify;\"><span style=\"color: #000000;\">Wieliczka ist nicht nur in Polen ber\u00fchmt, sondern dank des wundersch\u00f6nen Salzbergwerks, das j\u00e4hrlich von \u00fcber 1 Million Touristen besucht wird, auch in der Welt. Seit dem dreizehnten Jahrhundert ist die Stadt als Bergbauzentrum dieser Ressource bekannt und die Mine wurde im Namen der heiligen Kinga gegr\u00fcndet. Die Mine ist ein Labyrinth aus unterirdischen Gehwegen mit einer L\u00e4nge von 300 km. Es ist ein wertvolles Denkmal der materiellen Kultur und des technischen Denkens.  <\/span><\/p>\n<p style=\"text-align: justify;\"><span style=\"color: #000000;\">Der Besuch der Mine dauert ungef\u00e4hr 2-3 Stunden und findet auf verschiedenen alternativen Routen statt (Touristenroute oder Bergmannsroute). Die Reisezeit von Krakau nach Wieliczka dauert ca. 30 Minuten.<br \/>\nKaufen Sie die Eintrittskarten Online auf www.salzbergwerkwieliczka.de (89PLN \/ ca.22\u20ac) oder reservieren Sie einfach eine Tour bei uns und wir sorgen um die Eintrittskarten f\u00fcr Sie.<\/span><\/p>\n<p style=\"text-align: justify;\">\n<p>[\/et_pb_text][\/et_pb_column][et_pb_column type=&#8221;1_2&#8243;][et_pb_blurb title=&#8221;Reisedauer zur Salzbergwerk Wieliczka: &#8221; use_icon=&#8221;on&#8221; font_icon=&#8221;%%373%%&#8221; icon_color=&#8221;#00af95&#8243; icon_placement=&#8221;left&#8221; _builder_version=&#8221;3.19.18&#8243; header_font=&#8221;|700|||||||&#8221; body_text_color=&#8221;#000000&#8243; body_font_size=&#8221;16px&#8221;]<\/p>\n<p>bis zu 4 Stunden<\/p>\n<p>[\/et_pb_blurb][et_pb_blurb title=&#8221;Ausflugpreis pro Gruppe: &#8221; use_icon=&#8221;on&#8221; font_icon=&#8221;%%156%%&#8221; icon_color=&#8221;#00af95&#8243; icon_placement=&#8221;left&#8221; _builder_version=&#8221;3.19.18&#8243; header_font=&#8221;|700|||||||&#8221; body_font=&#8221;||||||||&#8221; body_text_color=&#8221;#000000&#8243; body_font_size=&#8221;16px&#8221;]<\/p>\n<ul>\n<li>1-3 Personen    59 \u20ac \/ 240 PLN<\/li>\n<li>4-6 Personen    79 \u20ac \/ 320 PLN<\/li>\n<li>7-8 Personen    89 \u20ac \/ 360 PLN<\/li>\n<\/ul>\n<p>[\/et_pb_blurb][et_pb_blurb title=&#8221;Der Reisepreis enth\u00e4lt:&#8221; use_icon=&#8221;on&#8221; font_icon=&#8221;%%32%%&#8221; icon_color=&#8221;#00af95&#8243; icon_placement=&#8221;left&#8221; _builder_version=&#8221;3.19.18&#8243; header_font=&#8221;|700|||||||&#8221; body_text_color=&#8221;#000000&#8243; body_font_size=&#8221;16px&#8221; custom_margin=&#8221;-20px||&#8221;]<\/p>\n<ul>\n<li>Einen privaten Mini-Van, klimatisiert und komfortabel &#8211; mit einem Fahrer nur f\u00fcr Sie<\/li>\n<li>&#8220;T\u00fcr zu T\u00fcr&#8221; Service: Sie werden abgeholt und direkt zu \/ von Ihrem Hotel \/ ausgew\u00e4hlten Ort in Krakau oder in der N\u00e4he gebracht<\/li>\n<li>Deutschsprachige Unterst\u00fctzung seitens Fahrer<\/li>\n<li>Eine Auswahl erfrischender Getr\u00e4nke im Sommer<\/li>\n<\/ul>\n<p>[\/et_pb_blurb][et_pb_blurb title=&#8221;Zus\u00e4tzliche Kosten&#8221; use_icon=&#8221;on&#8221; font_icon=&#8221;%%162%%&#8221; icon_color=&#8221;#00af95&#8243; icon_placement=&#8221;left&#8221; _builder_version=&#8221;3.19.18&#8243; header_font=&#8221;|700|||||||&#8221; body_font=&#8221;||||||||&#8221; body_text_color=&#8221;#000000&#8243; body_font_size=&#8221;16px&#8221; custom_margin=&#8221;||&#8221;]<\/p>\n<p>Eintritskarten f\u00fcr ausgew\u00e4hlte Sehensw\u00fcrdigkeiten sind nicht im Reisepreis enthalten.<\/p>\n<p>[\/et_pb_blurb][\/et_pb_column][\/et_pb_row][et_pb_row custom_padding=&#8221;1px|0px|27px|0px|false|false&#8221; _builder_version=&#8221;3.19.18&#8243;][et_pb_column type=&#8221;4_4&#8243;][et_pb_text admin_label=&#8221;Discover Beatuty Title&#8221; _builder_version=&#8221;3.19.18&#8243; text_font=&#8221;||||&#8221; text_text_color=&#8221;#1a1a1a&#8221; header_font=&#8221;Oswald|on||on|&#8221; header_text_align=&#8221;left&#8221; header_font_size=&#8221;60px&#8221; header_line_height=&#8221;1.3em&#8221; header_2_font_size=&#8221;24px&#8221; animation_style=&#8221;slide&#8221; animation_duration=&#8221;500ms&#8221; animation_intensity_slide=&#8221;10%&#8221;]<\/p>\n<h2 style=\"text-align: center;\"><strong>Touristische Attraktionen in der Umgebung:<\/strong><\/h2>\n<p>[\/et_pb_text][\/et_pb_column][\/et_pb_row][\/et_pb_section][et_pb_section bb_built=&#8221;1&#8243; prev_background_color=&#8221;#ffffff&#8221; next_background_color=&#8221;#ffffff&#8221; _builder_version=&#8221;3.19.18&#8243; background_image=&#8221;https:\/\/kraktours.com\/wp-content\/uploads\/2019\/03\/wieliczka222.jpg&#8221; parallax=&#8221;on&#8221; parallax_method=&#8221;off&#8221; custom_padding=&#8221;0|0px|54px|0px|false|false&#8221;][et_pb_row make_fullwidth=&#8221;on&#8221; use_custom_gutter=&#8221;on&#8221; gutter_width=&#8221;2&#8243; custom_padding=&#8221;27px|0px|11px|0px|false|false&#8221; _builder_version=&#8221;3.19.18&#8243;][et_pb_column type=&#8221;1_4&#8243;][et_pb_image src=&#8221;https:\/\/kraktours.com\/wp-content\/uploads\/2019\/03\/1-4.jpg&#8221; show_in_lightbox=&#8221;on&#8221; _builder_version=&#8221;3.19.18&#8243; border_radii=&#8221;on|20px|20px|20px|20px&#8221; filter_brightness=&#8221;59%&#8221; filter_brightness__hover_enabled=&#8221;on&#8221; filter_brightness__hover=&#8221;100%&#8221; \/][et_pb_text _builder_version=&#8221;3.19.18&#8243; custom_margin=&#8221;||&#8221;]<\/p>\n<h5 style=\"text-align: center;\"><strong> Salzbergwerk<\/strong><\/h5>\n<p>[\/et_pb_text][et_pb_toggle title=&#8221;Mehr&#8221; icon_color=&#8221;#05b197&#8243; _builder_version=&#8221;3.19.18&#8243; border_radii=&#8221;on|20px|20px|20px|20px&#8221; custom_margin=&#8221;-15px||&#8221;]<\/p>\n<p style=\"text-align: center;\">Das Salzbergwerk Wieliczka ist ein Labyrinth aus unterirdischen Gehwegen mit einer L\u00e4nge von 300 km, das in diesem Gebiet einen \u00fcber 700 Jahre alten Betrieb aufweist. Als \u00e4u\u00dferst wertvolles Denkmal der materiellen Kultur wurde das Salzbergwerk 1978 als eines der ersten Objekte in die UNESCO-Liste des Kultur- und Naturerbes aufgenommen. Die Besichtigung der Wieliczka-Salzmine dauert etwa 2-3 Stunden auf verschiedenen alternativen Routen, einschlie\u00dflich der beliebten Touristenstra\u00dfe und der extremen Bergarbeiterstra\u00dfe.<\/p>\n<p>[\/et_pb_toggle][\/et_pb_column][et_pb_column type=&#8221;1_4&#8243;][et_pb_image src=&#8221;https:\/\/kraktours.com\/wp-content\/uploads\/2019\/03\/22.jpg&#8221; show_in_lightbox=&#8221;on&#8221; _builder_version=&#8221;3.19.18&#8243; border_radii=&#8221;on|20px|20px|20px|20px&#8221; filter_brightness=&#8221;59%&#8221; hover_enabled=&#8221;1&#8243; filter_brightness__hover_enabled=&#8221;on&#8221; filter_brightness__hover=&#8221;100%&#8221; \/][et_pb_text _builder_version=&#8221;3.19.18&#8243; header_5_font=&#8221;||||||||&#8221; header_5_font_size=&#8221;13px&#8221; custom_margin=&#8221;||&#8221;]<\/p>\n<h5 style=\"text-align: center;\"><strong>Saltworks Castle &#8211; das Krakauer Salinenmuseum<\/strong><\/h5>\n<p>[\/et_pb_text][et_pb_toggle title=&#8221;Mehr&#8221; icon_color=&#8221;#05b197&#8243; _builder_version=&#8221;3.19.18&#8243; border_radii=&#8221;on|20px|20px|20px|20px&#8221; custom_margin=&#8221;-15px||&#8221;]<\/p>\n<p style=\"text-align: center;\">Das \u017bupny Schloss in Wieliczka ist der historische Sitz der Salzmine und ehemals des Minenmanagers vom Ende des 13. Jahrhunderts bis 1945. Die Salzmine oder die Krakauer Saline hat sowohl die Wieliczka-Mine als auch die Mine in Bochnia geschaffen. Das Schloss in Wieliczka ist f\u00fcr Touristen ge\u00f6ffnet, w\u00e4hrend das Nordgeb\u00e4ude zum Sitz des Krakauer Salz Museums geworden ist, in dem permanente und tempor\u00e4re Ausstellungen gezeigt werden. Im Schlosshof geht es hinunter zum rekonstruierten Schacht aus dem 18. Jahrhundert.<\/p>\n<p>[\/et_pb_toggle][\/et_pb_column][et_pb_column type=&#8221;1_4&#8243;][et_pb_image src=&#8221;https:\/\/kraktours.com\/wp-content\/uploads\/2019\/03\/3-4.jpg&#8221; show_in_lightbox=&#8221;on&#8221; _builder_version=&#8221;3.19.18&#8243; border_radii=&#8221;on|20px|20px|20px|20px&#8221; filter_brightness=&#8221;59%&#8221; hover_enabled=&#8221;1&#8243; filter_brightness__hover_enabled=&#8221;on&#8221; filter_brightness__hover=&#8221;100%&#8221; \/][et_pb_text _builder_version=&#8221;3.19.18&#8243; header_5_font=&#8221;||||||||&#8221; header_5_font_size=&#8221;15px&#8221; custom_margin=&#8221;||&#8221;]<\/p>\n<h5 style=\"text-align: center;\"><strong>Gradierwerk In Wieliczka<\/strong><\/h5>\n<p>[\/et_pb_text][et_pb_toggle title=&#8221;Mehr&#8221; icon_color=&#8221;#05b197&#8243; _builder_version=&#8221;3.19.18&#8243; border_radii=&#8221;on|20px|20px|20px|20px&#8221; custom_margin=&#8221;-15px||&#8221;]<\/p>\n<p style=\"text-align: center;\">Ein Besuch im Gradierwerk ist eine gro\u00dfartige und sehr angenehme M\u00f6glichkeit f\u00fcr gesunde Spazierg\u00e4nge, denn der in den Graduierungst\u00fcrmen erzeugte nat\u00fcrliche Salznebel \u00e4hnelt dem von der K\u00fcste. Durch seine gesundheitsf\u00f6rderlichen Eigenschaften unterst\u00fctzt er die Behandlung von Atemwegserkrankungen und erh\u00f6ht die Widerstandskraft des K\u00f6rpers. Durch Inhalationen k\u00f6nnen die Atemwege gereinigt werden. Es lohnt sich also, nach Gradierwerk zu gehen, um sie nicht nur zu besuchen, sondern auch lange auf den B\u00e4nken im Innenhof zu sitzen.<\/p>\n<p>[\/et_pb_toggle][\/et_pb_column][et_pb_column type=&#8221;1_4&#8243;][et_pb_image src=&#8221;https:\/\/kraktours.com\/wp-content\/uploads\/2019\/03\/4-4.jpg&#8221; show_in_lightbox=&#8221;on&#8221; _builder_version=&#8221;3.19.18&#8243; border_radii=&#8221;on|20px|20px|20px|20px&#8221; filter_brightness=&#8221;59%&#8221; hover_enabled=&#8221;1&#8243; filter_brightness__hover_enabled=&#8221;on&#8221; filter_brightness__hover=&#8221;100%&#8221; \/][et_pb_text _builder_version=&#8221;3.19.18&#8243; custom_margin=&#8221;||&#8221;]<\/p>\n<h5 style=\"text-align: center;\"><strong>K\u00f6nigsschloss in Niepo\u0142omice<\/strong><\/h5>\n<p>[\/et_pb_text][et_pb_toggle title=&#8221;Mehr&#8221; icon_color=&#8221;#05b197&#8243; _builder_version=&#8221;3.19.18&#8243; border_radii=&#8221;on|20px|20px|20px|20px&#8221; custom_margin=&#8221;-15px||&#8221;]<\/p>\n<p style=\"text-align: center;\">Das Schloss in Niepo\u0142omice war jahrhundertelang ein Ort, an dem gekr\u00f6nte H\u00e4upter ruhten, es wurde oft sogar der zweite Wawel genannt. Es wurde im 14. Jahrhundert von Kasimir dem Gro\u00dfen erbaut, aber die Bl\u00fctezeit von Niepo\u0142omice \u00fcberlebte w\u00e4hrend der Regierungszeit der K\u00f6nige Zygmunt der Alte und Zygmunt August, die im 16. Jahrhundert lag. Zu dieser Zeit wurde die Burg im Renaissancestil umgebaut. Heute ist das Schloss in Niepo\u0142omice eine Perle der Renaissance, die den Touristen als Museum zur Verf\u00fcgung gestellt wird.<\/p>\n<p>[\/et_pb_toggle][\/et_pb_column][\/et_pb_row][\/et_pb_section][et_pb_section bb_built=&#8221;1&#8243; admin_label=&#8221;Gallery&#8221; prev_background_color=&#8221;#ffffff&#8221; _builder_version=&#8221;3.19.18&#8243; background_image=&#8221;https:\/\/kraktours.com\/wp-content\/uploads\/2019\/03\/wieliczka222.jpg&#8221; parallax=&#8221;on&#8221; parallax_method=&#8221;off&#8221; custom_padding=&#8221;0px||0px|&#8221;][et_pb_row make_fullwidth=&#8221;on&#8221; use_custom_gutter=&#8221;on&#8221; gutter_width=&#8221;2&#8243; custom_padding=&#8221;9px|0px|27px|0px|false|false&#8221; _builder_version=&#8221;3.19.18&#8243; border_radii=&#8221;on|20px|20px|20px|20px&#8221;][et_pb_column type=&#8221;4_4&#8243;][et_pb_text admin_label=&#8221;Discover Beatuty Title&#8221; _builder_version=&#8221;3.19.18&#8243; text_font=&#8221;||||&#8221; text_text_color=&#8221;#1a1a1a&#8221; header_font=&#8221;Oswald|on||on|&#8221; header_text_align=&#8221;left&#8221; header_font_size=&#8221;60px&#8221; header_line_height=&#8221;1.3em&#8221; header_2_font=&#8221;||||||||&#8221; header_2_font_size=&#8221;24px&#8221; animation_style=&#8221;slide&#8221; animation_direction=&#8221;%22fade_in%22&#8243; animation_duration=&#8221;500ms&#8221; animation_intensity_slide=&#8221;10%&#8221;]<\/p>\n<h2 style=\"text-align: center;\"><b>Galerie<\/b><\/h2>\n<p><strong><\/strong><\/p>\n<p><strong><\/strong><\/p>\n<p>[\/et_pb_text][et_pb_gallery gallery_ids=&#8221;435,436,437,438,439&#8243; show_title_and_caption=&#8221;off&#8221; hover_overlay_color=&#8221;rgba(255,255,255,0.65)&#8221; hover_icon=&#8221;%%32%%&#8221; _builder_version=&#8221;3.19.18&#8243; border_radii_image=&#8221;on|20px|20px|20px|20px&#8221; border_width_all_image=&#8221;5px&#8221; border_color_all_image=&#8221;#05b197&#8243; \/][\/et_pb_column][\/et_pb_row][\/et_pb_section]<\/p>\n","protected":false},"excerpt":{"rendered":"<p>Wieliczka Wieliczka ist nicht nur in Polen ber\u00fchmt, sondern dank des wundersch\u00f6nen Salzbergwerks, das j\u00e4hrlich von \u00fcber 1 Million Touristen besucht wird, auch in der Welt. Seit dem dreizehnten Jahrhundert ist die Stadt als Bergbauzentrum dieser Ressource bekannt und die Mine wurde im Namen der heiligen Kinga gegr\u00fcndet. Die Mine ist ein Labyrinth aus unterirdischen [&hellip;]<\/p>\n","protected":false},"author":1,"featured_media":0,"parent":0,"menu_order":0,"comment_status":"closed","ping_status":"closed","template":"","meta":{"_et_pb_use_builder":"on","_et_pb_old_content":"","_et_gb_content_width":"","footnotes":""},"class_list":["post-863","page","type-page","status-publish","hentry"],"_links":{"self":[{"href":"https:\/\/kraktours.com\/ar\/wp-json\/wp\/v2\/pages\/863","targetHints":{"allow":["GET"]}}],"collection":[{"href":"https:\/\/kraktours.com\/ar\/wp-json\/wp\/v2\/pages"}],"about":[{"href":"https:\/\/kraktours.com\/ar\/wp-json\/wp\/v2\/types\/page"}],"author":[{"embeddable":true,"href":"https:\/\/kraktours.com\/ar\/wp-json\/wp\/v2\/users\/1"}],"replies":[{"embeddable":true,"href":"https:\/\/kraktours.com\/ar\/wp-json\/wp\/v2\/comments?post=863"}],"version-history":[{"count":13,"href":"https:\/\/kraktours.com\/ar\/wp-json\/wp\/v2\/pages\/863\/revisions"}],"predecessor-version":[{"id":1517,"href":"https:\/\/kraktours.com\/ar\/wp-json\/wp\/v2\/pages\/863\/revisions\/1517"}],"wp:attachment":[{"href":"https:\/\/kraktours.com\/ar\/wp-json\/wp\/v2\/media?parent=863"}],"curies":[{"name":"\u062f\u0628\u0644\u064a\u0648 \u0628\u064a","href":"https:\/\/api.w.org\/{rel}","templated":true}]}}