{"id":850,"date":"2019-03-12T15:39:17","date_gmt":"2019-03-12T15:39:17","guid":{"rendered":"http:\/\/vp.moreo.pl\/en\/?page_id=850"},"modified":"2019-06-02T09:38:53","modified_gmt":"2019-06-02T09:38:53","slug":"auschwitz-und-wadowice-an-einem-tag","status":"publish","type":"page","link":"https:\/\/kraktours.com\/ar\/auschwitz-und-wadowice-an-einem-tag\/","title":{"rendered":"\u0623\u0648\u0634\u0641\u064a\u062a\u0632 \u0648\u0641\u0627\u062f\u0648\u0641\u064a\u062a\u0633\u0647 \u0641\u064a \u064a\u0648\u0645 \u0645\u0646 \u0627\u0644\u0623\u064a\u0627\u0645"},"content":{"rendered":"<p>[et_pb_section bb_built=&#8221;1&#8243; admin_label=&#8221;Hero&#8221; fullwidth=&#8221;on&#8221; next_background_color=&#8221;#ffffff&#8221; _builder_version=&#8221;3.19.18&#8243; background_color=&#8221;#233b4e&#8221; parallax=&#8221;on&#8221; custom_padding=&#8221;0px|0px|0px|0px&#8221;][et_pb_fullwidth_header admin_label=&#8221;Hero Section&#8221; title=&#8221;Auschwitz und Wadowice an einem Tag &#8211; Private Tour&#8221; button_one_text=&#8221;Termin buchen&#8221; button_one_url=&#8221;https:\/\/kraktours.com\/de\/buchung\/&#8221; background_overlay_color=&#8221;rgba(29,38,51,0.86)&#8221; content_max_width=&#8221;700px&#8221; _builder_version=&#8221;3.19.18&#8243; title_font=&#8221;Oswald|on||on|&#8221; title_font_size=&#8221;40px&#8221; title_line_height=&#8221;1.3em&#8221; content_font=&#8221;Roboto||||&#8221; content_font_size=&#8221;20px&#8221; content_line_height=&#8221;1.7em&#8221; background_color=&#8221;rgba(255,255,255,0)&#8221; background_image=&#8221;https:\/\/kraktours.com\/wp-content\/uploads\/2019\/03\/DSC_0333a.jpg&#8221; parallax=&#8221;on&#8221; parallax_method=&#8221;on&#8221; custom_button_one=&#8221;on&#8221; button_one_border_radius=&#8221;0px&#8221; button_one_letter_spacing=&#8221;4px&#8221; button_one_font=&#8221;Oswald|on||on|&#8221; button_one_icon=&#8221;%%3%%&#8221; button_one_icon_color=&#8221;#ffffff&#8221; custom_margin=&#8221;|||&#8221; custom_padding=&#8221;150px||150px|&#8221; custom_padding_tablet=&#8221;60px||60px|&#8221; custom_padding_last_edited=&#8221;on|tablet&#8221; animation_style=&#8221;zoom&#8221; animation_direction=&#8221;bottom&#8221; animation_intensity_zoom=&#8221;4%&#8221; button_one_text_color_hover=&#8221;#ffffff&#8221; button_one_border_color_hover=&#8221;#ffffff&#8221; button_one_border_radius_hover=&#8221;0px&#8221; button_one_letter_spacing_hover=&#8221;4px&#8221; button_one_bg_color_hover=&#8221;rgba(0,0,0,0)&#8221; button_one_text_size__hover_enabled=&#8221;off&#8221; button_two_text_size__hover_enabled=&#8221;off&#8221; button_one_text_color__hover_enabled=&#8221;on&#8221; button_one_text_color__hover=&#8221;#ffffff&#8221; button_two_text_color__hover_enabled=&#8221;off&#8221; button_one_border_width__hover_enabled=&#8221;off&#8221; button_two_border_width__hover_enabled=&#8221;off&#8221; button_one_border_color__hover_enabled=&#8221;on&#8221; button_one_border_color__hover=&#8221;#ffffff&#8221; button_two_border_color__hover_enabled=&#8221;off&#8221; button_one_border_radius__hover_enabled=&#8221;on&#8221; button_one_border_radius__hover=&#8221;0px&#8221; button_two_border_radius__hover_enabled=&#8221;off&#8221; button_one_letter_spacing__hover_enabled=&#8221;on&#8221; button_one_letter_spacing__hover=&#8221;4px&#8221; button_two_letter_spacing__hover_enabled=&#8221;off&#8221; button_one_bg_color__hover_enabled=&#8221;on&#8221; button_one_bg_color__hover=&#8221;rgba(0,0,0,0)&#8221; button_two_bg_color__hover_enabled=&#8221;off&#8221;]<\/p>\n<p><strong>Wadowice &#8211; auf den Spuren von Johannes Paul II<\/strong><\/p>\n<p>[\/et_pb_fullwidth_header][\/et_pb_section][et_pb_section bb_built=&#8221;1&#8243; prev_background_color=&#8221;#233b4e&#8221; next_background_color=&#8221;#ffffff&#8221; _builder_version=&#8221;3.19.18&#8243; background_image=&#8221;https:\/\/kraktours.com\/wp-content\/uploads\/2019\/03\/tlo-5.jpg&#8221; parallax=&#8221;on&#8221; parallax_method=&#8221;off&#8221; custom_padding=&#8221;38px||0||false|false&#8221;][et_pb_row custom_padding=&#8221;25px|0px|20px|0px|false|false&#8221; _builder_version=&#8221;3.19.18&#8243;][et_pb_column type=&#8221;1_2&#8243;][et_pb_text admin_label=&#8221;Discover Beatuty Title&#8221; _builder_version=&#8221;3.19.18&#8243; text_font=&#8221;||||&#8221; text_text_color=&#8221;#1a1a1a&#8221; header_font=&#8221;Oswald|on||on|&#8221; header_text_align=&#8221;left&#8221; header_font_size=&#8221;60px&#8221; header_line_height=&#8221;1.3em&#8221; header_2_font=&#8221;||||||||&#8221; header_2_font_size=&#8221;25px&#8221; animation_style=&#8221;slide&#8221; animation_direction=&#8221;%22fade_in%22&#8243; animation_duration=&#8221;500ms&#8221; animation_intensity_slide=&#8221;10%&#8221;]<\/p>\n<h2><strong>Auschwitz und Wadowice an einem Tag<\/strong><\/h2>\n<p>[\/et_pb_text][et_pb_text admin_label=&#8221;Discover Beatuty Text&#8221; disabled_on=&#8221;off|off|off%22%22&#8243; _builder_version=&#8221;3.19.18&#8243; text_font=&#8221;Roboto||||&#8221; text_font_size=&#8221;16px&#8221; text_line_height=&#8221;1.9em&#8221; custom_padding=&#8221;|||&#8221; animation_style=&#8221;slide&#8221; animation_direction=&#8221;top&#8221; animation_delay=&#8221;300ms&#8221; animation_intensity_slide=&#8221;10%&#8221;]<\/p>\n<p style=\"text-align: justify;\"><span style=\"color: #000000;\"><strong> Das Auschwitz-Birkenau Museum <\/strong><\/span><\/p>\n<p style=\"text-align: justify;\"><span style=\"color: #000000;\">wurde im Bereich der NS-Konzentrationslager Auschwitz und Auschwitz II Birkenau in O\u015bwi\u0119cim und Brzezinka, 3 km weiter angelegt. Es ist ein schockierender Ort der Erinnerung, der Erinnerung an die Opfer des Zweiten Weltkriegs, die in den Lagern lebten und unmenschlich behandelt wurden, jenseits der Vorstellungskraft. Die Tour dauert ca. 3,5 Stunden. Der Zutritt zum Museum ist nur mit Eintrittskarte m\u00f6glich. Eintrittskarten sind kostenfrei und k\u00f6nnen \u00fcber die offizielle Internetseite des Museums unter www.visit.auschwitz.org f\u00fcr einen konkreten Tag und eine konkrete Uhrzeit reserviert und ausgedruckt werden oder kann man auch die Karten direkt in Auschwitz bekommen (Im Hochsaison l\u00e4ngeren Wartezeit m\u00f6glich).<br \/>\nEinzelbesucher k\u00f6nnen das Museum alleine mit einem gedruckten Museumf\u00fchrer besichtigen. Der Museumf\u00fchrer ist in jedem Buchladen oder Kiosk im Museum zu erwerben (Preis: 25 PLN\/6\u20ac). Alternativ kann man sich einer gef\u00fchrten Tour f\u00fcr Einzelbesucher anschlie\u00dfen. Jeden Tag werden mehrere Touren in verschiedenen Sprachen angeboten (Preis: ca. 60 PLN\/15\u20ac) \u2013 In diesem Fall nehmen Sie Kontakt mit uns auf.<br \/>\nZutritt nur mit Ausweis\/Reisepass m\u00f6glich.<br \/>\n<\/span><\/p>\n<\/p>\n<p style=\"text-align: justify;\"><span style=\"color: #000000;\"><strong>Wadowice &#8211; Johannes Paul II Route <\/strong><\/span><\/p>\n<p style=\"text-align: justify;\"><span style=\"color: #000000;\">Die Heimatstadt von Johannes Paul II kann beim Spaziergang \u00fcber die Karol-Wojtyla-Route besichtigt werden. Der zuk\u00fcnftige Papst ist in einem bescheidenen Mietshaus an der Ko\u015bcielna Stra\u00dfe 7 geboren, wo sich heute das Museum Familienheim des Heiligen Vaters Johannes Paul II befindet. Im Nachbarhaus aus dem 19.Jh. befindet sich der Sitz des St\u00e4dtischen Museums. Die Ko\u015bcielna Stra\u00dfe f\u00fchrt zum Marktplatz von Wadowice, also zum Johannes-Paul-II-Platz. Hieran der Schnittstelle der Stra\u00dfe und des Marktplatzes steht die sp\u00e4tbarocke Mari\u00e4-Darstellung-Basilika aus dem 18.Jh. Die Kirche ist v.a. als der Ort der Taufe von Karol Wojtyla bekannt das gotische Taufbecken kann in der Heilige-Familie-Kapelle besichtigt werden. Gl\u00e4ubige kommen zur Basilika auch wegen dem Gnadenbild Unserer Lieben Frau von der immerw\u00e4hrenden Hilfe. Empfehlenswert ist auch eine Erholungspause in einem der Cafes des Marktplatzes von Wadowice, um eines der \u201eP\u00e4pstlichen Cremet\u00f6rtchen&#8221; zu probieren. In der Gegend sollte man den &#8220;Inwa\u0142d Park&#8221; in Inwald besuchen -eine Freizeitanlage bestehend aus: Park der Miniaturen -Welt der Tr\u00e4ume, Dinoland, Festung Inwa\u0142d, Johannes Paul II-Garten, Mini ZOO\u201eKucyk&#8221;. Besondere Beachtung verdienen auch das Passions- und Mariensanktuarium in Kalwaria Zebrzydowska, das in die UNESCO-Liste historischer Baudenkm\u00e4ler aufgenommen wurde. Die Reisezeit von Krakau nach Wadowice betr\u00e4gt ca. 1 Stunde und 15 Minuten.<\/span><\/p>\n<p>&nbsp;<\/p>\n<p>[\/et_pb_text][\/et_pb_column][et_pb_column type=&#8221;1_2&#8243;][et_pb_blurb title=&#8221;Reisedauer: &#8221; use_icon=&#8221;on&#8221; font_icon=&#8221;%%373%%&#8221; icon_color=&#8221;#00af95&#8243; icon_placement=&#8221;left&#8221; _builder_version=&#8221;3.19.18&#8243; header_font=&#8221;|700|||||||&#8221; body_font=&#8221;||||||||&#8221; body_text_color=&#8221;#000000&#8243; body_font_size=&#8221;16px&#8221;]<\/p>\n<p>bis zu 10 Stunden<\/p>\n<p>[\/et_pb_blurb][et_pb_blurb title=&#8221;Ausflugpreis pro Gruppe: &#8221; use_icon=&#8221;on&#8221; font_icon=&#8221;%%156%%&#8221; icon_color=&#8221;#00af95&#8243; icon_placement=&#8221;left&#8221; _builder_version=&#8221;3.19.18&#8243; header_font=&#8221;|700|||||||&#8221; body_font=&#8221;||||||||&#8221; body_text_color=&#8221;#000000&#8243; body_font_size=&#8221;16px&#8221;]<\/p>\n<ul>\n<li>1-3 Personen    139 \u20ac \/ 560 PLN<\/li>\n<li>4-6 Personen    159 \u20ac \/ 640 PLN<\/li>\n<li>7-8 Personen    169 \u20ac \/ 680 PLN<\/li>\n<\/ul>\n<p>[\/et_pb_blurb][et_pb_blurb title=&#8221;Der Reisepreis enth\u00e4lt:&#8221; use_icon=&#8221;on&#8221; font_icon=&#8221;%%32%%&#8221; icon_color=&#8221;#00af95&#8243; icon_placement=&#8221;left&#8221; _builder_version=&#8221;3.19.18&#8243; header_font=&#8221;|700|||||||&#8221; body_text_color=&#8221;#000000&#8243; body_font_size=&#8221;16px&#8221; custom_margin=&#8221;-20px||&#8221;]<\/p>\n<ul>\n<li>Einen privaten Mini-Van, klimatisiert und komfortabel &#8211; mit einem Fahrer nur f\u00fcr Sie<\/li>\n<li>&#8220;T\u00fcr zu T\u00fcr&#8221; Service: Sie werden abgeholt und direkt zu \/ von Ihrem Hotel \/ ausgew\u00e4hlten Ort in Krakau oder in der N\u00e4he gebracht<\/li>\n<li>Deutschsprachige Unterst\u00fctzung seitens Fahrer<\/li>\n<li>Eine Auswahl erfrischender Getr\u00e4nke im Sommer<\/li>\n<\/ul>\n<p>[\/et_pb_blurb][et_pb_blurb title=&#8221;Zus\u00e4tzliche Kosten&#8221; use_icon=&#8221;on&#8221; font_icon=&#8221;%%162%%&#8221; icon_color=&#8221;#00af95&#8243; icon_placement=&#8221;left&#8221; _builder_version=&#8221;3.19.18&#8243; header_font=&#8221;|700|||||||&#8221; body_font=&#8221;||||||||&#8221; body_text_color=&#8221;#000000&#8243; body_font_size=&#8221;16px&#8221; custom_margin=&#8221;-20px||&#8221;]<\/p>\n<p>Eintritskarten f\u00fcr ausgew\u00e4hlte Sehensw\u00fcrdigkeiten sind nicht im Reisepreis enthalten.<\/p>\n<p>[\/et_pb_blurb][\/et_pb_column][\/et_pb_row][\/et_pb_section][et_pb_section bb_built=&#8221;1&#8243; admin_label=&#8221;Gallery&#8221; prev_background_color=&#8221;#ffffff&#8221; _builder_version=&#8221;3.19.18&#8243; background_image=&#8221;https:\/\/kraktours.com\/wp-content\/uploads\/2019\/03\/tlo-5.jpg&#8221; parallax=&#8221;on&#8221; parallax_method=&#8221;off&#8221; custom_padding=&#8221;0px||0px|&#8221;][et_pb_row make_fullwidth=&#8221;on&#8221; use_custom_gutter=&#8221;on&#8221; gutter_width=&#8221;2&#8243; custom_padding=&#8221;9px|0px|27px|0px|false|false&#8221; _builder_version=&#8221;3.19.18&#8243; border_radii=&#8221;on|20px|20px|20px|20px&#8221;][et_pb_column type=&#8221;4_4&#8243;][et_pb_text admin_label=&#8221;Discover Beatuty Title&#8221; _builder_version=&#8221;3.19.18&#8243; text_font=&#8221;||||&#8221; text_text_color=&#8221;#1a1a1a&#8221; header_font=&#8221;Oswald|on||on|&#8221; header_text_align=&#8221;left&#8221; header_font_size=&#8221;60px&#8221; header_line_height=&#8221;1.3em&#8221; header_2_font=&#8221;||||||||&#8221; header_2_font_size=&#8221;24px&#8221; animation_style=&#8221;slide&#8221; animation_direction=&#8221;%22fade_in%22&#8243; animation_duration=&#8221;500ms&#8221; animation_intensity_slide=&#8221;10%&#8221;]<\/p>\n<h2 style=\"text-align: center;\"><b>Galerie<\/b><\/h2>\n<p><strong><\/strong><\/p>\n<p><strong><\/strong><\/p>\n<p>[\/et_pb_text][et_pb_gallery gallery_ids=&#8221;391,392,393,394,395,396,397,398,399&#8243; show_title_and_caption=&#8221;off&#8221; hover_overlay_color=&#8221;rgba(255,255,255,0.65)&#8221; hover_icon=&#8221;%%32%%&#8221; _builder_version=&#8221;3.19.18&#8243; border_radii_image=&#8221;on|20px|20px|20px|20px&#8221; border_width_all_image=&#8221;5px&#8221; border_color_all_image=&#8221;#05b197&#8243; \/][\/et_pb_column][\/et_pb_row][\/et_pb_section]<\/p>\n","protected":false},"excerpt":{"rendered":"<p>Wadowice &#8211; auf den Spuren von Johannes Paul II Auschwitz und Wadowice an einem Tag Das Auschwitz-Birkenau Museum wurde im Bereich der NS-Konzentrationslager Auschwitz und Auschwitz II Birkenau in O\u015bwi\u0119cim und Brzezinka, 3 km weiter angelegt. Es ist ein schockierender Ort der Erinnerung, der Erinnerung an die Opfer des Zweiten Weltkriegs, die in den Lagern [&hellip;]<\/p>\n","protected":false},"author":1,"featured_media":0,"parent":0,"menu_order":0,"comment_status":"closed","ping_status":"closed","template":"","meta":{"_et_pb_use_builder":"on","_et_pb_old_content":"","_et_gb_content_width":"","footnotes":""},"class_list":["post-850","page","type-page","status-publish","hentry"],"_links":{"self":[{"href":"https:\/\/kraktours.com\/ar\/wp-json\/wp\/v2\/pages\/850","targetHints":{"allow":["GET"]}}],"collection":[{"href":"https:\/\/kraktours.com\/ar\/wp-json\/wp\/v2\/pages"}],"about":[{"href":"https:\/\/kraktours.com\/ar\/wp-json\/wp\/v2\/types\/page"}],"author":[{"embeddable":true,"href":"https:\/\/kraktours.com\/ar\/wp-json\/wp\/v2\/users\/1"}],"replies":[{"embeddable":true,"href":"https:\/\/kraktours.com\/ar\/wp-json\/wp\/v2\/comments?post=850"}],"version-history":[{"count":12,"href":"https:\/\/kraktours.com\/ar\/wp-json\/wp\/v2\/pages\/850\/revisions"}],"predecessor-version":[{"id":1519,"href":"https:\/\/kraktours.com\/ar\/wp-json\/wp\/v2\/pages\/850\/revisions\/1519"}],"wp:attachment":[{"href":"https:\/\/kraktours.com\/ar\/wp-json\/wp\/v2\/media?parent=850"}],"curies":[{"name":"\u062f\u0628\u0644\u064a\u0648 \u0628\u064a","href":"https:\/\/api.w.org\/{rel}","templated":true}]}}